{"id":44172,"date":"2021-02-21T17:02:01","date_gmt":"2021-02-21T17:02:01","guid":{"rendered":"https:\/\/www.autonvaraosahaku.fi\/?product=mahle-original-kx-23d-polttoainesuodatin"},"modified":"2021-02-21T17:02:04","modified_gmt":"2021-02-21T17:02:04","slug":"mahle-original-kx-23d-polttoainesuodatin","status":"publish","type":"product","link":"https:\/\/www.autonvaraosahaku.fi\/?product=mahle-original-kx-23d-polttoainesuodatin","title":{"rendered":"MAHLE ORIGINAL KX 23D Polttoainesuodatin"},"content":{"rendered":"<p>Suodatintyyppi: Suodatinpanos; Korkeus (mm): 70,0; Korkeus 1 (mm): 70,0; L\u00e4pimitta [mm]: 88,0; Ulkol\u00e4pimitta 1 [mm]: 83,8; Sis\u00e4l\u00e4pimitta 1 [mm]: 19,0; L\u00e4pimitta 3 [mm]: 18,0; Valmistaja rajaus: 766; VW: TRANSPORTER III Bus,LT 28-35 I Kasten 281-363,GOLF I 17,JETTA II 19E, 1G2, 165,PASSAT Variant 32B,TRANSPORTER III Kasten,LT 28-35 I Pritsche\/Fahrgestell 281-363,TRANSPORTER III Pritsche\/Fahrgestell,PASSAT 32B,JETTA I 16,PASSAT 32,PASSAT Stufenheck 32B,PASSAT Variant 33,SANTANA 32B; AUDI: 80 81, 85, B2; OPEL: REKORD D,REKORD D Caravan; FORD: FIESTA IV JA_, JB_,MONDEO II Kombi BNP,FIESTA III GFJ,MONDEO II BAP,ESCORT VII GAL, AAL, ABL,MONDEO II Stufenheck BFP,MONDEO I Kombi BNP,MONDEO I GBP,ESCORT VII Kombi GAL, ANL,ESCORT VII Cabriolet ALL,ESCORT VI GAL,SCORPIO II GFR, GGR,ESCORT IV GAF, AWF, ABFT,FIESTA II FBD,TRANSIT Bus V_ _,SCORPIO I GAE, GGE,MONDEO I Stufenheck GBP,ESCORT &#8217;95 Express AVL,ESCORT III GAA,FIESTA Kasten J5_, J3_,SCORPIO II Kombi GNR, GGR,SCORPIO I Stufenheck GGE,TRANSIT Kasten V_ _,TRANSIT Pritsche\/Fahrgestell V_ _,ESCORT V GAL,ESCORT VII Stufenheck GAL, AFL,FIESTA Kasten JV_,TRANSIT Bus 72E, 73E,ESCORT VI Kombi GAL,ESCORT CLASSIC AAL, ABL,ESCORT CLASSIC Turnier ANL,ESCORT VI Stufenheck GAL,FIESTA Kasten F3L, F5L,SCORPIO I Kombi GGE,FIESTA Kasten FVD,ORION II AFF,ESCORT IV Kombi AWF, AVF,ESCORT &#8217;86 Express AVF,ESCORT V Kombi GAL, AVL,ESCORT &#8217;91 Express AVL,ORION III GAL,ESCORT III Kombi AWA,ORION I AFD,P 100 II,ESCORT &#8217;81 Express AVA,Cargo; RENAULT: 4 112_,19 II B\/C53_,SUPER 5 B\/C40_,RAPID Kasten F40_, G40_,19 I B\/C53_,9 L42_,19 II Chamade L53_,ESPACE I J11_,11 B\/C37_,21 Stufenheck L48_,19 I Chamade L53_,MASTER I Kasten T__,11 Kasten S37_,21 Kombi K48_,FUEGO 136_,21 B48_,MASTER I Bus T__,19 II Kasten S53_,TRAFIC Pritsche\/Fahrgestell P6,19 I Kasten S53_,MASTER I Pritsche\/Fahrgestell P__,TRAFIC Pritsche\/Fahrgestell PXX,21 Kasten S48_,SUPER 5 Kasten S40_,EXPRESS Kasten\/Kombi; FIAT: DUCATO Bus 230,DUCATO Kasten 290,DUCATO Pritsche\/Fahrgestell 290,DUCATO Kasten 280,DUCATO Pritsche\/Fahrgestell 280,DUCATO Panorama 280,DUCATO Panorama 290,131,RITMO I 138A,132,CAMPAGNOLA,REGATA 138,ARGENTA 132A,131 Familiare\/Panorama,REGATA Weekend 138,1000,66,88,90,94,F; PEUGEOT: J5 Pritsche\/Fahrgestell 280L,J5 Pritsche\/Fahrgestell 290L,BOXER Kasten 230L,J5 Bus 290P,309 II 3C, 3A,J5 Kasten 290L,J5 Bus 280P,BOXER Bus 230P,BOXER Pritsche\/Fahrgestell ZCT_,504 A_, M_,505 551A,305 II 581M,505 Break 551D,J7 Bus,504 Break D_, F_,504 Pick-up E_,304 _04M_,J7 Kasten,305 II Break 581E,J9 Bus,305 I 581A,J9 Kasten,J9 Pritsche\/Fahrgestell,J7 Pritsche\/Fahrgestell,305 I Break 581D; SEAT: IBIZA I 021A,MALAGA 023A,131,RONDA 022A,RITMO 138; CITRO\u00cbN: JUMPER Kasten 230L,CX I MA,JUMPER Bus 230P,BX Break XB-_,JUMPER Pritsche\/Fahrgestell 230,C15 VD-_,CX I Break MA,C15 Kombi,C35 Kasten,C35 Bus,C35 Pick-up; VOLVO: 440 K 445,460 L 464,F4; 0003899811, 061198552, ND10420201, SE022119900B, 1531637, 6371716, 7371716, 7965190, 7965880, 7984267, 7988149, 2236295, 190632, 1906C9, 32143065, 321430650, 5470709, 5470709D, 9401906138, 95551283, 95575783, 95608917, ND14365, ND14665, PD14365, PD14365A, 0003899811, 061198552, ND10420201, SE022119900B, 0494251, 494251, 0000001901929, 0000004621740, 0000004651986, 0000009939229, 105640406001, 10564040600102, 105640406002, 10564060001, 10564060002, 105640606001, 105640606002, 140600406100, 1901687, 1901929, 1909100, 2513976, 4490296, 4512227, 4561986, 4612227, 4621540, 4621739, 4621740, 4643003, 4651986, 4658986, 4669550, 4669551, 4680444, 5983298, 5983958, 62775368, 70251397, 722165, 726653, 74680444, 9280124, 9401906138, 9819500, 9918114, 9918144, 9918184, 9924318, 9939229, 01789434, 1096950, 1423433, 1423477, 1582261, 1635103, 1700328, 1823491, 2116723, 2701E9150, 2701E9150B, 2701E9155B, 2701E9176B, 2704E9150, 2715E8K096A, 3914074, 5010518, 5020289, 5029459, 6130357, 6130358, 61497&#8230;<\/p>\n","protected":false},"excerpt":{"rendered":"<p>MAHLE ORIGINAL Polttoainesuodatin KX 23D  VW,AUDI,OPEL,TRANSPORTER III Bus,LT 28-35 I Kasten 281-363,GOLF I 17,JETTA II 19E, 1G2, 165<\/p>\n","protected":false},"featured_media":0,"template":"","meta":{"site-sidebar-layout":"default","site-content-layout":"default","ast-global-header-display":"","ast-main-header-display":"","ast-hfb-above-header-display":"","ast-hfb-below-header-display":"","ast-hfb-mobile-header-display":"","site-post-title":"","ast-breadcrumbs-content":"","ast-featured-img":"","footer-sml-layout":"","theme-transparent-header-meta":"","adv-header-id-meta":"","stick-header-meta":"","header-above-stick-meta":"","header-main-stick-meta":"","header-below-stick-meta":""},"pwb-brand":[153],"product_cat":[29],"product_tag":[],"class_list":{"0":"post-44172","1":"product","2":"type-product","3":"status-publish","5":"pwb-brand-mahle-original","6":"product_cat-polttoainesuodatin","7":"desktop-align-left","8":"tablet-align-left","9":"mobile-align-left","11":"first","12":"instock","13":"product-type-external"},"brands":[{"id":153,"name":"MAHLE ORIGINAL","slug":"mahle-original"}],"_links":{"self":[{"href":"https:\/\/www.autonvaraosahaku.fi\/index.php?rest_route=\/wp\/v2\/product\/44172","targetHints":{"allow":["GET"]}}],"collection":[{"href":"https:\/\/www.autonvaraosahaku.fi\/index.php?rest_route=\/wp\/v2\/product"}],"about":[{"href":"https:\/\/www.autonvaraosahaku.fi\/index.php?rest_route=\/wp\/v2\/types\/product"}],"wp:attachment":[{"href":"https:\/\/www.autonvaraosahaku.fi\/index.php?rest_route=%2Fwp%2Fv2%2Fmedia&parent=44172"}],"wp:term":[{"taxonomy":"pwb-brand","embeddable":true,"href":"https:\/\/www.autonvaraosahaku.fi\/index.php?rest_route=%2Fwp%2Fv2%2Fpwb-brand&post=44172"},{"taxonomy":"product_cat","embeddable":true,"href":"https:\/\/www.autonvaraosahaku.fi\/index.php?rest_route=%2Fwp%2Fv2%2Fproduct_cat&post=44172"},{"taxonomy":"product_tag","embeddable":true,"href":"https:\/\/www.autonvaraosahaku.fi\/index.php?rest_route=%2Fwp%2Fv2%2Fproduct_tag&post=44172"}],"curies":[{"name":"wp","href":"https:\/\/api.w.org\/{rel}","templated":true}]}}