{"id":44173,"date":"2021-02-21T17:02:01","date_gmt":"2021-02-21T17:02:01","guid":{"rendered":"https:\/\/www.autonvaraosahaku.fi\/?product=dt-3-34419sp-kiilahihnat"},"modified":"2021-02-21T17:02:04","modified_gmt":"2021-02-21T17:02:04","slug":"dt-3-34419sp-kiilahihnat","status":"publish","type":"product","link":"https:\/\/www.autonvaraosahaku.fi\/?product=dt-3-34419sp-kiilahihnat","title":{"rendered":"DT 3.34419SP Kiilahihnat"},"content":{"rendered":"<p>Paino [g]: 214; Pituus (mm): 1025; Leveys (mm): 13; Hihnojen m\u00e4\u00e4r\u00e4: 2; VW: GOLF II 19E, 1G1,GOLF I Cabriolet 155,SCIROCCO 53B,GOLF I 17,SCIROCCO 53,JETTA I 16; AUDI: 100 44, 44Q, C3,100 Avant 44, 44Q, C3,QUATTRO 85,200 43; MAZDA: 626 IV Hatchback GE,626 IV GE,626 III Station Wagon GV,929 III HC,MPV I LV,929 II Coupe HB,929 II HB,929 II Kombi HV; NISSAN: TERRANO II R20,PATROL GR II Wagon Y61,PICK UP D22,PICK UP D21,SERENA C23M,PATROL GR I Y60, GR,TERRANO I WD21,300 ZX Z31,NP300,BLUEBIRD T72 , T12,TERRANO Van R20,BLUEBIRD Hatchback T72, T12,BLUEBIRD Station Wagon WU11,BLUEBIRD U11,PRAIRIE M10, NM10,VANETTE Kasten C22,URVAN Bus E24,BLUEBIRD 910,BLUEBIRD Traveller W910; SUZUKI: GRAND VITARA I FT,VITARA ET, TA; MERCEDES-BENZ: SL R107,Stufenheck W123,S-CLASS W126,G-CLASS W460,COUPE C123,S-CLASS W116,KOMBI Kombi S123,SL Coupe C107,T1 Pritsche\/Fahrgestell 602,T1 Pritsche\/Fahrgestell 601,T2\/LN1 Kasten\/Kombi,T2\/LN1 Pritsche\/Fahrgestell,T2\/LN1 Kipper,LK\/LN2,MK,NG,OF,OH,UNIMOG; HONDA: PRELUDE III BA; LAND ROVER: 90\/110 DHMC,DISCOVERY I LJ, LG,RANGE ROVER I AE, AN, HAA, HAB, HAM, HBM, RE, RN; SUBARU: LEONE II Station Wagon; LANCIA: THEMA 834,DELTA II 836,DEDRA 835,DEDRA SW 835,THEMA SW 834; 04732574, 4732574, 06580430222, 06580432222, 06580722221, 06580722222, 06580732222, 87680900222, 0079971692, 0099976892, 0099976972, 0099976992, 3769970592<\/p>\n","protected":false},"excerpt":{"rendered":"<p>DT Kiilahihnasarja 3.34419SP  VW,AUDI,MAZDA,GOLF II 19E, 1G1,GOLF I Cabriolet 155,SCIROCCO 53B,GOLF I 17,SCIROCCO 53,JETTA I 16,100 44, 44Q, C3<\/p>\n","protected":false},"featured_media":0,"template":"","meta":{"site-sidebar-layout":"default","site-content-layout":"default","ast-global-header-display":"","ast-main-header-display":"","ast-hfb-above-header-display":"","ast-hfb-below-header-display":"","ast-hfb-mobile-header-display":"","site-post-title":"","ast-breadcrumbs-content":"","ast-featured-img":"","footer-sml-layout":"","theme-transparent-header-meta":"","adv-header-id-meta":"","stick-header-meta":"","header-above-stick-meta":"","header-main-stick-meta":"","header-below-stick-meta":""},"pwb-brand":[75],"product_cat":[222],"product_tag":[],"class_list":{"0":"post-44173","1":"product","2":"type-product","3":"status-publish","5":"pwb-brand-dt","6":"product_cat-kiilahihnat","7":"desktop-align-left","8":"tablet-align-left","9":"mobile-align-left","11":"first","12":"instock","13":"product-type-external"},"brands":[{"id":75,"name":"DT","slug":"dt"}],"_links":{"self":[{"href":"https:\/\/www.autonvaraosahaku.fi\/index.php?rest_route=\/wp\/v2\/product\/44173","targetHints":{"allow":["GET"]}}],"collection":[{"href":"https:\/\/www.autonvaraosahaku.fi\/index.php?rest_route=\/wp\/v2\/product"}],"about":[{"href":"https:\/\/www.autonvaraosahaku.fi\/index.php?rest_route=\/wp\/v2\/types\/product"}],"wp:attachment":[{"href":"https:\/\/www.autonvaraosahaku.fi\/index.php?rest_route=%2Fwp%2Fv2%2Fmedia&parent=44173"}],"wp:term":[{"taxonomy":"pwb-brand","embeddable":true,"href":"https:\/\/www.autonvaraosahaku.fi\/index.php?rest_route=%2Fwp%2Fv2%2Fpwb-brand&post=44173"},{"taxonomy":"product_cat","embeddable":true,"href":"https:\/\/www.autonvaraosahaku.fi\/index.php?rest_route=%2Fwp%2Fv2%2Fproduct_cat&post=44173"},{"taxonomy":"product_tag","embeddable":true,"href":"https:\/\/www.autonvaraosahaku.fi\/index.php?rest_route=%2Fwp%2Fv2%2Fproduct_tag&post=44173"}],"curies":[{"name":"wp","href":"https:\/\/api.w.org\/{rel}","templated":true}]}}