{"id":44205,"date":"2021-02-21T17:02:12","date_gmt":"2021-02-21T17:02:12","guid":{"rendered":"https:\/\/www.autonvaraosahaku.fi\/?product=era-440313-kytkin-ohjausakseli"},"modified":"2021-02-21T17:02:13","modified_gmt":"2021-02-21T17:02:13","slug":"era-440313-kytkin-ohjausakseli","status":"publish","type":"product","link":"https:\/\/www.autonvaraosahaku.fi\/?product=era-440313-kytkin-ohjausakseli","title":{"rendered":"ERA 440313 Kytkin ohjausakseli"},"content":{"rendered":"<p>Paino [kg]: 0,525; Liittimi\u00e4: 18; Yhdistelm\u00e4kytkintoiminto: valonpesulla, Vilkkutoiminta, Valonvaihtajalla, Takaikkunan huuhtelutoiminnolla, Sumutakavalotoiminnolla, Kaukovalotoiminnolla, Aikav\u00e4li-pyyhint\u00e4; Versio: VALEO; Turvatyyny: Kuljettajaturvatyyny; CITRO\u00cbN: BERLINGO MF,BERLINGO Kasten M_; PEUGEOT: 206 Schr\u00e4gheck 2A\/C,206 SW 2E\/K,PARTNER Combispace 5F,PARTNER Kasten 5,PARTNER Kasten,206 Stufenheck,206 Van; 6239JS, 6239Q3, 6239WQ, 6242F2, 96446862XT, 96446862ZL, 96509717XT, 96530926XT, 96574407XT, 96605910XT, 6239JS, 6239Q3, 6239WQ, 6242F2, 96446862XT, 96446862ZL, 96509717XT, 96530926XT, 96574407XT, 96605910XT<\/p>\n","protected":false},"excerpt":{"rendered":"<p>ERA Kytkin Ohjausakseli OEM 440313  CITRO\u00cbN,PEUGEOT,BERLINGO MF,BERLINGO Kasten M_,206 Schr\u00e4gheck 2A\/C,206 SW 2E\/K,PARTNER Combispace 5F<\/p>\n","protected":false},"featured_media":0,"template":"","meta":{"site-sidebar-layout":"default","site-content-layout":"default","ast-global-header-display":"","ast-main-header-display":"","ast-hfb-above-header-display":"","ast-hfb-below-header-display":"","ast-hfb-mobile-header-display":"","site-post-title":"","ast-breadcrumbs-content":"","ast-featured-img":"","footer-sml-layout":"","theme-transparent-header-meta":"","adv-header-id-meta":"","stick-header-meta":"","header-above-stick-meta":"","header-main-stick-meta":"","header-below-stick-meta":""},"pwb-brand":[64],"product_cat":[65],"product_tag":[],"class_list":{"0":"post-44205","1":"product","2":"type-product","3":"status-publish","5":"pwb-brand-era","6":"product_cat-kytkin-ohjausakseli","7":"desktop-align-left","8":"tablet-align-left","9":"mobile-align-left","11":"first","12":"instock","13":"product-type-external"},"brands":[{"id":64,"name":"ERA","slug":"era"}],"_links":{"self":[{"href":"https:\/\/www.autonvaraosahaku.fi\/index.php?rest_route=\/wp\/v2\/product\/44205","targetHints":{"allow":["GET"]}}],"collection":[{"href":"https:\/\/www.autonvaraosahaku.fi\/index.php?rest_route=\/wp\/v2\/product"}],"about":[{"href":"https:\/\/www.autonvaraosahaku.fi\/index.php?rest_route=\/wp\/v2\/types\/product"}],"wp:attachment":[{"href":"https:\/\/www.autonvaraosahaku.fi\/index.php?rest_route=%2Fwp%2Fv2%2Fmedia&parent=44205"}],"wp:term":[{"taxonomy":"pwb-brand","embeddable":true,"href":"https:\/\/www.autonvaraosahaku.fi\/index.php?rest_route=%2Fwp%2Fv2%2Fpwb-brand&post=44205"},{"taxonomy":"product_cat","embeddable":true,"href":"https:\/\/www.autonvaraosahaku.fi\/index.php?rest_route=%2Fwp%2Fv2%2Fproduct_cat&post=44205"},{"taxonomy":"product_tag","embeddable":true,"href":"https:\/\/www.autonvaraosahaku.fi\/index.php?rest_route=%2Fwp%2Fv2%2Fproduct_tag&post=44205"}],"curies":[{"name":"wp","href":"https:\/\/api.w.org\/{rel}","templated":true}]}}