{"id":44211,"date":"2021-02-21T17:02:12","date_gmt":"2021-02-21T17:02:12","guid":{"rendered":"https:\/\/www.autonvaraosahaku.fi\/?product=trw-gdb3549-jarrupalat"},"modified":"2021-02-21T17:02:14","modified_gmt":"2021-02-21T17:02:14","slug":"trw-gdb3549-jarrupalat","status":"publish","type":"product","link":"https:\/\/www.autonvaraosahaku.fi\/?product=trw-gdb3549-jarrupalat","title":{"rendered":"TRW GDB3549 Jarrupalat"},"content":{"rendered":"<p>Pituus (mm): 132,8; Korkeus (mm): 60,0; Paksuus [mm]: 17,7; Kulumisenilmaisimen liitos: akustisella kulumavaroittimella; Tarkistuskilpi: E1190R-02A0918\/15685; M\u00e4\u00e4r\u00e4yksikk\u00f6: Akselisarja; Tuotelinja: COTEC; Asennuspuoli: Vorderachse; HYUNDAI: i30 GD,i30 CW GD,i30 Coupe,VELOSTER FS,ELANTRA Stufenheck MD, UD; KIA: SORENTO II XM,CEE&#8217;D JD,CEE`D Sportswagon JD,CARENS IV,PRO CEE\u00b4D JD,CERATO KOUP TD,CERATO YD Stufenheck; 581012VA60, 581013XA00, 58101A6A00, 58101A6A01, 58101A6A02, 581011UA00, 58101A4A11, 58101A6A00, 58101A6A01, 58101A6A02, 58101A7A00; Jarrupalasarja,Jarrupala, Levyjarru<\/p>\n","protected":false},"excerpt":{"rendered":"<p>TRW Jarrupalat GDB3549 Jarrupalasarja,Jarrupala, Levyjarru HYUNDAI,KIA,i30 GD,i30 CW GD,i30 Coupe,VELOSTER FS,ELANTRA Stufenheck MD, UD,SORENTO II XM<\/p>\n","protected":false},"featured_media":0,"template":"","meta":{"site-sidebar-layout":"default","site-content-layout":"default","ast-global-header-display":"","ast-main-header-display":"","ast-hfb-above-header-display":"","ast-hfb-below-header-display":"","ast-hfb-mobile-header-display":"","site-post-title":"","ast-breadcrumbs-content":"","ast-featured-img":"","footer-sml-layout":"","theme-transparent-header-meta":"","adv-header-id-meta":"","stick-header-meta":"","header-above-stick-meta":"","header-main-stick-meta":"","header-below-stick-meta":""},"pwb-brand":[332],"product_cat":[100],"product_tag":[],"class_list":{"0":"post-44211","1":"product","2":"type-product","3":"status-publish","5":"pwb-brand-trw","6":"product_cat-jarrupalat","7":"desktop-align-left","8":"tablet-align-left","9":"mobile-align-left","11":"first","12":"instock","13":"product-type-external"},"brands":[{"id":332,"name":"TRW","slug":"trw"}],"_links":{"self":[{"href":"https:\/\/www.autonvaraosahaku.fi\/index.php?rest_route=\/wp\/v2\/product\/44211","targetHints":{"allow":["GET"]}}],"collection":[{"href":"https:\/\/www.autonvaraosahaku.fi\/index.php?rest_route=\/wp\/v2\/product"}],"about":[{"href":"https:\/\/www.autonvaraosahaku.fi\/index.php?rest_route=\/wp\/v2\/types\/product"}],"wp:attachment":[{"href":"https:\/\/www.autonvaraosahaku.fi\/index.php?rest_route=%2Fwp%2Fv2%2Fmedia&parent=44211"}],"wp:term":[{"taxonomy":"pwb-brand","embeddable":true,"href":"https:\/\/www.autonvaraosahaku.fi\/index.php?rest_route=%2Fwp%2Fv2%2Fpwb-brand&post=44211"},{"taxonomy":"product_cat","embeddable":true,"href":"https:\/\/www.autonvaraosahaku.fi\/index.php?rest_route=%2Fwp%2Fv2%2Fproduct_cat&post=44211"},{"taxonomy":"product_tag","embeddable":true,"href":"https:\/\/www.autonvaraosahaku.fi\/index.php?rest_route=%2Fwp%2Fv2%2Fproduct_tag&post=44211"}],"curies":[{"name":"wp","href":"https:\/\/api.w.org\/{rel}","templated":true}]}}