{"id":44231,"date":"2021-02-21T17:02:17","date_gmt":"2021-02-21T17:02:17","guid":{"rendered":"https:\/\/www.autonvaraosahaku.fi\/?product=jp-group-1296600100-peruutusvalon-kytkin"},"modified":"2021-02-21T17:02:20","modified_gmt":"2021-02-21T17:02:20","slug":"jp-group-1296600100-peruutusvalon-kytkin","status":"publish","type":"product","link":"https:\/\/www.autonvaraosahaku.fi\/?product=jp-group-1296600100-peruutusvalon-kytkin","title":{"rendered":"JP GROUP 1296600100 Peruutusvalon kytkin"},"content":{"rendered":"<p>Yhdistelm\u00e4kytkintoiminto: jousipalautuksella; Kierremitta: M12x1,5; Napojen m\u00e4\u00e4r\u00e4: 2; Alustanumerosta: K4000001; CHEVROLET: NUBIRA Kombi,KALOS,AVEO Schr\u00e4gheck T250, T255,EPICA KL1_,LACETTI J200,AVEO Stufenheck T250, T255,KALOS Stufenheck,EVANDA,NUBIRA Stufenheck; DAEWOO: LANOS KLAT,LANOS Stufenheck KLAT,LEGANZA KLAV,NEXIA KLETN,ESPERO KLEJ,NEXIA Stufenheck KLETN; SAAB: 9-3 YS3D,9-3 Cabriolet YS3D,9000 Schr\u00e4gheck,900 II Cabriolet,900 II,9000,900 II Coupe; ROVER: 75 RJ,75 Tourer RJ; OPEL: CORSA C F08, F68,ZAFIRA B A05,MERIVA,ZAFIRA A F75_,ASTRA G CC F48_, F08_,ASTRA G Caravan F35_,CORSA B 73_, 78_, 79_,AGILA A H00,VECTRA B 36_,ASTRA F CC 53_, 54_, 58_, 59_,TIGRA TwinTop,VECTRA B Caravan 31_,ASTRA G Cabriolet F67,ASTRA F Caravan 51_, 52_,ASTRA G Coupe F07_,ASTRA G Stufenheck F69_,CALIBRA A 85_,VECTRA B CC 38_,AGILA B H08,VECTRA A 86_, 87_,ASTRA F Cabriolet 53_B,ASTRA F 56_, 57_,KADETT E CC 33_, 34_, 43_, 44_,SINTRA,TIGRA 95_,CORSA A CC 93_, 94_, 98_, 99_,CORSA C Kasten F08, W5L,VECTRA A CC 88_, 89_,KADETT E Cabriolet 43B_,ASTRA F CLASSIC CC,CORSA A TR 91_, 92_, 96_, 97_,SPEEDSTER,ASTRA F CLASSIC Stufenheck,ASTRA F CLASSIC Caravan,KADETT E 39_, 49_,CORSA B Kasten 73_,ASTRA G Kasten F70,KADETT E Caravan 35_, 36_, 45_, 46_,CORSA B Kombi F35,ASTRA F Van 55_,CORSA A Kasten,KADETT E Combo 38_, 48_; MINI: MINI R50, R53,MINI Cabriolet R52; PORSCHE: 911 996,911 Cabriolet 996; 71739582, 71739582, 71745445, 71739582, 71745445, 1482377, 23117518648, 23117527716, 23141482377, 7518648, 7527716, 1239266, 1239271, 4232666, 4617668, 99660610301, UMB100090, 3761084E00000; Peruutusvalokytkin,Kytkin, Peruutusvalo<\/p>\n","protected":false},"excerpt":{"rendered":"<p>JP GROUP Peruutusvalon Kytkin JP Group 1296600100 Peruutusvalokytkin,Kytkin, Peruutusvalo CHEVROLET,DAEWOO,SAAB,NUBIRA Kombi,KALOS<\/p>\n","protected":false},"featured_media":0,"template":"","meta":{"site-sidebar-layout":"default","site-content-layout":"default","ast-global-header-display":"","ast-main-header-display":"","ast-hfb-above-header-display":"","ast-hfb-below-header-display":"","ast-hfb-mobile-header-display":"","site-post-title":"","ast-breadcrumbs-content":"","ast-featured-img":"","footer-sml-layout":"","theme-transparent-header-meta":"","adv-header-id-meta":"","stick-header-meta":"","header-above-stick-meta":"","header-main-stick-meta":"","header-below-stick-meta":""},"pwb-brand":[131],"product_cat":[116],"product_tag":[],"class_list":{"0":"post-44231","1":"product","2":"type-product","3":"status-publish","5":"pwb-brand-jp-group","6":"product_cat-peruutusvalon-kytkin","7":"desktop-align-left","8":"tablet-align-left","9":"mobile-align-left","11":"first","12":"instock","13":"product-type-external"},"brands":[{"id":131,"name":"JP GROUP","slug":"jp-group"}],"_links":{"self":[{"href":"https:\/\/www.autonvaraosahaku.fi\/index.php?rest_route=\/wp\/v2\/product\/44231","targetHints":{"allow":["GET"]}}],"collection":[{"href":"https:\/\/www.autonvaraosahaku.fi\/index.php?rest_route=\/wp\/v2\/product"}],"about":[{"href":"https:\/\/www.autonvaraosahaku.fi\/index.php?rest_route=\/wp\/v2\/types\/product"}],"wp:attachment":[{"href":"https:\/\/www.autonvaraosahaku.fi\/index.php?rest_route=%2Fwp%2Fv2%2Fmedia&parent=44231"}],"wp:term":[{"taxonomy":"pwb-brand","embeddable":true,"href":"https:\/\/www.autonvaraosahaku.fi\/index.php?rest_route=%2Fwp%2Fv2%2Fpwb-brand&post=44231"},{"taxonomy":"product_cat","embeddable":true,"href":"https:\/\/www.autonvaraosahaku.fi\/index.php?rest_route=%2Fwp%2Fv2%2Fproduct_cat&post=44231"},{"taxonomy":"product_tag","embeddable":true,"href":"https:\/\/www.autonvaraosahaku.fi\/index.php?rest_route=%2Fwp%2Fv2%2Fproduct_tag&post=44231"}],"curies":[{"name":"wp","href":"https:\/\/api.w.org\/{rel}","templated":true}]}}