{"id":44262,"date":"2021-02-21T17:02:28","date_gmt":"2021-02-21T17:02:28","guid":{"rendered":"https:\/\/www.autonvaraosahaku.fi\/?product=elring-505-740-kampiakselin-tiiviste"},"modified":"2021-02-21T17:02:29","modified_gmt":"2021-02-21T17:02:29","slug":"elring-505-740-kampiakselin-tiiviste","status":"publish","type":"product","link":"https:\/\/www.autonvaraosahaku.fi\/?product=elring-505-740-kampiakselin-tiiviste","title":{"rendered":"ELRING 505.740 Kampiakselin tiiviste"},"content":{"rendered":"<p>Sis\u00e4l\u00e4pimitta [mm]: 42; Ulkol\u00e4pimitta [mm]: 66; Korkeus (mm): 6; Akselitiivisteen malli: ASW; Rihlamalli: Oikea kierre; Materiaali: FPM (fluori-kumi)\/APM (polyakryyli-kumi); Suojavaippa: Suojakumilla; Asennuspuoli: stirnseitig; NISSAN: MICRA II K11; ROVER: 100 \/ METRO XP; FIAT: QUBO 225,FIORINO Kasten\/Kombi 225; CITRO\u00cbN: BERLINGO MF,XSARA PICASSO N68,C2 JM_,C3 I FC_,BERLINGO B9,C4 I LC_,SAXO S0, S1,BERLINGO Kasten M_,C3 Picasso,C3 II,XSARA N1,C4 Coupe LA_,C3 Pluriel HB_,C4 II B7,XSARA Break N2,BERLINGO Kasten B9,XSARA Coupe N0,AX ZA-_,NEMO Kasten AA_,C4 Stufenheck L,ZX N2,BX XB-_,C4 AIRCROSS,NEMO Kombi,ZX Break N2,C2 ENTERPRISE,BX Break XB-_,C15 VD-_,C15 Kombi,XSARA Kasten,SAXO Hatchback van S3_,XSARA Kasten\/Schr\u00e4gheck,C3 AIRCROSS; PEUGEOT: 206 Schr\u00e4gheck 2A\/C,206 CC 2D,207 WA_, WC_,307 SW 3H,307 CC 3B,307 3A\/C,207 SW WK_,308 SW,206 SW 2E\/K,208,106 II 1,206+ T3E,308 4A_, 4C_,307 Break 3E,306 Schr\u00e4gheck 7A, 7C, N3, N5,306 Cabriolet 7D, N3, N5,PARTNER Tepee,1007 KM_,PARTNER Combispace 5F,106 I 1A, 1C,205 II 20A\/C,PARTNER Kasten 5,306 Break 7E, N3, N5,306 7B, N3, N5,205 I Cabriolet 741B, 20D,307 Stufenheck,PARTNER Kasten,207 Stufenheck,206 Stufenheck,BIPPER AA_,309 II 3C, 3A,BIPPER Tepee,405 I 15B,206 Van,405 II 4B,106 Van 1_,309 I 10C, 10A,306 Van N_, 7_,405 II Break 4E,405 I Break 15E,205 Kasten,207 Van,306 Kasten\/Schr\u00e4gheck; 051472, 9622461680, 135106F900, 051472, 9622461680; Akselitiiviste, Kampiakseli<\/p>\n","protected":false},"excerpt":{"rendered":"<p>ELRING Kampiakselin Tiiviste 505.740 Akselitiiviste, Kampiakseli NISSAN,ROVER,FIAT,MICRA II K11,100 \/ METRO XP,QUBO 225,FIORINO Kasten\/Kombi 225<\/p>\n","protected":false},"featured_media":0,"template":"","meta":{"site-sidebar-layout":"default","site-content-layout":"default","ast-global-header-display":"","ast-main-header-display":"","ast-hfb-above-header-display":"","ast-hfb-below-header-display":"","ast-hfb-mobile-header-display":"","site-post-title":"","ast-breadcrumbs-content":"","ast-featured-img":"","footer-sml-layout":"","theme-transparent-header-meta":"","adv-header-id-meta":"","stick-header-meta":"","header-above-stick-meta":"","header-main-stick-meta":"","header-below-stick-meta":""},"pwb-brand":[26],"product_cat":[88],"product_tag":[],"class_list":{"0":"post-44262","1":"product","2":"type-product","3":"status-publish","5":"pwb-brand-elring","6":"product_cat-kampiakselin-tiiviste","7":"desktop-align-left","8":"tablet-align-left","9":"mobile-align-left","11":"first","12":"instock","13":"product-type-external"},"brands":[{"id":26,"name":"ELRING","slug":"elring"}],"_links":{"self":[{"href":"https:\/\/www.autonvaraosahaku.fi\/index.php?rest_route=\/wp\/v2\/product\/44262","targetHints":{"allow":["GET"]}}],"collection":[{"href":"https:\/\/www.autonvaraosahaku.fi\/index.php?rest_route=\/wp\/v2\/product"}],"about":[{"href":"https:\/\/www.autonvaraosahaku.fi\/index.php?rest_route=\/wp\/v2\/types\/product"}],"wp:attachment":[{"href":"https:\/\/www.autonvaraosahaku.fi\/index.php?rest_route=%2Fwp%2Fv2%2Fmedia&parent=44262"}],"wp:term":[{"taxonomy":"pwb-brand","embeddable":true,"href":"https:\/\/www.autonvaraosahaku.fi\/index.php?rest_route=%2Fwp%2Fv2%2Fpwb-brand&post=44262"},{"taxonomy":"product_cat","embeddable":true,"href":"https:\/\/www.autonvaraosahaku.fi\/index.php?rest_route=%2Fwp%2Fv2%2Fproduct_cat&post=44262"},{"taxonomy":"product_tag","embeddable":true,"href":"https:\/\/www.autonvaraosahaku.fi\/index.php?rest_route=%2Fwp%2Fv2%2Fproduct_tag&post=44262"}],"curies":[{"name":"wp","href":"https:\/\/api.w.org\/{rel}","templated":true}]}}