{"id":44263,"date":"2021-02-21T17:02:28","date_gmt":"2021-02-21T17:02:28","guid":{"rendered":"https:\/\/www.autonvaraosahaku.fi\/?product=ate-03-7760-8103-4-jarrutehostin"},"modified":"2021-02-21T17:02:29","modified_gmt":"2021-02-21T17:02:29","slug":"ate-03-7760-8103-4-jarrutehostin","status":"publish","type":"product","link":"https:\/\/www.autonvaraosahaku.fi\/?product=ate-03-7760-8103-4-jarrutehostin","title":{"rendered":"ATE 03.7760-8103.4 Jarrutehostin"},"content":{"rendered":"<p>Tunnusluku: T52; L\u00e4pimitta [Zoll]: 10; K\u00e4ytt\u00f6: Pneumaattinen; Jarruj\u00e4rjestelm\u00e4: ATE; Valmistusvuosi alkaen: 10\/2004; FORD: FOCUS II Kombi DA_,FOCUS II DA_,FOCUS C-MAX,FOCUS II Stufenheck DA_,FOCUS II Cabriolet; 1324221, 1347369, 1441179, 1456986, 1477814, 3M512005DB, 3M512005DC, 3M512005DD, 6M512005BA, 6M512005BB<\/p>\n","protected":false},"excerpt":{"rendered":"<p>ATE Jarrutehostin 03.7760-8103.4  FORD,FOCUS II Kombi DA_,FOCUS II DA_,FOCUS C-MAX,FOCUS II Stufenheck DA_,FOCUS II Cabriolet<\/p>\n","protected":false},"featured_media":0,"template":"","meta":{"site-sidebar-layout":"default","site-content-layout":"default","ast-global-header-display":"","ast-main-header-display":"","ast-hfb-above-header-display":"","ast-hfb-below-header-display":"","ast-hfb-mobile-header-display":"","site-post-title":"","ast-breadcrumbs-content":"","ast-featured-img":"","footer-sml-layout":"","theme-transparent-header-meta":"","adv-header-id-meta":"","stick-header-meta":"","header-above-stick-meta":"","header-main-stick-meta":"","header-below-stick-meta":""},"pwb-brand":[108],"product_cat":[510],"product_tag":[],"class_list":{"0":"post-44263","1":"product","2":"type-product","3":"status-publish","5":"pwb-brand-ate","6":"product_cat-jarrutehostin","7":"desktop-align-left","8":"tablet-align-left","9":"mobile-align-left","11":"first","12":"instock","13":"product-type-external"},"brands":[{"id":108,"name":"ATE","slug":"ate"}],"_links":{"self":[{"href":"https:\/\/www.autonvaraosahaku.fi\/index.php?rest_route=\/wp\/v2\/product\/44263","targetHints":{"allow":["GET"]}}],"collection":[{"href":"https:\/\/www.autonvaraosahaku.fi\/index.php?rest_route=\/wp\/v2\/product"}],"about":[{"href":"https:\/\/www.autonvaraosahaku.fi\/index.php?rest_route=\/wp\/v2\/types\/product"}],"wp:attachment":[{"href":"https:\/\/www.autonvaraosahaku.fi\/index.php?rest_route=%2Fwp%2Fv2%2Fmedia&parent=44263"}],"wp:term":[{"taxonomy":"pwb-brand","embeddable":true,"href":"https:\/\/www.autonvaraosahaku.fi\/index.php?rest_route=%2Fwp%2Fv2%2Fpwb-brand&post=44263"},{"taxonomy":"product_cat","embeddable":true,"href":"https:\/\/www.autonvaraosahaku.fi\/index.php?rest_route=%2Fwp%2Fv2%2Fproduct_cat&post=44263"},{"taxonomy":"product_tag","embeddable":true,"href":"https:\/\/www.autonvaraosahaku.fi\/index.php?rest_route=%2Fwp%2Fv2%2Fproduct_tag&post=44263"}],"curies":[{"name":"wp","href":"https:\/\/api.w.org\/{rel}","templated":true}]}}