{"id":44294,"date":"2021-02-21T17:02:34","date_gmt":"2021-02-21T17:02:34","guid":{"rendered":"https:\/\/www.autonvaraosahaku.fi\/?product=beru-zse009-sytytyspuola"},"modified":"2021-02-21T17:02:37","modified_gmt":"2021-02-21T17:02:37","slug":"beru-zse009-sytytyspuola","status":"publish","type":"product","link":"https:\/\/www.autonvaraosahaku.fi\/?product=beru-zse009-sytytyspuola","title":{"rendered":"BERU ZSE009 Sytytyspuola"},"content":{"rendered":"<p>Liittimet: SAE-Kontaktfeder, Spark Spring; Sytytyspuola: Liit\u00e4nt\u00e4 SAE, Sytytystulppakoskettimella; Liittimi\u00e4: 1; J\u00e4nnite (V): 12; Napojen m\u00e4\u00e4r\u00e4: 4; TECDOC-moottorinumero: 11593; VW: SHARAN 7M8, 7M9, 7M6,NEW BEETLE 9C1, 1C1; AUDI: A3 8L1,A6 Avant 4B5, C5,A6 4B2, C5,TT 8N3,A8 4D2, 4D8; SKODA: OCTAVIA Combi 1U5,OCTAVIA 1U2; SEAT: LEON 1M1,ALHAMBRA 7V8, 7V9,IBIZA II 6K1,TOLEDO II 1M2,CORDOBA 6K1, 6K2; 06B905115, 06B905115B, 06B905115E, 06B905115B, 06B905115E, 06B905115B, 06B905115E, 06B905115B, 06B905115E<\/p>\n","protected":false},"excerpt":{"rendered":"<p>BERU Sytytyspuola ZSE009  VW,AUDI,SKODA,SHARAN 7M8, 7M9, 7M6,NEW BEETLE 9C1, 1C1,A3 8L1,A6 Avant 4B5, C5,A6 4B2, C5,TT 8N3,A8 4D2, 4D8<\/p>\n","protected":false},"featured_media":0,"template":"","meta":{"site-sidebar-layout":"default","site-content-layout":"default","ast-global-header-display":"","ast-main-header-display":"","ast-hfb-above-header-display":"","ast-hfb-below-header-display":"","ast-hfb-mobile-header-display":"","site-post-title":"","ast-breadcrumbs-content":"","ast-featured-img":"","footer-sml-layout":"","theme-transparent-header-meta":"","adv-header-id-meta":"","stick-header-meta":"","header-above-stick-meta":"","header-main-stick-meta":"","header-below-stick-meta":""},"pwb-brand":[327],"product_cat":[25],"product_tag":[],"class_list":{"0":"post-44294","1":"product","2":"type-product","3":"status-publish","5":"pwb-brand-beru","6":"product_cat-sytytyspuola","7":"desktop-align-left","8":"tablet-align-left","9":"mobile-align-left","11":"first","12":"instock","13":"product-type-external"},"brands":[{"id":327,"name":"BERU","slug":"beru"}],"_links":{"self":[{"href":"https:\/\/www.autonvaraosahaku.fi\/index.php?rest_route=\/wp\/v2\/product\/44294","targetHints":{"allow":["GET"]}}],"collection":[{"href":"https:\/\/www.autonvaraosahaku.fi\/index.php?rest_route=\/wp\/v2\/product"}],"about":[{"href":"https:\/\/www.autonvaraosahaku.fi\/index.php?rest_route=\/wp\/v2\/types\/product"}],"wp:attachment":[{"href":"https:\/\/www.autonvaraosahaku.fi\/index.php?rest_route=%2Fwp%2Fv2%2Fmedia&parent=44294"}],"wp:term":[{"taxonomy":"pwb-brand","embeddable":true,"href":"https:\/\/www.autonvaraosahaku.fi\/index.php?rest_route=%2Fwp%2Fv2%2Fpwb-brand&post=44294"},{"taxonomy":"product_cat","embeddable":true,"href":"https:\/\/www.autonvaraosahaku.fi\/index.php?rest_route=%2Fwp%2Fv2%2Fproduct_cat&post=44294"},{"taxonomy":"product_tag","embeddable":true,"href":"https:\/\/www.autonvaraosahaku.fi\/index.php?rest_route=%2Fwp%2Fv2%2Fproduct_tag&post=44294"}],"curies":[{"name":"wp","href":"https:\/\/api.w.org\/{rel}","templated":true}]}}