{"id":44305,"date":"2021-02-21T17:02:39","date_gmt":"2021-02-21T17:02:39","guid":{"rendered":"https:\/\/www.autonvaraosahaku.fi\/?product=vaico-v10-80071-jarrulevyt"},"modified":"2021-02-21T17:02:40","modified_gmt":"2021-02-21T17:02:40","slug":"vaico-v10-80071-jarrulevyt","status":"publish","type":"product","link":"https:\/\/www.autonvaraosahaku.fi\/?product=vaico-v10-80071-jarrulevyt","title":{"rendered":"VAICO V10-80071 Jarrulevyt"},"content":{"rendered":"<p>Jarrulevyn navan korkeus [mm]: 9,3; Asennuspuoli: Etuakseli; Vanne, aukkoja: 5; Korkeus (mm): 34,5; Jarrulevytyyppi: Tuuletettu; Jarrulevyn paksuus (mm): 25; V\u00e4himm\u00e4ispaksuus (mm): 22; Ulkol\u00e4pimitta [mm]: 310; keskitt\u00e4misl\u00e4pimitta [mm]: 65, 65; Reik\u00e4ympyr\u00e4-\u00d8 [mm]: 100; Pakkausleveys [cm]: 32, 32; Pakkauskorkeus [mm]: 7, 7; Pakkaussyvyys [cm]: 32, 32; Paino [kg]: 8,296; lis\u00e4tieto: CST99; PR-numerolle: 1ZR\/1ZS; VW: GOLF IV 1J1,POLO 9N_,POLO 6R, 6C,GOLF IV Variant 1J5,BORA 1J2,NEW BEETLE 9C1, 1C1,BORA Kombi 1J6,POLO Stufenheck 9A4,BORA,GOLF IV Van 1J1; AUDI: A3 8L1,TT 8N3,A1 8X1, 8XF,TT Roadster 8N9,A1 Sportback 8XA, 8XK; SKODA: OCTAVIA Combi 1U5,OCTAVIA 1U2; SEAT: IBIZA IV 6L1,IBIZA V 6J5, 6P5,LEON 1M1,IBIZA V ST 6J8, 6P8,TOLEDO II 1M2,IBIZA V SPORTCOUPE 6J1, 6P1; 8L0615301, 8N0615301A, JZW615301G, 8L0615301, 8N0615301A, JZW615301G, 8L0615301, 8N0615301A, JZW615301G, 8L0615301, 8N0615301A, JZW615301G; Jarrulevy<\/p>\n","protected":false},"excerpt":{"rendered":"<p>VAICO Jarrulevyt V10-80071 Jarrulevy VW,AUDI,SKODA,GOLF IV 1J1,POLO 9N_,POLO 6R, 6C,GOLF IV Variant 1J5,BORA 1J2,NEW BEETLE 9C1, 1C1,BORA Kombi 1J6<\/p>\n","protected":false},"featured_media":0,"template":"","meta":{"site-sidebar-layout":"default","site-content-layout":"default","ast-global-header-display":"","ast-main-header-display":"","ast-hfb-above-header-display":"","ast-hfb-below-header-display":"","ast-hfb-mobile-header-display":"","site-post-title":"","ast-breadcrumbs-content":"","ast-featured-img":"","footer-sml-layout":"","theme-transparent-header-meta":"","adv-header-id-meta":"","stick-header-meta":"","header-above-stick-meta":"","header-main-stick-meta":"","header-below-stick-meta":""},"pwb-brand":[330],"product_cat":[66],"product_tag":[],"class_list":{"0":"post-44305","1":"product","2":"type-product","3":"status-publish","5":"pwb-brand-vaico","6":"product_cat-jarrulevyt","7":"desktop-align-left","8":"tablet-align-left","9":"mobile-align-left","11":"first","12":"instock","13":"product-type-external"},"brands":[{"id":330,"name":"VAICO","slug":"vaico"}],"_links":{"self":[{"href":"https:\/\/www.autonvaraosahaku.fi\/index.php?rest_route=\/wp\/v2\/product\/44305","targetHints":{"allow":["GET"]}}],"collection":[{"href":"https:\/\/www.autonvaraosahaku.fi\/index.php?rest_route=\/wp\/v2\/product"}],"about":[{"href":"https:\/\/www.autonvaraosahaku.fi\/index.php?rest_route=\/wp\/v2\/types\/product"}],"wp:attachment":[{"href":"https:\/\/www.autonvaraosahaku.fi\/index.php?rest_route=%2Fwp%2Fv2%2Fmedia&parent=44305"}],"wp:term":[{"taxonomy":"pwb-brand","embeddable":true,"href":"https:\/\/www.autonvaraosahaku.fi\/index.php?rest_route=%2Fwp%2Fv2%2Fpwb-brand&post=44305"},{"taxonomy":"product_cat","embeddable":true,"href":"https:\/\/www.autonvaraosahaku.fi\/index.php?rest_route=%2Fwp%2Fv2%2Fproduct_cat&post=44305"},{"taxonomy":"product_tag","embeddable":true,"href":"https:\/\/www.autonvaraosahaku.fi\/index.php?rest_route=%2Fwp%2Fv2%2Fproduct_tag&post=44305"}],"curies":[{"name":"wp","href":"https:\/\/api.w.org\/{rel}","templated":true}]}}