{"id":44310,"date":"2021-02-21T17:02:39","date_gmt":"2021-02-21T17:02:39","guid":{"rendered":"https:\/\/www.autonvaraosahaku.fi\/?product=japanparts-mm-53425-iskunvaimennin"},"modified":"2021-02-21T17:02:41","modified_gmt":"2021-02-21T17:02:41","slug":"japanparts-mm-53425-iskunvaimennin","status":"publish","type":"product","link":"https:\/\/www.autonvaraosahaku.fi\/?product=japanparts-mm-53425-iskunvaimennin","title":{"rendered":"JAPANPARTS MM-53425 Iskunvaimennin"},"content":{"rendered":"<p>Asennuspuoli: Taka-akseli; Iskunvaimennin tyyppi: Kaasupaine; v\u00e4h. pituus [mm]: 375; suurin pituus [mm]: 550; Sylinterim\u00e4nn\u00e4n halkaisija [mm]: 53; MITSUBISHI: PAJERO II V3_W, V2_W, V4_W,PAJERO II Canvas Top V2_W, V4_W; MB663364, MB663365, MB891676, MB891677, MR267962, MR319952, MR353811; Iskarit,Iskunvaimennin<\/p>\n","protected":false},"excerpt":{"rendered":"<p>JAPANPARTS Iskunvaimentimet MM-53425 Iskarit,Iskunvaimennin MITSUBISHI,PAJERO II V3_W, V2_W, V4_W,PAJERO II Canvas Top V2_W, V4_W<\/p>\n","protected":false},"featured_media":0,"template":"","meta":{"site-sidebar-layout":"default","site-content-layout":"default","ast-global-header-display":"","ast-main-header-display":"","ast-hfb-above-header-display":"","ast-hfb-below-header-display":"","ast-hfb-mobile-header-display":"","site-post-title":"","ast-breadcrumbs-content":"","ast-featured-img":"","footer-sml-layout":"","theme-transparent-header-meta":"","adv-header-id-meta":"","stick-header-meta":"","header-above-stick-meta":"","header-main-stick-meta":"","header-below-stick-meta":""},"pwb-brand":[334],"product_cat":[80],"product_tag":[],"class_list":{"0":"post-44310","1":"product","2":"type-product","3":"status-publish","5":"pwb-brand-japanparts","6":"product_cat-iskunvaimennin","7":"desktop-align-left","8":"tablet-align-left","9":"mobile-align-left","11":"first","12":"instock","13":"product-type-external"},"brands":[{"id":334,"name":"JAPANPARTS","slug":"japanparts"}],"_links":{"self":[{"href":"https:\/\/www.autonvaraosahaku.fi\/index.php?rest_route=\/wp\/v2\/product\/44310","targetHints":{"allow":["GET"]}}],"collection":[{"href":"https:\/\/www.autonvaraosahaku.fi\/index.php?rest_route=\/wp\/v2\/product"}],"about":[{"href":"https:\/\/www.autonvaraosahaku.fi\/index.php?rest_route=\/wp\/v2\/types\/product"}],"wp:attachment":[{"href":"https:\/\/www.autonvaraosahaku.fi\/index.php?rest_route=%2Fwp%2Fv2%2Fmedia&parent=44310"}],"wp:term":[{"taxonomy":"pwb-brand","embeddable":true,"href":"https:\/\/www.autonvaraosahaku.fi\/index.php?rest_route=%2Fwp%2Fv2%2Fpwb-brand&post=44310"},{"taxonomy":"product_cat","embeddable":true,"href":"https:\/\/www.autonvaraosahaku.fi\/index.php?rest_route=%2Fwp%2Fv2%2Fproduct_cat&post=44310"},{"taxonomy":"product_tag","embeddable":true,"href":"https:\/\/www.autonvaraosahaku.fi\/index.php?rest_route=%2Fwp%2Fv2%2Fproduct_tag&post=44310"}],"curies":[{"name":"wp","href":"https:\/\/api.w.org\/{rel}","templated":true}]}}