{"id":44363,"date":"2021-02-21T17:02:55","date_gmt":"2021-02-21T17:02:55","guid":{"rendered":"https:\/\/www.autonvaraosahaku.fi\/?product=vaico-v40-80046-jarrulevyt"},"modified":"2021-02-21T17:02:56","modified_gmt":"2021-02-21T17:02:56","slug":"vaico-v40-80046-jarrulevyt","status":"publish","type":"product","link":"https:\/\/www.autonvaraosahaku.fi\/?product=vaico-v40-80046-jarrulevyt","title":{"rendered":"VAICO V40-80046 Jarrulevyt"},"content":{"rendered":"<p>Asennuspuoli: Etuakseli, Etuakseli; Vanne, aukkoja: 5; Korkeus (mm): 42; Jarrulevytyyppi: Tuuletettu; Jarrulevyn paksuus (mm): 25; V\u00e4himm\u00e4ispaksuus (mm): 22; Ulkol\u00e4pimitta [mm]: 308; keskitt\u00e4misl\u00e4pimitta [mm]: 70; Reik\u00e4ympyr\u00e4-\u00d8 [mm]: 110, 110; Jarrulevyn navan korkeus [mm]: 17; Pakkausleveys [cm]: 32, 32; Pakkauskorkeus [mm]: 9, 9; Pakkaussyvyys [cm]: 32, 32; Reik\u00e4-\u00d8 1 [mm]: 14,2; Reik\u00e4-\u00d8 2 [mm]: 11,1; Paino [kg]: 8,96; lis\u00e4tieto: CST99; vannekoolle [tuumaa]: 16; SAAB: 9-5 Kombi YS3E,9-5 YS3E; OPEL: CORSA D,ZAFIRA B A05,ASTRA H Caravan L35,MERIVA,ZAFIRA A F75_,ASTRA G CC F48_, F08_,ASTRA H L48,ASTRA G Caravan F35_,ASTRA H GTC L08,MERIVA B,VECTRA B 36_,ADAM,VECTRA B Caravan 31_,ASTRA H TwinTop L67,ASTRA G Cabriolet F67,ASTRA G Coupe F07_,ZAFIRA B Van,VECTRA B CC 38_,CORSA D Van,ASTRA H Kasten L70,CORSA E,CORSA E Van,ASTRA CLASSIC Caravan; VAUXHALL: CORSA Mk III D L_8,ZAFIRA Mk II B M75,ASTRA Mk V H CC,ZAFIRA Mk I A F75,ADAM,ASTRA Mk V H Estate,ASTRA Mk V H Convertible,ASTRA Mk IV G CC,ASTRA Mk VI J CC,MERIVA Mk I A,VECTRA B CC,MERIVA Mk II B,VECTRA B Estate,VECTRA B,ASTRA Mk IV G Coupe F67,ASTRAVAN Mk V H,CORSA Mk IV E,ASTRA Mk IV G Convertible; 00569061, 0569061, 569061, 9194477, 95526651, 4567798, 5055389, 5084769, 5122833, 5391560, 9184405, 09194477; Jarrulevy<\/p>\n","protected":false},"excerpt":{"rendered":"<p>VAICO Jarrulevyt V40-80046 Jarrulevy SAAB,OPEL,VAUXHALL,9-5 Kombi YS3E,9-5 YS3E,CORSA D,ZAFIRA B A05,ASTRA H Caravan L35,MERIVA,ZAFIRA A F75_<\/p>\n","protected":false},"featured_media":0,"template":"","meta":{"site-sidebar-layout":"default","site-content-layout":"default","ast-global-header-display":"","ast-main-header-display":"","ast-hfb-above-header-display":"","ast-hfb-below-header-display":"","ast-hfb-mobile-header-display":"","site-post-title":"","ast-breadcrumbs-content":"","ast-featured-img":"","footer-sml-layout":"","theme-transparent-header-meta":"","adv-header-id-meta":"","stick-header-meta":"","header-above-stick-meta":"","header-main-stick-meta":"","header-below-stick-meta":""},"pwb-brand":[330],"product_cat":[66],"product_tag":[],"class_list":{"0":"post-44363","1":"product","2":"type-product","3":"status-publish","5":"pwb-brand-vaico","6":"product_cat-jarrulevyt","7":"desktop-align-left","8":"tablet-align-left","9":"mobile-align-left","11":"first","12":"instock","13":"product-type-external"},"brands":[{"id":330,"name":"VAICO","slug":"vaico"}],"_links":{"self":[{"href":"https:\/\/www.autonvaraosahaku.fi\/index.php?rest_route=\/wp\/v2\/product\/44363","targetHints":{"allow":["GET"]}}],"collection":[{"href":"https:\/\/www.autonvaraosahaku.fi\/index.php?rest_route=\/wp\/v2\/product"}],"about":[{"href":"https:\/\/www.autonvaraosahaku.fi\/index.php?rest_route=\/wp\/v2\/types\/product"}],"wp:attachment":[{"href":"https:\/\/www.autonvaraosahaku.fi\/index.php?rest_route=%2Fwp%2Fv2%2Fmedia&parent=44363"}],"wp:term":[{"taxonomy":"pwb-brand","embeddable":true,"href":"https:\/\/www.autonvaraosahaku.fi\/index.php?rest_route=%2Fwp%2Fv2%2Fpwb-brand&post=44363"},{"taxonomy":"product_cat","embeddable":true,"href":"https:\/\/www.autonvaraosahaku.fi\/index.php?rest_route=%2Fwp%2Fv2%2Fproduct_cat&post=44363"},{"taxonomy":"product_tag","embeddable":true,"href":"https:\/\/www.autonvaraosahaku.fi\/index.php?rest_route=%2Fwp%2Fv2%2Fproduct_tag&post=44363"}],"curies":[{"name":"wp","href":"https:\/\/api.w.org\/{rel}","templated":true}]}}