{"id":44367,"date":"2021-02-21T17:02:55","date_gmt":"2021-02-21T17:02:55","guid":{"rendered":"https:\/\/www.autonvaraosahaku.fi\/?product=ate-24-5125-0230-3-jarruletku"},"modified":"2021-02-21T17:02:57","modified_gmt":"2021-02-21T17:02:57","slug":"ate-24-5125-0230-3-jarruletku","status":"publish","type":"product","link":"https:\/\/www.autonvaraosahaku.fi\/?product=ate-24-5125-0230-3-jarruletku","title":{"rendered":"ATE 24.5125-0230.3 Jarruletku"},"content":{"rendered":"<p>Pituus (mm): 230; Ulkokierre [mm]: M10x1; Sis\u00e4kierre (mm): M10x1; MAPP-koodi saatavilla: ; Avainv\u00e4li 1 [mm]: 14; Avainv\u00e4li 2 [mm]: 17; Tarvittava kappalem\u00e4\u00e4r\u00e4: 2; BMW: 3 Touring E91,3 E90,1 E87,X1 E84,1 E81,1 F20,3 Coupe E92,3 Touring F31,3 F30, F35, F80,3 Cabriolet E93,1 F21,1 Cabriolet E88,1 Coupe E82,3 Gran Turismo F34,4 Coupe F32, F82,2 Coupe F22,4 Cabriolet F33, F83,4 Gran Coupe F36,2 Cabriolet F23; 34306792253<\/p>\n","protected":false},"excerpt":{"rendered":"<p>ATE Jarruletku 24.5125-0230.3  BMW,3 Touring E91,3 E90,1 E87,X1 E84,1 E81,1 F20,3 Coupe E92,3 Touring F31,3 F30, F35, F80,3 Cabriolet E93,1 F21<\/p>\n","protected":false},"featured_media":0,"template":"","meta":{"site-sidebar-layout":"default","site-content-layout":"default","ast-global-header-display":"","ast-main-header-display":"","ast-hfb-above-header-display":"","ast-hfb-below-header-display":"","ast-hfb-mobile-header-display":"","site-post-title":"","ast-breadcrumbs-content":"","ast-featured-img":"","footer-sml-layout":"","theme-transparent-header-meta":"","adv-header-id-meta":"","stick-header-meta":"","header-above-stick-meta":"","header-main-stick-meta":"","header-below-stick-meta":""},"pwb-brand":[108],"product_cat":[70],"product_tag":[],"class_list":{"0":"post-44367","1":"product","2":"type-product","3":"status-publish","5":"pwb-brand-ate","6":"product_cat-jarruletku","7":"desktop-align-left","8":"tablet-align-left","9":"mobile-align-left","11":"first","12":"instock","13":"product-type-external"},"brands":[{"id":108,"name":"ATE","slug":"ate"}],"_links":{"self":[{"href":"https:\/\/www.autonvaraosahaku.fi\/index.php?rest_route=\/wp\/v2\/product\/44367","targetHints":{"allow":["GET"]}}],"collection":[{"href":"https:\/\/www.autonvaraosahaku.fi\/index.php?rest_route=\/wp\/v2\/product"}],"about":[{"href":"https:\/\/www.autonvaraosahaku.fi\/index.php?rest_route=\/wp\/v2\/types\/product"}],"wp:attachment":[{"href":"https:\/\/www.autonvaraosahaku.fi\/index.php?rest_route=%2Fwp%2Fv2%2Fmedia&parent=44367"}],"wp:term":[{"taxonomy":"pwb-brand","embeddable":true,"href":"https:\/\/www.autonvaraosahaku.fi\/index.php?rest_route=%2Fwp%2Fv2%2Fpwb-brand&post=44367"},{"taxonomy":"product_cat","embeddable":true,"href":"https:\/\/www.autonvaraosahaku.fi\/index.php?rest_route=%2Fwp%2Fv2%2Fproduct_cat&post=44367"},{"taxonomy":"product_tag","embeddable":true,"href":"https:\/\/www.autonvaraosahaku.fi\/index.php?rest_route=%2Fwp%2Fv2%2Fproduct_tag&post=44367"}],"curies":[{"name":"wp","href":"https:\/\/api.w.org\/{rel}","templated":true}]}}