{"id":44414,"date":"2021-02-21T17:03:06","date_gmt":"2021-02-21T17:03:06","guid":{"rendered":"https:\/\/www.autonvaraosahaku.fi\/?product=abakus-215-19f9r-ae-takavalot"},"modified":"2021-02-21T17:03:09","modified_gmt":"2021-02-21T17:03:09","slug":"abakus-215-19f9r-ae-takavalot","status":"publish","type":"product","link":"https:\/\/www.autonvaraosahaku.fi\/?product=abakus-215-19f9r-ae-takavalot","title":{"rendered":"ABAKUS 215-19F9R-AE Takavalot"},"content":{"rendered":"<p>Vilkun v\u00e4ri: Valkoinen; Asennuspuoli: Oikea; Lis\u00e4tarvike\/lis\u00e4tieto: Lampun kannalla; Rekister\u00f6ity tyyppi: E-hyv\u00e4ksytty; V\u00e4ri: Punainen; Maaversio: Eurooppa, Etel\u00e4-Afrikka; Lamppumalli: PY21W, P21W, P21\/5W; Vuosimalliin: 2005; NISSAN: PICK UP D22; 265503S20A, 265503S225, 265503S825, B65503S20A; Takavalo<\/p>\n","protected":false},"excerpt":{"rendered":"<p>ABAKUS Takavalot 215-19F9R-AE Takavalo NISSAN,PICK UP D22<\/p>\n","protected":false},"featured_media":0,"template":"","meta":{"site-sidebar-layout":"default","site-content-layout":"default","ast-global-header-display":"","ast-main-header-display":"","ast-hfb-above-header-display":"","ast-hfb-below-header-display":"","ast-hfb-mobile-header-display":"","site-post-title":"","ast-breadcrumbs-content":"","ast-featured-img":"","footer-sml-layout":"","theme-transparent-header-meta":"","adv-header-id-meta":"","stick-header-meta":"","header-above-stick-meta":"","header-main-stick-meta":"","header-below-stick-meta":""},"pwb-brand":[148],"product_cat":[159],"product_tag":[],"class_list":{"0":"post-44414","1":"product","2":"type-product","3":"status-publish","5":"pwb-brand-abakus","6":"product_cat-takavalot","7":"desktop-align-left","8":"tablet-align-left","9":"mobile-align-left","11":"first","12":"instock","13":"product-type-external"},"brands":[{"id":148,"name":"ABAKUS","slug":"abakus"}],"_links":{"self":[{"href":"https:\/\/www.autonvaraosahaku.fi\/index.php?rest_route=\/wp\/v2\/product\/44414","targetHints":{"allow":["GET"]}}],"collection":[{"href":"https:\/\/www.autonvaraosahaku.fi\/index.php?rest_route=\/wp\/v2\/product"}],"about":[{"href":"https:\/\/www.autonvaraosahaku.fi\/index.php?rest_route=\/wp\/v2\/types\/product"}],"wp:attachment":[{"href":"https:\/\/www.autonvaraosahaku.fi\/index.php?rest_route=%2Fwp%2Fv2%2Fmedia&parent=44414"}],"wp:term":[{"taxonomy":"pwb-brand","embeddable":true,"href":"https:\/\/www.autonvaraosahaku.fi\/index.php?rest_route=%2Fwp%2Fv2%2Fpwb-brand&post=44414"},{"taxonomy":"product_cat","embeddable":true,"href":"https:\/\/www.autonvaraosahaku.fi\/index.php?rest_route=%2Fwp%2Fv2%2Fproduct_cat&post=44414"},{"taxonomy":"product_tag","embeddable":true,"href":"https:\/\/www.autonvaraosahaku.fi\/index.php?rest_route=%2Fwp%2Fv2%2Fproduct_tag&post=44414"}],"curies":[{"name":"wp","href":"https:\/\/api.w.org\/{rel}","templated":true}]}}