{"id":44449,"date":"2021-02-21T17:03:16","date_gmt":"2021-02-21T17:03:16","guid":{"rendered":"https:\/\/www.autonvaraosahaku.fi\/?product=topran-500-900-muut-luokat"},"modified":"2021-02-21T17:03:19","modified_gmt":"2021-02-21T17:03:19","slug":"topran-500-900-muut-luokat","status":"publish","type":"product","link":"https:\/\/www.autonvaraosahaku.fi\/?product=topran-500-900-muut-luokat","title":{"rendered":"TOPRAN 500 900 Muut luokat"},"content":{"rendered":"<p>Ulkol\u00e4pimitta [mm]: 420; Puhallinsiipen lukum\u00e4\u00e4r\u00e4: 11; L\u00e4mmityslaite \/ j\u00e4\u00e4hdytys: nestekytkimelle; Moottorinumero: 320i; BMW: 3 E46,5 E39,3 Touring E46,5 Touring E39,3 Compact E46,3 Coupe E46,3 E36,X5 E53,3 Cabriolet E46,7 E38,3 Coupe E36,Z3 E36,5 E34,3 Cabriolet E36,3 Touring E36,7 E32,5 Touring E34,Z3 Coupe E36; 11521712058, 1712058<\/p>\n","protected":false},"excerpt":{"rendered":"<p>TOPRAN Tuuletin, Mootorinj\u00e4\u00e4hdytys 500 900  BMW,3 E46,5 E39,3 Touring E46,5 Touring E39,3 Compact E46,3 Coupe E46,3 E36,X5 E53,3 Cabriolet E46,7 E38<\/p>\n","protected":false},"featured_media":0,"template":"","meta":{"site-sidebar-layout":"default","site-content-layout":"default","ast-global-header-display":"","ast-main-header-display":"","ast-hfb-above-header-display":"","ast-hfb-below-header-display":"","ast-hfb-mobile-header-display":"","site-post-title":"","ast-breadcrumbs-content":"","ast-featured-img":"","footer-sml-layout":"","theme-transparent-header-meta":"","adv-header-id-meta":"","stick-header-meta":"","header-above-stick-meta":"","header-main-stick-meta":"","header-below-stick-meta":""},"pwb-brand":[18],"product_cat":[37],"product_tag":[],"class_list":{"0":"post-44449","1":"product","2":"type-product","3":"status-publish","5":"pwb-brand-topran","6":"product_cat-muut-luokat","7":"desktop-align-left","8":"tablet-align-left","9":"mobile-align-left","11":"first","12":"instock","13":"product-type-external"},"brands":[{"id":18,"name":"TOPRAN","slug":"topran"}],"_links":{"self":[{"href":"https:\/\/www.autonvaraosahaku.fi\/index.php?rest_route=\/wp\/v2\/product\/44449","targetHints":{"allow":["GET"]}}],"collection":[{"href":"https:\/\/www.autonvaraosahaku.fi\/index.php?rest_route=\/wp\/v2\/product"}],"about":[{"href":"https:\/\/www.autonvaraosahaku.fi\/index.php?rest_route=\/wp\/v2\/types\/product"}],"wp:attachment":[{"href":"https:\/\/www.autonvaraosahaku.fi\/index.php?rest_route=%2Fwp%2Fv2%2Fmedia&parent=44449"}],"wp:term":[{"taxonomy":"pwb-brand","embeddable":true,"href":"https:\/\/www.autonvaraosahaku.fi\/index.php?rest_route=%2Fwp%2Fv2%2Fpwb-brand&post=44449"},{"taxonomy":"product_cat","embeddable":true,"href":"https:\/\/www.autonvaraosahaku.fi\/index.php?rest_route=%2Fwp%2Fv2%2Fproduct_cat&post=44449"},{"taxonomy":"product_tag","embeddable":true,"href":"https:\/\/www.autonvaraosahaku.fi\/index.php?rest_route=%2Fwp%2Fv2%2Fproduct_tag&post=44449"}],"curies":[{"name":"wp","href":"https:\/\/api.w.org\/{rel}","templated":true}]}}