{"id":44487,"date":"2021-02-21T17:03:27","date_gmt":"2021-02-21T17:03:27","guid":{"rendered":"https:\/\/www.autonvaraosahaku.fi\/?product=ridex-284r0024-raidetanko"},"modified":"2021-02-21T17:03:29","modified_gmt":"2021-02-21T17:03:29","slug":"ridex-284r0024-raidetanko","status":"publish","type":"product","link":"https:\/\/www.autonvaraosahaku.fi\/?product=ridex-284r0024-raidetanko","title":{"rendered":"RIDEX 284R0024 Raidetanko"},"content":{"rendered":"<p>Pituus (mm): 815; Ulkokierre [mm]: M12 x 1,25; Avainv\u00e4li: 17; Materiaali: Ter\u00e4svalu; Asennuspuoli: Etuakseli, Keskell\u00e4; Paino [kg]: 3,63; NISSAN: TERRANO II R20; FORD: MAVERICK UDS, UNS; 485600F000, 485600F400<\/p>\n","protected":false},"excerpt":{"rendered":"<p>RIDEX Raidetanko 284R0024  NISSAN,FORD,TERRANO II R20,MAVERICK UDS, UNS<\/p>\n","protected":false},"featured_media":0,"template":"","meta":{"site-sidebar-layout":"default","site-content-layout":"default","ast-global-header-display":"","ast-main-header-display":"","ast-hfb-above-header-display":"","ast-hfb-below-header-display":"","ast-hfb-mobile-header-display":"","site-post-title":"","ast-breadcrumbs-content":"","ast-featured-img":"","footer-sml-layout":"","theme-transparent-header-meta":"","adv-header-id-meta":"","stick-header-meta":"","header-above-stick-meta":"","header-main-stick-meta":"","header-below-stick-meta":""},"pwb-brand":[157],"product_cat":[258],"product_tag":[],"class_list":{"0":"post-44487","1":"product","2":"type-product","3":"status-publish","5":"pwb-brand-ridex","6":"product_cat-raidetanko","7":"desktop-align-left","8":"tablet-align-left","9":"mobile-align-left","11":"first","12":"instock","13":"product-type-external"},"brands":[{"id":157,"name":"RIDEX","slug":"ridex"}],"_links":{"self":[{"href":"https:\/\/www.autonvaraosahaku.fi\/index.php?rest_route=\/wp\/v2\/product\/44487","targetHints":{"allow":["GET"]}}],"collection":[{"href":"https:\/\/www.autonvaraosahaku.fi\/index.php?rest_route=\/wp\/v2\/product"}],"about":[{"href":"https:\/\/www.autonvaraosahaku.fi\/index.php?rest_route=\/wp\/v2\/types\/product"}],"wp:attachment":[{"href":"https:\/\/www.autonvaraosahaku.fi\/index.php?rest_route=%2Fwp%2Fv2%2Fmedia&parent=44487"}],"wp:term":[{"taxonomy":"pwb-brand","embeddable":true,"href":"https:\/\/www.autonvaraosahaku.fi\/index.php?rest_route=%2Fwp%2Fv2%2Fpwb-brand&post=44487"},{"taxonomy":"product_cat","embeddable":true,"href":"https:\/\/www.autonvaraosahaku.fi\/index.php?rest_route=%2Fwp%2Fv2%2Fproduct_cat&post=44487"},{"taxonomy":"product_tag","embeddable":true,"href":"https:\/\/www.autonvaraosahaku.fi\/index.php?rest_route=%2Fwp%2Fv2%2Fproduct_tag&post=44487"}],"curies":[{"name":"wp","href":"https:\/\/api.w.org\/{rel}","templated":true}]}}