{"id":44495,"date":"2021-02-21T17:03:27","date_gmt":"2021-02-21T17:03:27","guid":{"rendered":"https:\/\/www.autonvaraosahaku.fi\/?product=ridex-70b0012-jarrukengat"},"modified":"2021-02-21T17:03:31","modified_gmt":"2021-02-21T17:03:31","slug":"ridex-70b0012-jarrukengat","status":"publish","type":"product","link":"https:\/\/www.autonvaraosahaku.fi\/?product=ridex-70b0012-jarrukengat","title":{"rendered":"RIDEX 70B0012 Jarrukeng\u00e4t"},"content":{"rendered":"<p>L\u00e4pimitta [mm]: 203; Leveys (mm): 39; Lis\u00e4tarvike\/lis\u00e4tieto: Vivulla; Asennuspuoli: Taka-akseli, Hinterachse; Jarruj\u00e4rjestelm\u00e4: MANDO; HYUNDAI: MATRIX FC,ACCENT II LC,COUPE RD,ELANTRA XD,ELANTRA Stufenheck XD,ACCENT II Stufenheck LC,LANTRA II Wagon J-2,LANTRA II J-2,ELANTRA Stufenheck HD; 5830517A00, 5830517F00, 5830529A10, 583052HA00; Jarrukenk\u00e4sarja<\/p>\n","protected":false},"excerpt":{"rendered":"<p>RIDEX Jarrukeng\u00e4t 70B0012 Jarrukenk\u00e4sarja HYUNDAI,MATRIX FC,ACCENT II LC,COUPE RD,ELANTRA XD,ELANTRA Stufenheck XD,ACCENT II Stufenheck LC<\/p>\n","protected":false},"featured_media":0,"template":"","meta":{"site-sidebar-layout":"default","site-content-layout":"default","ast-global-header-display":"","ast-main-header-display":"","ast-hfb-above-header-display":"","ast-hfb-below-header-display":"","ast-hfb-mobile-header-display":"","site-post-title":"","ast-breadcrumbs-content":"","ast-featured-img":"","footer-sml-layout":"","theme-transparent-header-meta":"","adv-header-id-meta":"","stick-header-meta":"","header-above-stick-meta":"","header-main-stick-meta":"","header-below-stick-meta":""},"pwb-brand":[157],"product_cat":[176],"product_tag":[],"class_list":{"0":"post-44495","1":"product","2":"type-product","3":"status-publish","5":"pwb-brand-ridex","6":"product_cat-jarrukengat","7":"desktop-align-left","8":"tablet-align-left","9":"mobile-align-left","11":"first","12":"instock","13":"product-type-external"},"brands":[{"id":157,"name":"RIDEX","slug":"ridex"}],"_links":{"self":[{"href":"https:\/\/www.autonvaraosahaku.fi\/index.php?rest_route=\/wp\/v2\/product\/44495","targetHints":{"allow":["GET"]}}],"collection":[{"href":"https:\/\/www.autonvaraosahaku.fi\/index.php?rest_route=\/wp\/v2\/product"}],"about":[{"href":"https:\/\/www.autonvaraosahaku.fi\/index.php?rest_route=\/wp\/v2\/types\/product"}],"wp:attachment":[{"href":"https:\/\/www.autonvaraosahaku.fi\/index.php?rest_route=%2Fwp%2Fv2%2Fmedia&parent=44495"}],"wp:term":[{"taxonomy":"pwb-brand","embeddable":true,"href":"https:\/\/www.autonvaraosahaku.fi\/index.php?rest_route=%2Fwp%2Fv2%2Fpwb-brand&post=44495"},{"taxonomy":"product_cat","embeddable":true,"href":"https:\/\/www.autonvaraosahaku.fi\/index.php?rest_route=%2Fwp%2Fv2%2Fproduct_cat&post=44495"},{"taxonomy":"product_tag","embeddable":true,"href":"https:\/\/www.autonvaraosahaku.fi\/index.php?rest_route=%2Fwp%2Fv2%2Fproduct_tag&post=44495"}],"curies":[{"name":"wp","href":"https:\/\/api.w.org\/{rel}","templated":true}]}}