{"id":44503,"date":"2021-02-21T17:03:33","date_gmt":"2021-02-21T17:03:33","guid":{"rendered":"https:\/\/www.autonvaraosahaku.fi\/?product=ridex-82b0702-jarrulevyt"},"modified":"2021-02-21T17:03:34","modified_gmt":"2021-02-21T17:03:34","slug":"ridex-82b0702-jarrulevyt","status":"publish","type":"product","link":"https:\/\/www.autonvaraosahaku.fi\/?product=ridex-82b0702-jarrulevyt","title":{"rendered":"RIDEX 82B0702 Jarrulevyt"},"content":{"rendered":"<p>Jarrulevytyyppi: Tuuletettu; L\u00e4pimitta [mm]: 236; Jarrulevyn paksuus (mm): 18; V\u00e4himm\u00e4ispaksuus (mm): 16,4; keskitt\u00e4misl\u00e4pimitta [mm]: 64; Korkeus (mm): 45; Kierremitta: 12,5; Reik\u00e4ympyr\u00e4-\u00d8 [mm]: 100; V\u00e4ri: Musta; Sis\u00e4l\u00e4pimitta [mm]: 126,0; Reik\u00e4kuvio\/-m\u00e4\u00e4r\u00e4: 4\/6; Asennuspuoli: Etuakseli, Vorderachse; MITSUBISHI: CARISMA DA_,COLT V CJ_, CP_,CARISMA Stufenheck DA_,COLT IV CA_A,LANCER VI CJ-CP_,LANCER V Station Wagon CB_W, CD_W,LANCER V CB\/D_A; MB699282, MB699283, MB950922, MR449769, MB699283; Jarrulevy<\/p>\n","protected":false},"excerpt":{"rendered":"<p>RIDEX Jarrulevyt 82B0702 Jarrulevy MITSUBISHI,CARISMA DA_,COLT V CJ_, CP_,CARISMA Stufenheck DA_,COLT IV CA_A,LANCER VI CJ-CP_<\/p>\n","protected":false},"featured_media":0,"template":"","meta":{"site-sidebar-layout":"default","site-content-layout":"default","ast-global-header-display":"","ast-main-header-display":"","ast-hfb-above-header-display":"","ast-hfb-below-header-display":"","ast-hfb-mobile-header-display":"","site-post-title":"","ast-breadcrumbs-content":"","ast-featured-img":"","footer-sml-layout":"","theme-transparent-header-meta":"","adv-header-id-meta":"","stick-header-meta":"","header-above-stick-meta":"","header-main-stick-meta":"","header-below-stick-meta":""},"pwb-brand":[157],"product_cat":[66],"product_tag":[],"class_list":{"0":"post-44503","1":"product","2":"type-product","3":"status-publish","5":"pwb-brand-ridex","6":"product_cat-jarrulevyt","7":"desktop-align-left","8":"tablet-align-left","9":"mobile-align-left","11":"first","12":"instock","13":"product-type-external"},"brands":[{"id":157,"name":"RIDEX","slug":"ridex"}],"_links":{"self":[{"href":"https:\/\/www.autonvaraosahaku.fi\/index.php?rest_route=\/wp\/v2\/product\/44503","targetHints":{"allow":["GET"]}}],"collection":[{"href":"https:\/\/www.autonvaraosahaku.fi\/index.php?rest_route=\/wp\/v2\/product"}],"about":[{"href":"https:\/\/www.autonvaraosahaku.fi\/index.php?rest_route=\/wp\/v2\/types\/product"}],"wp:attachment":[{"href":"https:\/\/www.autonvaraosahaku.fi\/index.php?rest_route=%2Fwp%2Fv2%2Fmedia&parent=44503"}],"wp:term":[{"taxonomy":"pwb-brand","embeddable":true,"href":"https:\/\/www.autonvaraosahaku.fi\/index.php?rest_route=%2Fwp%2Fv2%2Fpwb-brand&post=44503"},{"taxonomy":"product_cat","embeddable":true,"href":"https:\/\/www.autonvaraosahaku.fi\/index.php?rest_route=%2Fwp%2Fv2%2Fproduct_cat&post=44503"},{"taxonomy":"product_tag","embeddable":true,"href":"https:\/\/www.autonvaraosahaku.fi\/index.php?rest_route=%2Fwp%2Fv2%2Fproduct_tag&post=44503"}],"curies":[{"name":"wp","href":"https:\/\/api.w.org\/{rel}","templated":true}]}}