{"id":44505,"date":"2021-02-21T17:03:33","date_gmt":"2021-02-21T17:03:33","guid":{"rendered":"https:\/\/www.autonvaraosahaku.fi\/?product=ridex-310t0028-kiristysrulla"},"modified":"2021-02-21T17:03:34","modified_gmt":"2021-02-21T17:03:34","slug":"ridex-310t0028-kiristysrulla","status":"publish","type":"product","link":"https:\/\/www.autonvaraosahaku.fi\/?product=ridex-310t0028-kiristysrulla","title":{"rendered":"RIDEX 310T0028 Kiristysrulla"},"content":{"rendered":"<p>L\u00e4pimitta [mm]: 70; Korkeus 1 (mm): 27; Korkeus 2 (mm): 29; Sis\u00e4l\u00e4pimitta [mm]: 10; SUZUKI: BALENO Kombi EG,BALENO EG,BALENO Schr\u00e4gheck EG; LANCIA: PHEDRA 179,ZETA 220; FIAT: ULYSSE 179AX,ULYSSE 220,SCUDO Kasten 220L,SCUDO Combinato 220P; CITRO\u00cbN: BERLINGO MF,XSARA PICASSO N68,C8 EA_, EB_,BERLINGO Kasten M_,C5 I DC_,C5 I Break DE_,XSARA N1,XSARA Break N2,XM Y4,XANTIA X2,XSARA Coupe N0,XANTIA X1,EVASION 22, U6,XANTIA Break X2,ZX N2,JUMPY U6U,JUMPY Kasten BS_, BT_, BY_, BZ_,XM Y3,XANTIA Break X1,ZX Break N2,XM Break Y4,JUMPY Pritsche\/Fahrgestell BU_, BV_, BW_, BX_,XM Break Y3; PEUGEOT: 206 Schr\u00e4gheck 2A\/C,206 SW 2E\/K,807 E,306 Schr\u00e4gheck 7A, 7C, N3, N5,406 Break 8E\/F,PARTNER Combispace 5F,PARTNER Kasten 5,306 Break 7E, N3, N5,406 8B,806 221,306 7B, N3, N5,EXPERT Kasten 222,605 6B,EXPERT 224,EXPERT Pritsche\/Fahrgestell 223; 575129, 95577787, 96188885, 9618888580, 9618888580, 9618888580, 575129, 95577787, 96188885, 9618888580, 9650742680, 4916066G00, 4916066G00000; Kiristysrulla, Moniurahihna<\/p>\n","protected":false},"excerpt":{"rendered":"<p>RIDEX Kiristysrulla 310T0028 Kiristysrulla, Moniurahihna SUZUKI,LANCIA,FIAT,BALENO Kombi EG,BALENO EG,BALENO Schr\u00e4gheck EG,PHEDRA 179,ZETA 220<\/p>\n","protected":false},"featured_media":0,"template":"","meta":{"site-sidebar-layout":"default","site-content-layout":"default","ast-global-header-display":"","ast-main-header-display":"","ast-hfb-above-header-display":"","ast-hfb-below-header-display":"","ast-hfb-mobile-header-display":"","site-post-title":"","ast-breadcrumbs-content":"","ast-featured-img":"","footer-sml-layout":"","theme-transparent-header-meta":"","adv-header-id-meta":"","stick-header-meta":"","header-above-stick-meta":"","header-main-stick-meta":"","header-below-stick-meta":""},"pwb-brand":[157],"product_cat":[282],"product_tag":[],"class_list":{"0":"post-44505","1":"product","2":"type-product","3":"status-publish","5":"pwb-brand-ridex","6":"product_cat-kiristysrulla","7":"desktop-align-left","8":"tablet-align-left","9":"mobile-align-left","11":"first","12":"instock","13":"product-type-external"},"brands":[{"id":157,"name":"RIDEX","slug":"ridex"}],"_links":{"self":[{"href":"https:\/\/www.autonvaraosahaku.fi\/index.php?rest_route=\/wp\/v2\/product\/44505","targetHints":{"allow":["GET"]}}],"collection":[{"href":"https:\/\/www.autonvaraosahaku.fi\/index.php?rest_route=\/wp\/v2\/product"}],"about":[{"href":"https:\/\/www.autonvaraosahaku.fi\/index.php?rest_route=\/wp\/v2\/types\/product"}],"wp:attachment":[{"href":"https:\/\/www.autonvaraosahaku.fi\/index.php?rest_route=%2Fwp%2Fv2%2Fmedia&parent=44505"}],"wp:term":[{"taxonomy":"pwb-brand","embeddable":true,"href":"https:\/\/www.autonvaraosahaku.fi\/index.php?rest_route=%2Fwp%2Fv2%2Fpwb-brand&post=44505"},{"taxonomy":"product_cat","embeddable":true,"href":"https:\/\/www.autonvaraosahaku.fi\/index.php?rest_route=%2Fwp%2Fv2%2Fproduct_cat&post=44505"},{"taxonomy":"product_tag","embeddable":true,"href":"https:\/\/www.autonvaraosahaku.fi\/index.php?rest_route=%2Fwp%2Fv2%2Fproduct_tag&post=44505"}],"curies":[{"name":"wp","href":"https:\/\/api.w.org\/{rel}","templated":true}]}}