{"id":44521,"date":"2021-02-21T17:03:38","date_gmt":"2021-02-21T17:03:38","guid":{"rendered":"https:\/\/www.autonvaraosahaku.fi\/?product=elring-508-233-kampiakselin-tiiviste"},"modified":"2021-02-21T17:03:39","modified_gmt":"2021-02-21T17:03:39","slug":"elring-508-233-kampiakselin-tiiviste","status":"publish","type":"product","link":"https:\/\/www.autonvaraosahaku.fi\/?product=elring-508-233-kampiakselin-tiiviste","title":{"rendered":"ELRING 508.233 Kampiakselin tiiviste"},"content":{"rendered":"<p>Sis\u00e4l\u00e4pimitta [mm]: 42; Ulkol\u00e4pimitta [mm]: 62; Korkeus (mm): 7; Akselitiivisteen malli: ASW; Rihlamalli: Oikea kierre; Materiaali: FPM (fluori-kumi)\/APM (polyakryyli-kumi); Suojavaippa: Suojakumilla; Asennuspuoli: stirnseitig; LADA: NIVA 2121; HYUNDAI: LANTRA II Wagon J-2,LANTRA II J-2; ROVER: 200 RF,200 Hatchback XW,400 Tourer XW,400 XW; SUZUKI: SAMURAI SJ,GRAND VITARA I FT,VITARA ET, TA,VITARA Cabrio ET, TA,BALENO Kombi EG,BALENO EG,BALENO Schr\u00e4gheck EG,VITARA ET,VITARA Cabrio ET; LANCIA: PHEDRA 179,ZETA 220; FORD: FOCUS II Kombi DA_,FOCUS II DA_,FOCUS C-MAX,C-MAX DM2,FOCUS II Stufenheck DA_,FOCUS II Cabriolet; TOYOTA: COROLLA Liftback _E11_,COROLLA Compact _E11_,COROLLA _E11_,COROLLA Wagon __E11_; FIAT: DUCATO Pritsche\/Fahrgestell 230,DUCATO Bus 230,DUCATO Kasten 244,DUCATO Pritsche\/Fahrgestell 244,DUCATO Kasten 290,DUCATO Pritsche\/Fahrgestell 290,DUCATO Kasten 230L,DUCATO Kasten 280,DUCATO Pritsche\/Fahrgestell 280,ULYSSE 179AX,DUCATO Bus 244, Z_,DUCATO Panorama 280,ULYSSE 220,SCUDO Kasten 220L,DUCATO Panorama 290,SCUDO Combinato 220P,TALENTO Pritsche\/Fahrgestell 290,TALENTO Bus 290,TALENTO Kasten 290,SCUDO Pritsche\/Fahrgestell 220_; CITRO\u00cbN: BERLINGO MF,XSARA PICASSO N68,C8 EA_, EB_,C4 I LC_,BERLINGO Kasten M_,C5 II Break RE_,C5 I DC_,C5 I Break DE_,XSARA N1,C5 II RC_,XSARA Break N2,JUMPER Kasten 244,XM Y4,XANTIA X2,XSARA Coupe N0,XANTIA X1,EVASION 22, U6,C4 Stufenheck L,XANTIA Break X2,ZX N2,BX XB-_,C25 Bus 280_, 290_,JUMPY U6U,JUMPY Kasten BS_, BT_, BY_, BZ_,JUMPER Kasten 230L,JUMPER Bus 244, Z_,XM Y3,XANTIA Break X1,JUMPER Bus 230P,C25 Pritsche\/Fahrgestell 280_, 290_,ZX Break N2,JUMPER Pritsche\/Fahrgestell 244,XM Break Y4,JUMPER Pritsche\/Fahrgestell 230,BX Break XB-_,C25 Kasten 280_, 290_,C15 VD-_,JUMPY Pritsche\/Fahrgestell BU_, BV_, BW_, BX_,XM Break Y3,C15 Kombi,XSARA Kasten,XSARA Kasten\/Schr\u00e4gheck; PEUGEOT: 206 Schr\u00e4gheck 2A\/C,207 WA_, WC_,307 SW 3H,307 3A\/C,207 SW WK_,206 SW 2E\/K,807 E,307 Break 3E,306 Schr\u00e4gheck 7A, 7C, N3, N5,607 9D, 9U,306 Cabriolet 7D, N3, N5,406 Break 8E\/F,PARTNER Combispace 5F,205 II 20A\/C,PARTNER Kasten 5,J5 Pritsche\/Fahrgestell 280L,406 Coupe 8C,306 Break 7E, N3, N5,406 8B,J5 Pritsche\/Fahrgestell 290L,806 221,BOXER Kasten 230L,BOXER Kasten 244,306 7B, N3, N5,J5 Kasten 280L,205 I Cabriolet 741B, 20D,307 Stufenheck,207 Stufenheck,EXPERT Kasten 222,J5 Bus 290P,309 II 3C, 3A,205 I 741A\/C,J5 Kasten 290L,J5 Bus 280P,405 I 15B,BOXER Bus 230P,BOXER Bus 244, Z_,BOXER Pritsche\/Fahrgestell ZCT_,206 Van,605 6B,EXPERT 224,405 II 4B,504 A_, M_,404,504 Cabriolet,309 I 10C, 10A,306 Van N_, 7_,505 551A,BOXER Pritsche\/Fahrgestell 244,504 Coupe,405 II Break 4E,405 I Break 15E,305 II 581M,505 Break 551D,J7 Bus,504 Break D_, F_,504 Pick-up E_,J7 Kasten,305 II Break 581E,EXPERT Pritsche\/Fahrgestell 223,J9 Bus,J9 Kasten,205 Kasten,504,J9 Pritsc; 032612, 032622, 91504836, 9614194980, 9614194980, 1313822, 3M5Q6700BB, 2172929000, 032612, 032622, 9614194980, LUF10013, 1122886CA3, SU00100061; Akselitiiviste, Kampiakseli<\/p>\n","protected":false},"excerpt":{"rendered":"<p>ELRING Kampiakselin Tiiviste 508.233 Akselitiiviste, Kampiakseli LADA,HYUNDAI,ROVER,NIVA 2121,LANTRA II Wagon J-2,LANTRA II J-2,200 RF<\/p>\n","protected":false},"featured_media":0,"template":"","meta":{"site-sidebar-layout":"default","site-content-layout":"default","ast-global-header-display":"","ast-main-header-display":"","ast-hfb-above-header-display":"","ast-hfb-below-header-display":"","ast-hfb-mobile-header-display":"","site-post-title":"","ast-breadcrumbs-content":"","ast-featured-img":"","footer-sml-layout":"","theme-transparent-header-meta":"","adv-header-id-meta":"","stick-header-meta":"","header-above-stick-meta":"","header-main-stick-meta":"","header-below-stick-meta":""},"pwb-brand":[26],"product_cat":[88],"product_tag":[],"class_list":{"0":"post-44521","1":"product","2":"type-product","3":"status-publish","5":"pwb-brand-elring","6":"product_cat-kampiakselin-tiiviste","7":"desktop-align-left","8":"tablet-align-left","9":"mobile-align-left","11":"first","12":"instock","13":"product-type-external"},"brands":[{"id":26,"name":"ELRING","slug":"elring"}],"_links":{"self":[{"href":"https:\/\/www.autonvaraosahaku.fi\/index.php?rest_route=\/wp\/v2\/product\/44521","targetHints":{"allow":["GET"]}}],"collection":[{"href":"https:\/\/www.autonvaraosahaku.fi\/index.php?rest_route=\/wp\/v2\/product"}],"about":[{"href":"https:\/\/www.autonvaraosahaku.fi\/index.php?rest_route=\/wp\/v2\/types\/product"}],"wp:attachment":[{"href":"https:\/\/www.autonvaraosahaku.fi\/index.php?rest_route=%2Fwp%2Fv2%2Fmedia&parent=44521"}],"wp:term":[{"taxonomy":"pwb-brand","embeddable":true,"href":"https:\/\/www.autonvaraosahaku.fi\/index.php?rest_route=%2Fwp%2Fv2%2Fpwb-brand&post=44521"},{"taxonomy":"product_cat","embeddable":true,"href":"https:\/\/www.autonvaraosahaku.fi\/index.php?rest_route=%2Fwp%2Fv2%2Fproduct_cat&post=44521"},{"taxonomy":"product_tag","embeddable":true,"href":"https:\/\/www.autonvaraosahaku.fi\/index.php?rest_route=%2Fwp%2Fv2%2Fproduct_tag&post=44521"}],"curies":[{"name":"wp","href":"https:\/\/api.w.org\/{rel}","templated":true}]}}