{"id":44528,"date":"2021-02-21T17:03:38","date_gmt":"2021-02-21T17:03:38","guid":{"rendered":"https:\/\/www.autonvaraosahaku.fi\/?product=ate-13-0470-7179-2-jarrupalat"},"modified":"2021-02-21T17:03:40","modified_gmt":"2021-02-21T17:03:40","slug":"ate-13-0470-7179-2-jarrupalat","status":"publish","type":"product","link":"https:\/\/www.autonvaraosahaku.fi\/?product=ate-13-0470-7179-2-jarrupalat","title":{"rendered":"ATE 13.0470-7179.2 Jarrupalat"},"content":{"rendered":"<p>Leveys 1 (mm): 155,1; Korkeus 1 (mm): 69,7; Paksuus 1 [mm]: 20,5; Leveys 2 (mm): 156,3; Korkeus 2 (mm): 76,0; Paksuus 2 [mm]: 20,2; Kulumisenilmaisimen liitos: ilman kulumisvaroitinkosketinta, akustisella kulumavaroittimella; Kulumisvaroittimia [pro Achse]: 2; Jarruj\u00e4rjestelm\u00e4: ATE; Tarkistuskilpi: E1 90R-02A0258\/0225; MAPP-koodi saatavilla: ; Suositellun tarvikkeen tuotenumero: 24.8190-0720.2; Huomioi mitat: ; M\u00e4\u00e4r\u00e4yksikk\u00f6: Akselisarja; Tuotelinja: Ceramic; Tuning: 1; Asennuspuoli: Vorderachse; OPEL: CORSA D,CORSA C F08, F68,ZAFIRA B A05,ASTRA H Caravan L35,MERIVA,ASTRA H L48,ASTRA H GTC L08,MERIVA B,ADAM,ASTRA H TwinTop L67,COMBO Kasten\/Kombi,ZAFIRA B Van,COMBO Tour,CORSA D Van,CORSA C Kasten F08, W5L,ASTRA H Stufenheck L69,COMBO 71_,ASTRA H Kasten L70,CORSA E,CORSA E Van,ASTRA CLASSIC Caravan,ASTRA CLASSIC L48,ASTRA CLASSIC Stufenheck; VAUXHALL: CORSA Mk III D L_8,ZAFIRA Mk II B M75,ASTRA Mk V H CC,ADAM,CORSA Mk II C W5L, F08,ASTRA Mk V H Estate,ASTRA Mk V H Convertible,MERIVA Mk I A,MERIVA Mk II B,ASTRAVAN Mk V H,CORSA Mk IV E,COMBO TOUR Mk II C F25,COMBO Mk II C Kasten\/Kombi F25; 1605080, 1605099, 1605177, 1605252, 1605456, 1605992, 1605996, 1605997, 1605998, 93176429, 93179707, 93179708, 93181189, 93186713, 93189698, 93192578, 95514416, 1605080, 1605099, 1605177, 1605252, 1605456, 1605992, 1605996, 1605997, 1605998, 93176429, 93179707, 93179708, 93181189, 93186713, 93189698, 93192578, 95514416; Jarrupalasarja,Jarrupala, Levyjarru<\/p>\n","protected":false},"excerpt":{"rendered":"<p>ATE Jarrupalat 13.0470-7179.2 Jarrupalasarja,Jarrupala, Levyjarru OPEL,VAUXHALL,CORSA D,CORSA C F08, F68,ZAFIRA B A05,ASTRA H Caravan L35,MERIVA<\/p>\n","protected":false},"featured_media":0,"template":"","meta":{"site-sidebar-layout":"default","site-content-layout":"default","ast-global-header-display":"","ast-main-header-display":"","ast-hfb-above-header-display":"","ast-hfb-below-header-display":"","ast-hfb-mobile-header-display":"","site-post-title":"","ast-breadcrumbs-content":"","ast-featured-img":"","footer-sml-layout":"","theme-transparent-header-meta":"","adv-header-id-meta":"","stick-header-meta":"","header-above-stick-meta":"","header-main-stick-meta":"","header-below-stick-meta":""},"pwb-brand":[108],"product_cat":[100],"product_tag":[],"class_list":{"0":"post-44528","1":"product","2":"type-product","3":"status-publish","5":"pwb-brand-ate","6":"product_cat-jarrupalat","7":"desktop-align-left","8":"tablet-align-left","9":"mobile-align-left","11":"first","12":"instock","13":"product-type-external"},"brands":[{"id":108,"name":"ATE","slug":"ate"}],"_links":{"self":[{"href":"https:\/\/www.autonvaraosahaku.fi\/index.php?rest_route=\/wp\/v2\/product\/44528","targetHints":{"allow":["GET"]}}],"collection":[{"href":"https:\/\/www.autonvaraosahaku.fi\/index.php?rest_route=\/wp\/v2\/product"}],"about":[{"href":"https:\/\/www.autonvaraosahaku.fi\/index.php?rest_route=\/wp\/v2\/types\/product"}],"wp:attachment":[{"href":"https:\/\/www.autonvaraosahaku.fi\/index.php?rest_route=%2Fwp%2Fv2%2Fmedia&parent=44528"}],"wp:term":[{"taxonomy":"pwb-brand","embeddable":true,"href":"https:\/\/www.autonvaraosahaku.fi\/index.php?rest_route=%2Fwp%2Fv2%2Fpwb-brand&post=44528"},{"taxonomy":"product_cat","embeddable":true,"href":"https:\/\/www.autonvaraosahaku.fi\/index.php?rest_route=%2Fwp%2Fv2%2Fproduct_cat&post=44528"},{"taxonomy":"product_tag","embeddable":true,"href":"https:\/\/www.autonvaraosahaku.fi\/index.php?rest_route=%2Fwp%2Fv2%2Fproduct_tag&post=44528"}],"curies":[{"name":"wp","href":"https:\/\/api.w.org\/{rel}","templated":true}]}}