{"id":44536,"date":"2021-02-21T17:03:38","date_gmt":"2021-02-21T17:03:38","guid":{"rendered":"https:\/\/www.autonvaraosahaku.fi\/?product=hella-9el-964-952-001-takavalot"},"modified":"2021-02-21T17:03:42","modified_gmt":"2021-02-21T17:03:42","slug":"hella-9el-964-952-001-takavalot","status":"publish","type":"product","link":"https:\/\/www.autonvaraosahaku.fi\/?product=hella-9el-964-952-001-takavalot","title":{"rendered":"HELLA 9EL 964 952-001 Takavalot"},"content":{"rendered":"<p>Asennuspuoli: Oikea; Korvaava tuote\/korvaava tiedote 2: ilman polttimoita; Lis\u00e4tarvike\/lis\u00e4tieto: Ilman lampun kantaa; Lyhdyn muoto: Hehkulankatekniikka; Tarkistuskilpi: E1 1353, ECE; Lyhtytoimintojen m\u00e4\u00e4r\u00e4: 2; Lamppumalli: P21W, W5W; Valotoiminto: peruutusvalolla, Takavalolla; Vasen \/ oikea liikenne: Ohjaus vasemmalla; Vasen \/ oikea liikenne: Oikeanpuoleiselle liikenteelle; parilliset tuotenumerot: 9EL 964 951-001; Osa: Sis\u00e4 osa; Lis\u00e4ksi tarvittavat tuotteet (tuotenumero): 9EL 964 950-001; SEAT: CORDOBA 6L2; 6L5945108; Takavalo<\/p>\n","protected":false},"excerpt":{"rendered":"<p>HELLA Takavalot 9EL 964 952-001 Takavalo SEAT,CORDOBA 6L2<\/p>\n","protected":false},"featured_media":0,"template":"","meta":{"site-sidebar-layout":"default","site-content-layout":"default","ast-global-header-display":"","ast-main-header-display":"","ast-hfb-above-header-display":"","ast-hfb-below-header-display":"","ast-hfb-mobile-header-display":"","site-post-title":"","ast-breadcrumbs-content":"","ast-featured-img":"","footer-sml-layout":"","theme-transparent-header-meta":"","adv-header-id-meta":"","stick-header-meta":"","header-above-stick-meta":"","header-main-stick-meta":"","header-below-stick-meta":""},"pwb-brand":[24],"product_cat":[159],"product_tag":[],"class_list":{"0":"post-44536","1":"product","2":"type-product","3":"status-publish","5":"pwb-brand-hella","6":"product_cat-takavalot","7":"desktop-align-left","8":"tablet-align-left","9":"mobile-align-left","11":"first","12":"instock","13":"product-type-external"},"brands":[{"id":24,"name":"HELLA","slug":"hella"}],"_links":{"self":[{"href":"https:\/\/www.autonvaraosahaku.fi\/index.php?rest_route=\/wp\/v2\/product\/44536","targetHints":{"allow":["GET"]}}],"collection":[{"href":"https:\/\/www.autonvaraosahaku.fi\/index.php?rest_route=\/wp\/v2\/product"}],"about":[{"href":"https:\/\/www.autonvaraosahaku.fi\/index.php?rest_route=\/wp\/v2\/types\/product"}],"wp:attachment":[{"href":"https:\/\/www.autonvaraosahaku.fi\/index.php?rest_route=%2Fwp%2Fv2%2Fmedia&parent=44536"}],"wp:term":[{"taxonomy":"pwb-brand","embeddable":true,"href":"https:\/\/www.autonvaraosahaku.fi\/index.php?rest_route=%2Fwp%2Fv2%2Fpwb-brand&post=44536"},{"taxonomy":"product_cat","embeddable":true,"href":"https:\/\/www.autonvaraosahaku.fi\/index.php?rest_route=%2Fwp%2Fv2%2Fproduct_cat&post=44536"},{"taxonomy":"product_tag","embeddable":true,"href":"https:\/\/www.autonvaraosahaku.fi\/index.php?rest_route=%2Fwp%2Fv2%2Fproduct_tag&post=44536"}],"curies":[{"name":"wp","href":"https:\/\/api.w.org\/{rel}","templated":true}]}}