{"id":44574,"date":"2021-02-21T17:03:49","date_gmt":"2021-02-21T17:03:49","guid":{"rendered":"https:\/\/www.autonvaraosahaku.fi\/?product=mapco-8824-jarrukengat"},"modified":"2021-02-21T17:03:52","modified_gmt":"2021-02-21T17:03:52","slug":"mapco-8824-jarrukengat","status":"publish","type":"product","link":"https:\/\/www.autonvaraosahaku.fi\/?product=mapco-8824-jarrukengat","title":{"rendered":"MAPCO 8824 Jarrukeng\u00e4t"},"content":{"rendered":"<p>Asennuspuoli: Taka-akseli; Jarrupala\/-hihna: P\u00e4\u00e4llysteell\u00e4; Leveys (mm): 25; L\u00e4pimitta [mm]: 160; Valmistusvuosi alkaen: 08\/1987; SAAB: 9-5 Kombi YS3E,9-3 YS3D,9-5 YS3E,9-3 Cabriolet YS3D,900 II Cabriolet,900 II,900 II Coupe; OPEL: ASTRA G CC F48_, F08_,OMEGA A 16_, 17_, 19_,ASTRA G Caravan F35_,VECTRA B 36_,ASTRA F CC 53_, 54_, 58_, 59_,OMEGA B Caravan 21_, 22_, 23_,OMEGA B 25_, 26_, 27_,VECTRA B Caravan 31_,ASTRA F Caravan 51_, 52_,ASTRA G Coupe F07_,ASTRA G Stufenheck F69_,CALIBRA A 85_,VECTRA B CC 38_,VECTRA A 86_, 87_,ASTRA F Cabriolet 53_B,ASTRA F 56_, 57_,KADETT E CC 33_, 34_, 43_, 44_,VECTRA A CC 88_, 89_,MONZA A 22_,SENATOR B 29_,SENATOR A 29_,OMEGA A Caravan 66_, 67_,DIPLOMAT B,ADMIRAL B,KADETT E 39_, 49_,ADMIRAL A,KAPIT\u00c4N,COMMODORE B Coupe,COMMODORE B; VAUXHALL: CALIBRA,ASTRA Mk III F CC,OMEGA B,ASTRA Mk II CC,VECTRA B CC,CAVALIER Mk III 87,VECTRA B Estate,VECTRA B,CAVALIER Mk III CC,OMEGA B Estate,CARLTON Mk III; 90273259, 90343627, 90509606, 90512907, 90541931, 1605686, 1605764, 1605897, 1605921, 1605938, 552152, 90063339, 90273259, 90349868, 90509606, 90512907, 90541931, 4543419, 4544326, 4836441, 4838660; Jarrukenk\u00e4sarja<\/p>\n","protected":false},"excerpt":{"rendered":"<p>MAPCO Jarrukeng\u00e4t 8824 Jarrukenk\u00e4sarja SAAB,OPEL,VAUXHALL,9-5 Kombi YS3E,9-3 YS3D,9-5 YS3E,9-3 Cabriolet YS3D,900 II Cabriolet,900 II,900 II Coupe<\/p>\n","protected":false},"featured_media":0,"template":"","meta":{"site-sidebar-layout":"default","site-content-layout":"default","ast-global-header-display":"","ast-main-header-display":"","ast-hfb-above-header-display":"","ast-hfb-below-header-display":"","ast-hfb-mobile-header-display":"","site-post-title":"","ast-breadcrumbs-content":"","ast-featured-img":"","footer-sml-layout":"","theme-transparent-header-meta":"","adv-header-id-meta":"","stick-header-meta":"","header-above-stick-meta":"","header-main-stick-meta":"","header-below-stick-meta":""},"pwb-brand":[36],"product_cat":[176],"product_tag":[],"class_list":{"0":"post-44574","1":"product","2":"type-product","3":"status-publish","5":"pwb-brand-mapco","6":"product_cat-jarrukengat","7":"desktop-align-left","8":"tablet-align-left","9":"mobile-align-left","11":"first","12":"instock","13":"product-type-external"},"brands":[{"id":36,"name":"MAPCO","slug":"mapco"}],"_links":{"self":[{"href":"https:\/\/www.autonvaraosahaku.fi\/index.php?rest_route=\/wp\/v2\/product\/44574","targetHints":{"allow":["GET"]}}],"collection":[{"href":"https:\/\/www.autonvaraosahaku.fi\/index.php?rest_route=\/wp\/v2\/product"}],"about":[{"href":"https:\/\/www.autonvaraosahaku.fi\/index.php?rest_route=\/wp\/v2\/types\/product"}],"wp:attachment":[{"href":"https:\/\/www.autonvaraosahaku.fi\/index.php?rest_route=%2Fwp%2Fv2%2Fmedia&parent=44574"}],"wp:term":[{"taxonomy":"pwb-brand","embeddable":true,"href":"https:\/\/www.autonvaraosahaku.fi\/index.php?rest_route=%2Fwp%2Fv2%2Fpwb-brand&post=44574"},{"taxonomy":"product_cat","embeddable":true,"href":"https:\/\/www.autonvaraosahaku.fi\/index.php?rest_route=%2Fwp%2Fv2%2Fproduct_cat&post=44574"},{"taxonomy":"product_tag","embeddable":true,"href":"https:\/\/www.autonvaraosahaku.fi\/index.php?rest_route=%2Fwp%2Fv2%2Fproduct_tag&post=44574"}],"curies":[{"name":"wp","href":"https:\/\/api.w.org\/{rel}","templated":true}]}}