{"id":44577,"date":"2021-02-21T17:03:49","date_gmt":"2021-02-21T17:03:49","guid":{"rendered":"https:\/\/www.autonvaraosahaku.fi\/?product=mapco-60575-ilmansuodatin"},"modified":"2021-02-21T17:03:53","modified_gmt":"2021-02-21T17:03:53","slug":"mapco-60575-ilmansuodatin","status":"publish","type":"product","link":"https:\/\/www.autonvaraosahaku.fi\/?product=mapco-60575-ilmansuodatin","title":{"rendered":"MAPCO 60575 Ilmansuodatin"},"content":{"rendered":"<p>Suodatintyyppi: Suodatinpanos; Muoto: Py\u00f6re\u00e4; Sis\u00e4l\u00e4pimitta [mm]: 326; Ulkol\u00e4pimitta [mm]: 408; Korkeus (mm): 56; Valmistusvuosi alkaen: 10\/1988; MERCEDES-BENZ: 190 W201,Stufenheck W124,KOMBI Kombi S124,COUPE C124; 0030943804, 0030945804<\/p>\n","protected":false},"excerpt":{"rendered":"<p>MAPCO Ilmansuodatin 60575  MERCEDES-BENZ,190 W201,Stufenheck W124,KOMBI Kombi S124,COUPE C124<\/p>\n","protected":false},"featured_media":0,"template":"","meta":{"site-sidebar-layout":"default","site-content-layout":"default","ast-global-header-display":"","ast-main-header-display":"","ast-hfb-above-header-display":"","ast-hfb-below-header-display":"","ast-hfb-mobile-header-display":"","site-post-title":"","ast-breadcrumbs-content":"","ast-featured-img":"","footer-sml-layout":"","theme-transparent-header-meta":"","adv-header-id-meta":"","stick-header-meta":"","header-above-stick-meta":"","header-main-stick-meta":"","header-below-stick-meta":""},"pwb-brand":[36],"product_cat":[31],"product_tag":[],"class_list":{"0":"post-44577","1":"product","2":"type-product","3":"status-publish","5":"pwb-brand-mapco","6":"product_cat-ilmansuodatin","7":"desktop-align-left","8":"tablet-align-left","9":"mobile-align-left","11":"first","12":"instock","13":"product-type-external"},"brands":[{"id":36,"name":"MAPCO","slug":"mapco"}],"_links":{"self":[{"href":"https:\/\/www.autonvaraosahaku.fi\/index.php?rest_route=\/wp\/v2\/product\/44577","targetHints":{"allow":["GET"]}}],"collection":[{"href":"https:\/\/www.autonvaraosahaku.fi\/index.php?rest_route=\/wp\/v2\/product"}],"about":[{"href":"https:\/\/www.autonvaraosahaku.fi\/index.php?rest_route=\/wp\/v2\/types\/product"}],"wp:attachment":[{"href":"https:\/\/www.autonvaraosahaku.fi\/index.php?rest_route=%2Fwp%2Fv2%2Fmedia&parent=44577"}],"wp:term":[{"taxonomy":"pwb-brand","embeddable":true,"href":"https:\/\/www.autonvaraosahaku.fi\/index.php?rest_route=%2Fwp%2Fv2%2Fpwb-brand&post=44577"},{"taxonomy":"product_cat","embeddable":true,"href":"https:\/\/www.autonvaraosahaku.fi\/index.php?rest_route=%2Fwp%2Fv2%2Fproduct_cat&post=44577"},{"taxonomy":"product_tag","embeddable":true,"href":"https:\/\/www.autonvaraosahaku.fi\/index.php?rest_route=%2Fwp%2Fv2%2Fproduct_tag&post=44577"}],"curies":[{"name":"wp","href":"https:\/\/api.w.org\/{rel}","templated":true}]}}