{"id":44583,"date":"2021-02-21T17:03:54","date_gmt":"2021-02-21T17:03:54","guid":{"rendered":"https:\/\/www.autonvaraosahaku.fi\/?product=febi-bilstein-28673-jarruletku"},"modified":"2021-02-21T17:03:55","modified_gmt":"2021-02-21T17:03:55","slug":"febi-bilstein-28673-jarruletku","status":"publish","type":"product","link":"https:\/\/www.autonvaraosahaku.fi\/?product=febi-bilstein-28673-jarruletku","title":{"rendered":"FEBI BILSTEIN 28673 Jarruletku"},"content":{"rendered":"<p>Pituus (mm): 540; Sis\u00e4l\u00e4pimitta [mm]: 3,0; Ulkol\u00e4pimitta [mm]: 10,0; Sis\u00e4kierre (mm): M10 x 1; Ulkokierre [mm]: M10 x 1; Avainv\u00e4li: 14; Asennuspuoli: etuakseli molemminpuoleinen; Paino [kg]: 0,13, 0,13; Moottorinumero: BAH; BJA; BLH; CCRA; VW: POLO 9N_,FOX 5Z1, 5Z3,POLO Stufenheck 9A4,LUPO 5Z1,POLO Stufenheck 9N4,FOX; SKODA: FABIA Combi 6Y5,FABIA,FABIA 6Y2,FABIA Combi,ROOMSTER 5J,FABIA Stufenheck 6Y3,ROOMSTER Praktik 5J,FABIA Praktik; SEAT: IBIZA IV 6L1,CORDOBA 6L2; 6Q0611701A, 6Q0611701B, 6Q0611701C, 6Q0611701E, 6Q0611701F, 6Q0611701A, 6Q0611701B, 6Q0611701C, 6Q0611701E, 6Q0611701F, 6Q0611701A, 6Q0611701B, 6Q0611701C, 6Q0611701E, 6Q0611701F<\/p>\n","protected":false},"excerpt":{"rendered":"<p>FEBI BILSTEIN Jarruletku 28673  VW,SKODA,SEAT,POLO 9N_,FOX 5Z1, 5Z3,POLO Stufenheck 9A4,LUPO 5Z1,POLO Stufenheck 9N4,FOX,FABIA Combi 6Y5,FABIA<\/p>\n","protected":false},"featured_media":0,"template":"","meta":{"site-sidebar-layout":"default","site-content-layout":"default","ast-global-header-display":"","ast-main-header-display":"","ast-hfb-above-header-display":"","ast-hfb-below-header-display":"","ast-hfb-mobile-header-display":"","site-post-title":"","ast-breadcrumbs-content":"","ast-featured-img":"","footer-sml-layout":"","theme-transparent-header-meta":"","adv-header-id-meta":"","stick-header-meta":"","header-above-stick-meta":"","header-main-stick-meta":"","header-below-stick-meta":""},"pwb-brand":[50],"product_cat":[70],"product_tag":[],"class_list":{"0":"post-44583","1":"product","2":"type-product","3":"status-publish","5":"pwb-brand-febi-bilstein","6":"product_cat-jarruletku","7":"desktop-align-left","8":"tablet-align-left","9":"mobile-align-left","11":"first","12":"instock","13":"product-type-external"},"brands":[{"id":50,"name":"FEBI BILSTEIN","slug":"febi-bilstein"}],"_links":{"self":[{"href":"https:\/\/www.autonvaraosahaku.fi\/index.php?rest_route=\/wp\/v2\/product\/44583","targetHints":{"allow":["GET"]}}],"collection":[{"href":"https:\/\/www.autonvaraosahaku.fi\/index.php?rest_route=\/wp\/v2\/product"}],"about":[{"href":"https:\/\/www.autonvaraosahaku.fi\/index.php?rest_route=\/wp\/v2\/types\/product"}],"wp:attachment":[{"href":"https:\/\/www.autonvaraosahaku.fi\/index.php?rest_route=%2Fwp%2Fv2%2Fmedia&parent=44583"}],"wp:term":[{"taxonomy":"pwb-brand","embeddable":true,"href":"https:\/\/www.autonvaraosahaku.fi\/index.php?rest_route=%2Fwp%2Fv2%2Fpwb-brand&post=44583"},{"taxonomy":"product_cat","embeddable":true,"href":"https:\/\/www.autonvaraosahaku.fi\/index.php?rest_route=%2Fwp%2Fv2%2Fproduct_cat&post=44583"},{"taxonomy":"product_tag","embeddable":true,"href":"https:\/\/www.autonvaraosahaku.fi\/index.php?rest_route=%2Fwp%2Fv2%2Fproduct_tag&post=44583"}],"curies":[{"name":"wp","href":"https:\/\/api.w.org\/{rel}","templated":true}]}}