{"id":44629,"date":"2021-02-21T17:04:05","date_gmt":"2021-02-21T17:04:05","guid":{"rendered":"https:\/\/www.autonvaraosahaku.fi\/?product=hella-8gs-007-001-151-lamput-hehkulamppu"},"modified":"2021-02-21T17:04:07","modified_gmt":"2021-02-21T17:04:07","slug":"hella-8gs-007-001-151-lamput-hehkulamppu","status":"publish","type":"product","link":"https:\/\/www.autonvaraosahaku.fi\/?product=hella-8gs-007-001-151-lamput-hehkulamppu","title":{"rendered":"HELLA 8GS 007 001-151 Lamput (hehkulamppu)"},"content":{"rendered":"<p>Lamppumalli: D2R (kaasupurkauslamppu); J\u00e4nnite (V): 85; Nimellisteho (W): 35; M\u00e4\u00e4r\u00e4: 1; Tarkistuskilpi: E1; Kantamalli: P 32 d-3; Pakkaustyyppi: Laatikko; Lyhdyn muoto: Bi-Xenon; AUDI: A8 4D2, 4D8; MERCEDES-BENZ: C-CLASS W203,C-CLASS T-Model S203,C-CLASS W202,E-CLASS W210,M-CLASS W163,E-CLASS Kombi S210,CLK C208,S-CLASS W220,CLK Cabriolet A208,S-CLASS W140,S-CLASS Coupe C126,S-CLASS Coupe C215,S-CLASS Coupe C140,ACTROS MP2 \/ MP3; RENAULT: LAGUNA II Grandtour KG0\/1_,LAGUNA II BG0\/1_; FIAT: STILO 192,STILO Multi Wagon 192; PEUGEOT: 607 9D, 9U; CITRO\u00cbN: C5 I DC_,C5 I Break DE_; NISSAN: QASHQAI \/ QASHQAI +2 J10, JJ10,PATHFINDER R51,350 Z Z33,MURANO Z50,350 Z Roadster Z33,MAXIMA QX A33,TEANA II J32; HONDA: CIVIC VIII Hatchback FN, FK,JAZZ III GE,CIVIC VIII Stufenheck FD, FA; VOLVO: V40 Kombi VW,V70 II SW,XC90 I,S60 I,S80 I TS, XY,XC70 CROSS COUNTRY,S40 I VS; MITSUBISHI: OUTLANDER XL II CW_W,GRANDIS NA_W; 81259010109, 0025443294, A0025443294, N910139000000<\/p>\n","protected":false},"excerpt":{"rendered":"<p>HELLA Polttimo, Kaukovalo STANDARD 8GS 007 001-151  AUDI,MERCEDES-BENZ,RENAULT,A8 4D2, 4D8,C-CLASS W203,C-CLASS T-Model S203,C-CLASS W202,E-CLASS W210<\/p>\n","protected":false},"featured_media":0,"template":"","meta":{"site-sidebar-layout":"default","site-content-layout":"default","ast-global-header-display":"","ast-main-header-display":"","ast-hfb-above-header-display":"","ast-hfb-below-header-display":"","ast-hfb-mobile-header-display":"","site-post-title":"","ast-breadcrumbs-content":"","ast-featured-img":"","footer-sml-layout":"","theme-transparent-header-meta":"","adv-header-id-meta":"","stick-header-meta":"","header-above-stick-meta":"","header-main-stick-meta":"","header-below-stick-meta":""},"pwb-brand":[24],"product_cat":[151],"product_tag":[],"class_list":{"0":"post-44629","1":"product","2":"type-product","3":"status-publish","5":"pwb-brand-hella","6":"product_cat-lamput-hehkulamppu","7":"desktop-align-left","8":"tablet-align-left","9":"mobile-align-left","11":"first","12":"instock","13":"product-type-external"},"brands":[{"id":24,"name":"HELLA","slug":"hella"}],"_links":{"self":[{"href":"https:\/\/www.autonvaraosahaku.fi\/index.php?rest_route=\/wp\/v2\/product\/44629","targetHints":{"allow":["GET"]}}],"collection":[{"href":"https:\/\/www.autonvaraosahaku.fi\/index.php?rest_route=\/wp\/v2\/product"}],"about":[{"href":"https:\/\/www.autonvaraosahaku.fi\/index.php?rest_route=\/wp\/v2\/types\/product"}],"wp:attachment":[{"href":"https:\/\/www.autonvaraosahaku.fi\/index.php?rest_route=%2Fwp%2Fv2%2Fmedia&parent=44629"}],"wp:term":[{"taxonomy":"pwb-brand","embeddable":true,"href":"https:\/\/www.autonvaraosahaku.fi\/index.php?rest_route=%2Fwp%2Fv2%2Fpwb-brand&post=44629"},{"taxonomy":"product_cat","embeddable":true,"href":"https:\/\/www.autonvaraosahaku.fi\/index.php?rest_route=%2Fwp%2Fv2%2Fproduct_cat&post=44629"},{"taxonomy":"product_tag","embeddable":true,"href":"https:\/\/www.autonvaraosahaku.fi\/index.php?rest_route=%2Fwp%2Fv2%2Fproduct_tag&post=44629"}],"curies":[{"name":"wp","href":"https:\/\/api.w.org\/{rel}","templated":true}]}}