{"id":44645,"date":"2021-02-21T17:04:10","date_gmt":"2021-02-21T17:04:10","guid":{"rendered":"https:\/\/www.autonvaraosahaku.fi\/?product=ufi-23-546-00-oljynsuodatin"},"modified":"2021-02-21T17:04:12","modified_gmt":"2021-02-21T17:04:12","slug":"ufi-23-546-00-oljynsuodatin","status":"publish","type":"product","link":"https:\/\/www.autonvaraosahaku.fi\/?product=ufi-23-546-00-oljynsuodatin","title":{"rendered":"UFI 23.546.00 \u00d6ljynsuodatin"},"content":{"rendered":"<p>Ulkol\u00e4pimitta [mm]: 96,0; Ulkol\u00e4pimitta 2 [mm]: 72,0; Sis\u00e4l\u00e4pimitta 1 [mm]: 62,0; Ulkol\u00e4pimitta 1 [mm]: 97,0; Kierremitta: M 22 X 1,5; Korkeus (mm): 143,0; Avauspaine ohitusventtiili [bar]: 2,5; Korvaava tuote\/korvaava tiedote 2: yhdell\u00e4 peruutuksenestoventtiilill\u00e4; IVECO: DAILY IV Kasten\/Kombi,DAILY IV Pritsche\/Fahrgestell,DAILY V Kasten\/Kombi,DAILY V Pritsche\/Fahrgestell,MASSIF Station Wagon,DAILY IV Kipper,DAILY V Kipper,MASSIF Single Cab,MASSIF Pick-up,DAILY VI Kasten\/Kombi,DAILY VI Pritsche\/Fahrgestell,DAILY VI Bus,DAILY TOURYS Bus,DAILY CITYS; FIAT: DUCATO Kasten 250,DUCATO Pritsche\/Fahrgestell 250,DUCATO Bus 250; CITRO\u00cbN: JUMPER Kasten,JUMPER Bus,JUMPER Pritsche\/Fahrgestell; PEUGEOT: BOXER Kasten,BOXER Bus,BOXER Pritsche\/Fahrgestell; MULTICAR: Fumo; 68095335AA, 1109AG, 1109AT, 1109Z8, 1606267580, 71741510, 71749828, 8094864, 2995655, 1109AF, 1109AG, 1109AT, 1109Z7<\/p>\n","protected":false},"excerpt":{"rendered":"<p>UFI \u00d6ljynsuodatin 23.546.00  IVECO,FIAT,CITRO\u00cbN,DAILY IV Kasten\/Kombi,DAILY IV Pritsche\/Fahrgestell,DAILY V Kasten\/Kombi,DAILY V Pritsche\/Fahrgestell<\/p>\n","protected":false},"featured_media":0,"template":"","meta":{"site-sidebar-layout":"default","site-content-layout":"default","ast-global-header-display":"","ast-main-header-display":"","ast-hfb-above-header-display":"","ast-hfb-below-header-display":"","ast-hfb-mobile-header-display":"","site-post-title":"","ast-breadcrumbs-content":"","ast-featured-img":"","footer-sml-layout":"","theme-transparent-header-meta":"","adv-header-id-meta":"","stick-header-meta":"","header-above-stick-meta":"","header-main-stick-meta":"","header-below-stick-meta":""},"pwb-brand":[109],"product_cat":[30],"product_tag":[],"class_list":{"0":"post-44645","1":"product","2":"type-product","3":"status-publish","5":"pwb-brand-ufi","6":"product_cat-oljynsuodatin","7":"desktop-align-left","8":"tablet-align-left","9":"mobile-align-left","11":"first","12":"instock","13":"product-type-external"},"brands":[{"id":109,"name":"UFI","slug":"ufi"}],"_links":{"self":[{"href":"https:\/\/www.autonvaraosahaku.fi\/index.php?rest_route=\/wp\/v2\/product\/44645","targetHints":{"allow":["GET"]}}],"collection":[{"href":"https:\/\/www.autonvaraosahaku.fi\/index.php?rest_route=\/wp\/v2\/product"}],"about":[{"href":"https:\/\/www.autonvaraosahaku.fi\/index.php?rest_route=\/wp\/v2\/types\/product"}],"wp:attachment":[{"href":"https:\/\/www.autonvaraosahaku.fi\/index.php?rest_route=%2Fwp%2Fv2%2Fmedia&parent=44645"}],"wp:term":[{"taxonomy":"pwb-brand","embeddable":true,"href":"https:\/\/www.autonvaraosahaku.fi\/index.php?rest_route=%2Fwp%2Fv2%2Fpwb-brand&post=44645"},{"taxonomy":"product_cat","embeddable":true,"href":"https:\/\/www.autonvaraosahaku.fi\/index.php?rest_route=%2Fwp%2Fv2%2Fproduct_cat&post=44645"},{"taxonomy":"product_tag","embeddable":true,"href":"https:\/\/www.autonvaraosahaku.fi\/index.php?rest_route=%2Fwp%2Fv2%2Fproduct_tag&post=44645"}],"curies":[{"name":"wp","href":"https:\/\/api.w.org\/{rel}","templated":true}]}}