{"id":44654,"date":"2021-02-21T17:04:10","date_gmt":"2021-02-21T17:04:10","guid":{"rendered":"https:\/\/www.autonvaraosahaku.fi\/?product=fa1-761-954-pakosarjan-tiivisteet"},"modified":"2021-02-21T17:04:14","modified_gmt":"2021-02-21T17:04:14","slug":"fa1-761-954-pakosarjan-tiivisteet","status":"publish","type":"product","link":"https:\/\/www.autonvaraosahaku.fi\/?product=fa1-761-954-pakosarjan-tiivisteet","title":{"rendered":"FA1 761-954 Pakosarjan tiivisteet"},"content":{"rendered":"<p>Sis\u00e4l\u00e4pimitta [mm]: 54; Ulkol\u00e4pimitta [mm]: 69; Korkeus (mm): 17; Pakoputkisto: f\u00fcr Endschalld\u00e4mpfer; NISSAN: QASHQAI \/ QASHQAI +2 J10, JJ10,MICRA III K12,X-TRAIL T30,NOTE E11,JUKE F15,X-TRAIL T31,MICRA IV K13,PRIMERA P12,MICRA C+C K12,NOTE E12,PRIMERA Hatchback P12,TIIDA Schr\u00e4gheck,TIIDA Stufenheck SC11X,ALMERA N17; SUZUKI: SWIFT III MZ, EZ,GRAND VITARA II JT,GRAND VITARA I FT; SMART: FORFOUR 454; FIAT: FULLBACK Pick-up 502_, 503_; CITRO\u00cbN: C-CROSSER EP_; PEUGEOT: 4007 GP_; MITSUBISHI: COLT VI Z3_A, Z2_A,OUTLANDER XL II CW_W,OUTLANDER III GG_W, GF_W, ZJ,GRANDIS NA_W,COLT CZC Cabriolet RG,L 200 KB_T, KA_T,L200 KJ_; 4544920156, 4925645401, A4544920156, A4925645401, 1611298580, MR450702, 206951HD5D, 206951HJ5A, 206951HJ5D, 206958H310, 206958H320, 206958H32C, 206958H32D, 206958H32E, 20695AV310, 1712C5, 4544920156, 1418358B02, 1418358B02000, 1418358B10, 1418365D00, 1418365D00000, 1418365D10, 1418365D10000, 1418379J00, 1418379J00000<\/p>\n","protected":false},"excerpt":{"rendered":"<p>FA1 Tiivisterengas, Pakoputki 761-954  NISSAN,SUZUKI,SMART,QASHQAI \/ QASHQAI +2 J10, JJ10,MICRA III K12,X-TRAIL T30,NOTE E11,JUKE F15,X-TRAIL T31<\/p>\n","protected":false},"featured_media":0,"template":"","meta":{"site-sidebar-layout":"default","site-content-layout":"default","ast-global-header-display":"","ast-main-header-display":"","ast-hfb-above-header-display":"","ast-hfb-below-header-display":"","ast-hfb-mobile-header-display":"","site-post-title":"","ast-breadcrumbs-content":"","ast-featured-img":"","footer-sml-layout":"","theme-transparent-header-meta":"","adv-header-id-meta":"","stick-header-meta":"","header-above-stick-meta":"","header-main-stick-meta":"","header-below-stick-meta":""},"pwb-brand":[39],"product_cat":[123],"product_tag":[],"class_list":{"0":"post-44654","1":"product","2":"type-product","3":"status-publish","5":"pwb-brand-fa1","6":"product_cat-pakosarjan-tiivisteet","7":"desktop-align-left","8":"tablet-align-left","9":"mobile-align-left","11":"first","12":"instock","13":"product-type-external"},"brands":[{"id":39,"name":"FA1","slug":"fa1"}],"_links":{"self":[{"href":"https:\/\/www.autonvaraosahaku.fi\/index.php?rest_route=\/wp\/v2\/product\/44654","targetHints":{"allow":["GET"]}}],"collection":[{"href":"https:\/\/www.autonvaraosahaku.fi\/index.php?rest_route=\/wp\/v2\/product"}],"about":[{"href":"https:\/\/www.autonvaraosahaku.fi\/index.php?rest_route=\/wp\/v2\/types\/product"}],"wp:attachment":[{"href":"https:\/\/www.autonvaraosahaku.fi\/index.php?rest_route=%2Fwp%2Fv2%2Fmedia&parent=44654"}],"wp:term":[{"taxonomy":"pwb-brand","embeddable":true,"href":"https:\/\/www.autonvaraosahaku.fi\/index.php?rest_route=%2Fwp%2Fv2%2Fpwb-brand&post=44654"},{"taxonomy":"product_cat","embeddable":true,"href":"https:\/\/www.autonvaraosahaku.fi\/index.php?rest_route=%2Fwp%2Fv2%2Fproduct_cat&post=44654"},{"taxonomy":"product_tag","embeddable":true,"href":"https:\/\/www.autonvaraosahaku.fi\/index.php?rest_route=%2Fwp%2Fv2%2Fproduct_tag&post=44654"}],"curies":[{"name":"wp","href":"https:\/\/api.w.org\/{rel}","templated":true}]}}