{"id":44665,"date":"2021-02-21T17:04:16","date_gmt":"2021-02-21T17:04:16","guid":{"rendered":"https:\/\/www.autonvaraosahaku.fi\/?product=stabilus-865670-takaluukun-kaasujousi"},"modified":"2021-02-21T17:04:17","modified_gmt":"2021-02-21T17:04:17","slug":"stabilus-865670-takaluukun-kaasujousi","status":"publish","type":"product","link":"https:\/\/www.autonvaraosahaku.fi\/?product=stabilus-865670-takaluukun-kaasujousi","title":{"rendered":"STABILUS 865670 Takaluukun kaasujousi"},"content":{"rendered":"<p>Ty\u00f6nt\u00f6voima [N]: 490; Pituus (mm): 561,5; Isku (mm): 188; Tuotelinja: \/\/  LIFT-O-MAT\u00ae; Tarvittava kappalem\u00e4\u00e4r\u00e4: 2; VOLVO: V60; 31217910, 31297080, 31395910, 31395911; Kaasujousi, Tavaratila<\/p>\n","protected":false},"excerpt":{"rendered":"<p>STABILUS Takaluukun Kaasujousi 865670 Kaasujousi, Tavaratila VOLVO,V60<\/p>\n","protected":false},"featured_media":0,"template":"","meta":{"site-sidebar-layout":"default","site-content-layout":"default","ast-global-header-display":"","ast-main-header-display":"","ast-hfb-above-header-display":"","ast-hfb-below-header-display":"","ast-hfb-mobile-header-display":"","site-post-title":"","ast-breadcrumbs-content":"","ast-featured-img":"","footer-sml-layout":"","theme-transparent-header-meta":"","adv-header-id-meta":"","stick-header-meta":"","header-above-stick-meta":"","header-main-stick-meta":"","header-below-stick-meta":""},"pwb-brand":[218],"product_cat":[59],"product_tag":[],"class_list":{"0":"post-44665","1":"product","2":"type-product","3":"status-publish","5":"pwb-brand-stabilus","6":"product_cat-takaluukun-kaasujousi","7":"desktop-align-left","8":"tablet-align-left","9":"mobile-align-left","11":"first","12":"instock","13":"product-type-external"},"brands":[{"id":218,"name":"STABILUS","slug":"stabilus"}],"_links":{"self":[{"href":"https:\/\/www.autonvaraosahaku.fi\/index.php?rest_route=\/wp\/v2\/product\/44665","targetHints":{"allow":["GET"]}}],"collection":[{"href":"https:\/\/www.autonvaraosahaku.fi\/index.php?rest_route=\/wp\/v2\/product"}],"about":[{"href":"https:\/\/www.autonvaraosahaku.fi\/index.php?rest_route=\/wp\/v2\/types\/product"}],"wp:attachment":[{"href":"https:\/\/www.autonvaraosahaku.fi\/index.php?rest_route=%2Fwp%2Fv2%2Fmedia&parent=44665"}],"wp:term":[{"taxonomy":"pwb-brand","embeddable":true,"href":"https:\/\/www.autonvaraosahaku.fi\/index.php?rest_route=%2Fwp%2Fv2%2Fpwb-brand&post=44665"},{"taxonomy":"product_cat","embeddable":true,"href":"https:\/\/www.autonvaraosahaku.fi\/index.php?rest_route=%2Fwp%2Fv2%2Fproduct_cat&post=44665"},{"taxonomy":"product_tag","embeddable":true,"href":"https:\/\/www.autonvaraosahaku.fi\/index.php?rest_route=%2Fwp%2Fv2%2Fproduct_tag&post=44665"}],"curies":[{"name":"wp","href":"https:\/\/api.w.org\/{rel}","templated":true}]}}