{"id":44685,"date":"2021-02-21T17:04:21","date_gmt":"2021-02-21T17:04:21","guid":{"rendered":"https:\/\/www.autonvaraosahaku.fi\/?product=jp-group-1193102200-jaahdytysnesteen-lampotila-anturi"},"modified":"2021-02-21T17:04:23","modified_gmt":"2021-02-21T17:04:23","slug":"jp-group-1193102200-jaahdytysnesteen-lampotila-anturi","status":"publish","type":"product","link":"https:\/\/www.autonvaraosahaku.fi\/?product=jp-group-1193102200-jaahdytysnesteen-lampotila-anturi","title":{"rendered":"JP GROUP 1193102200 J\u00e4\u00e4hdytysnesteen l\u00e4mp\u00f6tila anturi"},"content":{"rendered":"<p>Napojen m\u00e4\u00e4r\u00e4: 2; V\u00e4ri: Sininen; Valmistusvuoteen: 06\/1998; VW: GOLF III 1H1,GOLF III Variant 1H5,TRANSPORTER III Bus,VENTO 1H2,TRANSPORTER III Kasten,TRANSPORTER III Pritsche\/Fahrgestell; BMW: 3 Compact E36,3 E36,3 E30,3 Coupe E36,5 E34,3 Cabriolet E30,3 Cabriolet E36,7 E32,8 E31,5 Touring E34,5 E28,6 E24,3 Touring E30,7 E23,Z1; OPEL: OMEGA A 16_, 17_, 19_,CORSA B 73_, 78_, 79_,ASTRA F CC 53_, 54_, 58_, 59_,OMEGA B Caravan 21_, 22_, 23_,OMEGA B 25_, 26_, 27_,ASTRA F Caravan 51_, 52_,CALIBRA A 85_,ASTRA F Cabriolet 53_B,ASTRA F 56_, 57_,KADETT E CC 33_, 34_, 43_, 44_,FRONTERA A Sport 5_SUD2,TIGRA 95_,FRONTERA A 5_MWL4,COMBO 71_,KADETT E Cabriolet 43B_,ASCONA C 81_, 86_, 87_, 88_,SENATOR B 29_,OMEGA A Caravan 66_, 67_,KADETT E 39_, 49_,ASCONA C CC 84_, 89_,KADETT E Caravan 35_, 36_, 45_, 46_,ASTRA F Van 55_; FIAT: PUNTO 176,PANDA 141A_,UNO 146A\/E,FIORINO Kasten 146,TIPO 160,CROMA 154,RITMO I 138A; PEUGEOT: 306 Schr\u00e4gheck 7A, 7C, N3, N5,306 Cabriolet 7D, N3, N5,106 I 1A, 1C,205 II 20A\/C,306 Break 7E, N3, N5,306 7B, N3, N5,205 I Cabriolet 741B, 20D,EXPERT Kasten 222,309 II 3C, 3A,205 I 741A\/C,405 I 15B,EXPERT 224,405 II 4B,309 I 10C, 10A,505 551A,405 II Break 4E,405 I Break 15E,305 II 581M,505 Break 551D,305 II Break 581E,EXPERT Pritsche\/Fahrgestell 223; HYUNDAI: S COUPE SLC; CITRO\u00cbN: SAXO S0, S1,AX ZA-_,ZX N2,BX XB-_,JUMPY U6U,XM Y3,CX II,ZX Break N2,BX Break XB-_,C15 VD-_,CX II Break,XM Break Y3; VOLVO: 740 Kombi 745,740 744,760 704, 764,760 Kombi 704, 765; PORSCHE: 944,924,911,911 964,968,944 Cabriolet,968 Cabriolet; SAAB: 9000 Schr\u00e4gheck,900 I Combi Coupe,900 I AC4, AM4,9000; 5972332, 60513205, 60800167, 9946866, 13621284397, 13621357414, 13621401945, 13621709966, 13621709967, 024246, 133757, 5502644, 91514549, 4393601, 46125769, 5972332, 60808142, 7770239, 98424793, 1207003, 1C1R7H141AA, 37870P5TG00, 37870PDFE01, 3922022000, 3922022010, 8942058660, 0K73718840, 4393601, ERR2081, 1338443, 1338444, 1338451, 1338458, 6238317, 90018835, 024246, 133857, 92860612501, 94460612500, 7700267388, 7700582688, UE71610, ERR2081, GTR204, 4503132, 4770228, 9357021, 8942205010, 8942205020, 1332396, 13323969, 004435008, 025906041, 6U0919501; J\u00e4\u00e4hdytysnestel\u00e4mp\u00f6tilan Sensori<\/p>\n","protected":false},"excerpt":{"rendered":"<p>JP GROUP J\u00e4\u00e4hdytysnesteen L\u00e4mp\u00f6tila Anturi JP Group 1193102200 J\u00e4\u00e4hdytysnestel\u00e4mp\u00f6tilan Sensori VW,BMW,OPEL,GOLF III 1H1,GOLF III Variant 1H5<\/p>\n","protected":false},"featured_media":0,"template":"","meta":{"site-sidebar-layout":"default","site-content-layout":"default","ast-global-header-display":"","ast-main-header-display":"","ast-hfb-above-header-display":"","ast-hfb-below-header-display":"","ast-hfb-mobile-header-display":"","site-post-title":"","ast-breadcrumbs-content":"","ast-featured-img":"","footer-sml-layout":"","theme-transparent-header-meta":"","adv-header-id-meta":"","stick-header-meta":"","header-above-stick-meta":"","header-main-stick-meta":"","header-below-stick-meta":""},"pwb-brand":[131],"product_cat":[200],"product_tag":[],"class_list":{"0":"post-44685","1":"product","2":"type-product","3":"status-publish","5":"pwb-brand-jp-group","6":"product_cat-jaahdytysnesteen-lampotila-anturi","7":"desktop-align-left","8":"tablet-align-left","9":"mobile-align-left","11":"first","12":"instock","13":"product-type-external"},"brands":[{"id":131,"name":"JP GROUP","slug":"jp-group"}],"_links":{"self":[{"href":"https:\/\/www.autonvaraosahaku.fi\/index.php?rest_route=\/wp\/v2\/product\/44685","targetHints":{"allow":["GET"]}}],"collection":[{"href":"https:\/\/www.autonvaraosahaku.fi\/index.php?rest_route=\/wp\/v2\/product"}],"about":[{"href":"https:\/\/www.autonvaraosahaku.fi\/index.php?rest_route=\/wp\/v2\/types\/product"}],"wp:attachment":[{"href":"https:\/\/www.autonvaraosahaku.fi\/index.php?rest_route=%2Fwp%2Fv2%2Fmedia&parent=44685"}],"wp:term":[{"taxonomy":"pwb-brand","embeddable":true,"href":"https:\/\/www.autonvaraosahaku.fi\/index.php?rest_route=%2Fwp%2Fv2%2Fpwb-brand&post=44685"},{"taxonomy":"product_cat","embeddable":true,"href":"https:\/\/www.autonvaraosahaku.fi\/index.php?rest_route=%2Fwp%2Fv2%2Fproduct_cat&post=44685"},{"taxonomy":"product_tag","embeddable":true,"href":"https:\/\/www.autonvaraosahaku.fi\/index.php?rest_route=%2Fwp%2Fv2%2Fproduct_tag&post=44685"}],"curies":[{"name":"wp","href":"https:\/\/api.w.org\/{rel}","templated":true}]}}