{"id":44695,"date":"2021-02-21T17:04:21","date_gmt":"2021-02-21T17:04:21","guid":{"rendered":"https:\/\/www.autonvaraosahaku.fi\/?product=jp-group-1163601010-jarrupalat"},"modified":"2021-02-21T17:04:25","modified_gmt":"2021-02-21T17:04:25","slug":"jp-group-1163601010-jarrupalat","status":"publish","type":"product","link":"https:\/\/www.autonvaraosahaku.fi\/?product=jp-group-1163601010-jarrupalat","title":{"rendered":"JP GROUP 1163601010 Jarrupalat"},"content":{"rendered":"<p>Asennuspuoli: Etuakseli; Paksuus [mm]: 19,7; Kulumisenilmaisimen liitos: kulumisanturilla; Jarruj\u00e4rjestelm\u00e4: Teves; M\u00e4\u00e4r\u00e4yksikk\u00f6: Akselisarja; PR-numerolle: 1ZF,1ZM; VW: GOLF IV 1J1,GOLF V 1K1,POLO 9N_,GOLF VI 5K1,GOLF PLUS 5M1, 521,GOLF IV Variant 1J5,CADDY III Kombi 2KB, 2KJ, 2CB, 2CJ,GOLF VI Variant AJ5,GOLF V Variant 1K5,CADDY III Kasten 2KA, 2KH, 2CA, 2CH,BORA 1J2,NEW BEETLE 9C1, 1C1,BORA Kombi 1J6,NEW BEETLE Cabriolet 1Y7,JETTA III 1K2,BEETLE 5C1,JETTA IV 162, 163,POLO Stufenheck 9A4,BEETLE Cabriolet 5C7,GOLF IV Van 1J1; AUDI: A3 8P1,A3 8L1,A3 Sportback 8PA,A2 8Z0,A3 Cabriolet 8P7; SKODA: OCTAVIA Combi 1Z5,FABIA Combi 6Y5,FABIA,FABIA 6Y2,OCTAVIA Combi 1U5,FABIA Combi,ROOMSTER 5J,YETI 5L,OCTAVIA 1Z3,OCTAVIA 1U2,CITIGO,FABIA Stufenheck 6Y3,ROOMSTER Praktik 5J,FABIA Praktik; SEAT: IBIZA IV 6L1,LEON 1P1,IBIZA V 6J5, 6P5,LEON 1M1,ALTEA 5P1,ALTEA XL 5P5, 5P8,IBIZA V ST 6J8, 6P8,TOLEDO II 1M2,IBIZA V SPORTCOUPE 6J1, 6P1,TOLEDO III 5P2; 1J0698151D, 1J0698151E, 1J0698151F, 1J0698151G, 1K0698151A, 1K0698151D, 1K0698151F, 1K0698151G, 1K0698151J, 5C0698151, 8Z0698151A, JZW698151, 1J0698151D, 1J0698151E, 1J0698151F, 1J0698151G, 1K0698151A, 1K0698151D, 1K0698151F, 1K0698151G, 1K0698151J, 5C0698151, 8Z0698151A, JZW698151, 1J0698151D, 1J0698151E, 1J0698151F, 1J0698151G, 1K0698151A, 1K0698151D, 1K0698151F, 1K0698151G, 1K0698151J, 5C0698151, 8Z0698151A, JZW698151, 1J0698151D, 1J0698151E, 1J0698151F, 1J0698151G, 1K0698151A, 1K0698151D, 1K0698151F, 1K0698151G, 1K0698151J, 5C0698151, 8Z0698151A, JZW698151; Jarrupalasarja,Jarrupala, Levyjarru<\/p>\n","protected":false},"excerpt":{"rendered":"<p>JP GROUP Jarrupalat JP Group 1163601010 Jarrupalasarja,Jarrupala, Levyjarru VW,AUDI,SKODA,GOLF IV 1J1,GOLF V 1K1,POLO 9N_,GOLF VI 5K1<\/p>\n","protected":false},"featured_media":0,"template":"","meta":{"site-sidebar-layout":"default","site-content-layout":"default","ast-global-header-display":"","ast-main-header-display":"","ast-hfb-above-header-display":"","ast-hfb-below-header-display":"","ast-hfb-mobile-header-display":"","site-post-title":"","ast-breadcrumbs-content":"","ast-featured-img":"","footer-sml-layout":"","theme-transparent-header-meta":"","adv-header-id-meta":"","stick-header-meta":"","header-above-stick-meta":"","header-main-stick-meta":"","header-below-stick-meta":""},"pwb-brand":[131],"product_cat":[100],"product_tag":[],"class_list":{"0":"post-44695","1":"product","2":"type-product","3":"status-publish","5":"pwb-brand-jp-group","6":"product_cat-jarrupalat","7":"desktop-align-left","8":"tablet-align-left","9":"mobile-align-left","11":"first","12":"instock","13":"product-type-external"},"brands":[{"id":131,"name":"JP GROUP","slug":"jp-group"}],"_links":{"self":[{"href":"https:\/\/www.autonvaraosahaku.fi\/index.php?rest_route=\/wp\/v2\/product\/44695","targetHints":{"allow":["GET"]}}],"collection":[{"href":"https:\/\/www.autonvaraosahaku.fi\/index.php?rest_route=\/wp\/v2\/product"}],"about":[{"href":"https:\/\/www.autonvaraosahaku.fi\/index.php?rest_route=\/wp\/v2\/types\/product"}],"wp:attachment":[{"href":"https:\/\/www.autonvaraosahaku.fi\/index.php?rest_route=%2Fwp%2Fv2%2Fmedia&parent=44695"}],"wp:term":[{"taxonomy":"pwb-brand","embeddable":true,"href":"https:\/\/www.autonvaraosahaku.fi\/index.php?rest_route=%2Fwp%2Fv2%2Fpwb-brand&post=44695"},{"taxonomy":"product_cat","embeddable":true,"href":"https:\/\/www.autonvaraosahaku.fi\/index.php?rest_route=%2Fwp%2Fv2%2Fproduct_cat&post=44695"},{"taxonomy":"product_tag","embeddable":true,"href":"https:\/\/www.autonvaraosahaku.fi\/index.php?rest_route=%2Fwp%2Fv2%2Fproduct_tag&post=44695"}],"curies":[{"name":"wp","href":"https:\/\/api.w.org\/{rel}","templated":true}]}}