{"id":44740,"date":"2021-02-21T17:04:38","date_gmt":"2021-02-21T17:04:38","guid":{"rendered":"https:\/\/www.autonvaraosahaku.fi\/?product=corteco-20029115b-nokka-akselin-tiiviste"},"modified":"2021-02-21T17:04:38","modified_gmt":"2021-02-21T17:04:38","slug":"corteco-20029115b-nokka-akselin-tiiviste","status":"publish","type":"product","link":"https:\/\/www.autonvaraosahaku.fi\/?product=corteco-20029115b-nokka-akselin-tiiviste","title":{"rendered":"CORTECO 20029115B Nokka akselin tiiviste"},"content":{"rendered":"<p>Sis\u00e4l\u00e4pimitta 1 [mm]: 27; Ulkol\u00e4pimitta 1 [mm]: 47; Korkeus 1 (mm): 7; Materiaali: PTFE (polytetrafluorietyleeni); Rihlamalli: Oikea kierre; Suojavaippa: Suojakumilla; Korvaava tuote\/korvaava tiedote 2: asennushylsyill\u00e4; Moottorinumero: T1DA; MAZDA: 3 BK,2 DY,2 DE,3 BL,5 CW,3 Stufenheck BK; VOLVO: V50 MW,V70 III BW,C30,S40 II MS,S80 II AS; SUZUKI: SX4 EY, GY,LIANA Schr\u00e4gheck,LIANA ER; FORD: FIESTA V JH_, JD_,FOCUS II Kombi DA_,FIESTA VI,MONDEO IV Turnier BA7,FOCUS II DA_,FOCUS III Turnier,FOCUS C-MAX,FUSION JU_,C-MAX DM2,FOCUS III,C-MAX II,MONDEO IV BA7,GRAND C-MAX,FOCUS II Stufenheck DA_,ECOSPORT,FOCUS III Stufenheck,MONDEO IV Stufenheck BA7,FIESTA V Van,FIESTA VI Van,TRANSIT CONNECT Kasten,MONDEO V Turnier,MONDEO V Stufenheck,FIESTA VII,MONDEO V Schr\u00e4gheck,FOCUS III Kasten\/Schr\u00e4gheck; TOYOTA: AYGO WNB1_, KGB1_; FIAT: SCUDO 270_,SCUDO Kasten 270_,SCUDO Pritsche\/Fahrgestell 270_; CITRO\u00cbN: C1 PM_, PN_,BERLINGO MF,XSARA PICASSO N68,C2 JM_,C3 I FC_,BERLINGO B9,C5 III Break TD_,C4 Picasso I UD_,C4 Grand Picasso I UA_,C4 I LC_,DS3,BERLINGO Kasten M_,C5 II Break RE_,C3 Picasso,C5 III RD_,C3 II,XSARA N1,C4 Coupe LA_,C3 Pluriel HB_,C4 II B7,C5 II RC_,XSARA Break N2,JUMPY,BERLINGO Kasten B9,JUMPY Kasten,C4 Grand Picasso II,C4 Picasso II,XSARA Coupe N0,NEMO Kasten AA_,C4 Stufenheck L,NEMO Kombi,C2 ENTERPRISE,BERLINGO Pritsche\/Fahrgestell B9; PEUGEOT: 206 Schr\u00e4gheck 2A\/C,206 CC 2D,207 WA_, WC_,307 SW 3H,207 CC WD_,407 SW 6E_,307 3A\/C,207 SW WK_,107,308 SW,206 SW 2E\/K,208,206+ T3E,308 4A_, 4C_,5008,307 Break 3E,508 SW,407 6D_,3008,PARTNER Tepee,1007 KM_,PARTNER Combispace 5F,2008,PARTNER Kasten 5,508,EXPERT Tepee VF3V_,EXPERT Kasten VF3A_, VF3U_, VF3X_,PARTNER Kasten,206 Stufenheck,BIPPER AA_,308 II,BIPPER Tepee,308 SW II,207 Van,EXPERT Pritsche\/Fahrgestell; 023675, 080730, 080731, 1145953, 1231290, 2S6Q6L270AA, 3M5Q6L270AA, Y40112602, Y60112602, 023675, 080730, 080731, 1274673J00, SU00100547, SU00100820, 30735092, 31316971; Akselitiiviste, Nokka-Akseli<\/p>\n","protected":false},"excerpt":{"rendered":"<p>CORTECO Nokka Akselin Tiiviste 20029115B Akselitiiviste, Nokka-Akseli MAZDA,VOLVO,SUZUKI,3 BK,2 DY,2 DE,3 BL,5 CW,3 Stufenheck BK,V50 MW,V70 III BW<\/p>\n","protected":false},"featured_media":0,"template":"","meta":{"site-sidebar-layout":"default","site-content-layout":"default","ast-global-header-display":"","ast-main-header-display":"","ast-hfb-above-header-display":"","ast-hfb-below-header-display":"","ast-hfb-mobile-header-display":"","site-post-title":"","ast-breadcrumbs-content":"","ast-featured-img":"","footer-sml-layout":"","theme-transparent-header-meta":"","adv-header-id-meta":"","stick-header-meta":"","header-above-stick-meta":"","header-main-stick-meta":"","header-below-stick-meta":""},"pwb-brand":[53],"product_cat":[122],"product_tag":[],"class_list":{"0":"post-44740","1":"product","2":"type-product","3":"status-publish","5":"pwb-brand-corteco","6":"product_cat-nokka-akselin-tiiviste","7":"desktop-align-left","8":"tablet-align-left","9":"mobile-align-left","11":"first","12":"instock","13":"product-type-external"},"brands":[{"id":53,"name":"CORTECO","slug":"corteco"}],"_links":{"self":[{"href":"https:\/\/www.autonvaraosahaku.fi\/index.php?rest_route=\/wp\/v2\/product\/44740","targetHints":{"allow":["GET"]}}],"collection":[{"href":"https:\/\/www.autonvaraosahaku.fi\/index.php?rest_route=\/wp\/v2\/product"}],"about":[{"href":"https:\/\/www.autonvaraosahaku.fi\/index.php?rest_route=\/wp\/v2\/types\/product"}],"wp:attachment":[{"href":"https:\/\/www.autonvaraosahaku.fi\/index.php?rest_route=%2Fwp%2Fv2%2Fmedia&parent=44740"}],"wp:term":[{"taxonomy":"pwb-brand","embeddable":true,"href":"https:\/\/www.autonvaraosahaku.fi\/index.php?rest_route=%2Fwp%2Fv2%2Fpwb-brand&post=44740"},{"taxonomy":"product_cat","embeddable":true,"href":"https:\/\/www.autonvaraosahaku.fi\/index.php?rest_route=%2Fwp%2Fv2%2Fproduct_cat&post=44740"},{"taxonomy":"product_tag","embeddable":true,"href":"https:\/\/www.autonvaraosahaku.fi\/index.php?rest_route=%2Fwp%2Fv2%2Fproduct_tag&post=44740"}],"curies":[{"name":"wp","href":"https:\/\/api.w.org\/{rel}","templated":true}]}}