{"id":44749,"date":"2021-02-21T17:04:38","date_gmt":"2021-02-21T17:04:38","guid":{"rendered":"https:\/\/www.autonvaraosahaku.fi\/?product=beru-z300-sytytystulpat"},"modified":"2021-02-21T17:04:40","modified_gmt":"2021-02-21T17:04:40","slug":"beru-z300-sytytystulpat","status":"publish","type":"product","link":"https:\/\/www.autonvaraosahaku.fi\/?product=beru-z300-sytytystulpat","title":{"rendered":"BERU Z300 Sytytystulpat"},"content":{"rendered":"<p>K\u00e4rkiv\u00e4li (mm): 1,35; Liittimet: SAE; Kierremitta: M14x1,25; Avainv\u00e4li: 16 mm; Sytytystulppa: 4-maaelektroodia, suoralla istukalla; Kierteen pituus (mm): 19; Teknisten tietojen numero: 14 FGR-6 HQU; Kiristysmomentti > [Nm]: 20; Kiristysmomentti enint\u00e4\u00e4n [Nm]: 30; Tuotelinja: ULTRA; Tarvittava kappalem\u00e4\u00e4r\u00e4: 4; VW: GOLF IV 1J1,GOLF V 1K1,POLO 9N_,TOURAN 1T1, 1T2,PASSAT Variant 3C5,GOLF PLUS 5M1, 521,LUPO 6X1, 6E1,PASSAT 3C2,GOLF IV Variant 1J5,BORA 1J2,EOS 1F7, 1F8,BORA Kombi 1J6,JETTA III 1K2; AUDI: A3 8P1,A3 Sportback 8PA,A2 8Z0; SKODA: OCTAVIA Combi 1Z5,OCTAVIA 1Z3; 101000068AA; Tulpat,Sytytystulppa<\/p>\n","protected":false},"excerpt":{"rendered":"<p>BERU Sytytystulpat Z300 Tulpat,Sytytystulppa VW,AUDI,SKODA,GOLF IV 1J1,GOLF V 1K1,POLO 9N_,TOURAN 1T1, 1T2,PASSAT Variant 3C5,GOLF PLUS 5M1, 521<\/p>\n","protected":false},"featured_media":0,"template":"","meta":{"site-sidebar-layout":"default","site-content-layout":"default","ast-global-header-display":"","ast-main-header-display":"","ast-hfb-above-header-display":"","ast-hfb-below-header-display":"","ast-hfb-mobile-header-display":"","site-post-title":"","ast-breadcrumbs-content":"","ast-featured-img":"","footer-sml-layout":"","theme-transparent-header-meta":"","adv-header-id-meta":"","stick-header-meta":"","header-above-stick-meta":"","header-main-stick-meta":"","header-below-stick-meta":""},"pwb-brand":[327],"product_cat":[165],"product_tag":[],"class_list":{"0":"post-44749","1":"product","2":"type-product","3":"status-publish","5":"pwb-brand-beru","6":"product_cat-sytytystulpat","7":"desktop-align-left","8":"tablet-align-left","9":"mobile-align-left","11":"first","12":"instock","13":"product-type-external"},"brands":[{"id":327,"name":"BERU","slug":"beru"}],"_links":{"self":[{"href":"https:\/\/www.autonvaraosahaku.fi\/index.php?rest_route=\/wp\/v2\/product\/44749","targetHints":{"allow":["GET"]}}],"collection":[{"href":"https:\/\/www.autonvaraosahaku.fi\/index.php?rest_route=\/wp\/v2\/product"}],"about":[{"href":"https:\/\/www.autonvaraosahaku.fi\/index.php?rest_route=\/wp\/v2\/types\/product"}],"wp:attachment":[{"href":"https:\/\/www.autonvaraosahaku.fi\/index.php?rest_route=%2Fwp%2Fv2%2Fmedia&parent=44749"}],"wp:term":[{"taxonomy":"pwb-brand","embeddable":true,"href":"https:\/\/www.autonvaraosahaku.fi\/index.php?rest_route=%2Fwp%2Fv2%2Fpwb-brand&post=44749"},{"taxonomy":"product_cat","embeddable":true,"href":"https:\/\/www.autonvaraosahaku.fi\/index.php?rest_route=%2Fwp%2Fv2%2Fproduct_cat&post=44749"},{"taxonomy":"product_tag","embeddable":true,"href":"https:\/\/www.autonvaraosahaku.fi\/index.php?rest_route=%2Fwp%2Fv2%2Fproduct_tag&post=44749"}],"curies":[{"name":"wp","href":"https:\/\/api.w.org\/{rel}","templated":true}]}}