{"id":44766,"date":"2021-02-21T17:04:43","date_gmt":"2021-02-21T17:04:43","guid":{"rendered":"https:\/\/www.autonvaraosahaku.fi\/?product=trw-df4805-jarrulevyt"},"modified":"2021-02-21T17:04:45","modified_gmt":"2021-02-21T17:04:45","slug":"trw-df4805-jarrulevyt","status":"publish","type":"product","link":"https:\/\/www.autonvaraosahaku.fi\/?product=trw-df4805-jarrulevyt","title":{"rendered":"TRW DF4805 Jarrulevyt"},"content":{"rendered":"<p>Kierremitta: 15,3; Jarrulevytyyppi: Vakiomalli; Ulkol\u00e4pimitta [mm]: 300; Jarrulevyn paksuus (mm): 10,00; V\u00e4himm\u00e4ispaksuus (mm): 8,30; Reikien m\u00e4\u00e4r\u00e4: 5; Korkeus (mm): 57,50; keskitt\u00e4misl\u00e4pimitta [mm]: 67,00; Reik\u00e4ympyr\u00e4-\u00d8 [mm]: 112; Pinta: Lakattu; V\u00e4ri: Musta; Asennuspuoli: Hinterachse; MERCEDES-BENZ: C-CLASS W204,C-CLASS T-Model S204,E-CLASS Coupe C207,C-CLASS Coupe C204,E-CLASS Cabriolet A207; 0004230512, 2044230612, 2044230912, 2044231512, A0004230512, A2044230612, A2044230912, A2044231512; Jarrulevy<\/p>\n","protected":false},"excerpt":{"rendered":"<p>TRW Jarrulevyt DF4805 Jarrulevy MERCEDES-BENZ,C-CLASS W204,C-CLASS T-Model S204,E-CLASS Coupe C207,C-CLASS Coupe C204,E-CLASS Cabriolet A207<\/p>\n","protected":false},"featured_media":0,"template":"","meta":{"site-sidebar-layout":"default","site-content-layout":"default","ast-global-header-display":"","ast-main-header-display":"","ast-hfb-above-header-display":"","ast-hfb-below-header-display":"","ast-hfb-mobile-header-display":"","site-post-title":"","ast-breadcrumbs-content":"","ast-featured-img":"","footer-sml-layout":"","theme-transparent-header-meta":"","adv-header-id-meta":"","stick-header-meta":"","header-above-stick-meta":"","header-main-stick-meta":"","header-below-stick-meta":""},"pwb-brand":[332],"product_cat":[66],"product_tag":[],"class_list":{"0":"post-44766","1":"product","2":"type-product","3":"status-publish","5":"pwb-brand-trw","6":"product_cat-jarrulevyt","7":"desktop-align-left","8":"tablet-align-left","9":"mobile-align-left","11":"first","12":"instock","13":"product-type-external"},"brands":[{"id":332,"name":"TRW","slug":"trw"}],"_links":{"self":[{"href":"https:\/\/www.autonvaraosahaku.fi\/index.php?rest_route=\/wp\/v2\/product\/44766","targetHints":{"allow":["GET"]}}],"collection":[{"href":"https:\/\/www.autonvaraosahaku.fi\/index.php?rest_route=\/wp\/v2\/product"}],"about":[{"href":"https:\/\/www.autonvaraosahaku.fi\/index.php?rest_route=\/wp\/v2\/types\/product"}],"wp:attachment":[{"href":"https:\/\/www.autonvaraosahaku.fi\/index.php?rest_route=%2Fwp%2Fv2%2Fmedia&parent=44766"}],"wp:term":[{"taxonomy":"pwb-brand","embeddable":true,"href":"https:\/\/www.autonvaraosahaku.fi\/index.php?rest_route=%2Fwp%2Fv2%2Fpwb-brand&post=44766"},{"taxonomy":"product_cat","embeddable":true,"href":"https:\/\/www.autonvaraosahaku.fi\/index.php?rest_route=%2Fwp%2Fv2%2Fproduct_cat&post=44766"},{"taxonomy":"product_tag","embeddable":true,"href":"https:\/\/www.autonvaraosahaku.fi\/index.php?rest_route=%2Fwp%2Fv2%2Fproduct_tag&post=44766"}],"curies":[{"name":"wp","href":"https:\/\/api.w.org\/{rel}","templated":true}]}}