{"id":44781,"date":"2021-02-21T17:04:48","date_gmt":"2021-02-21T17:04:48","guid":{"rendered":"https:\/\/www.autonvaraosahaku.fi\/?product=trw-df1013-jarrulevyt"},"modified":"2021-02-21T17:04:49","modified_gmt":"2021-02-21T17:04:49","slug":"trw-df1013-jarrulevyt","status":"publish","type":"product","link":"https:\/\/www.autonvaraosahaku.fi\/?product=trw-df1013-jarrulevyt","title":{"rendered":"TRW DF1013 Jarrulevyt"},"content":{"rendered":"<p>Jarrulevytyyppi: Vakiomalli; Ulkol\u00e4pimitta [mm]: 238; Jarrulevyn paksuus (mm): 12; V\u00e4himm\u00e4ispaksuus (mm): 10,5; keskitt\u00e4misl\u00e4pimitta [mm]: 61; Korkeus (mm): 41; Reikien m\u00e4\u00e4r\u00e4: 4; Kierremitta: 12,6; Reik\u00e4ympyr\u00e4-\u00d8 [mm]: 100; V\u00e4ri: Musta; Pinta: Lakattu; Tarkistuskilpi: E1 90R 02 C0190\/0541; Asennuspuoli: Vorderachse; DACIA: SANDERO,LOGAN MCV KS_,SANDERO II,LOGAN LS_,LOGAN EXPRESS FS_,1410 Kombi; RENAULT: TWINGO I C06_,CLIO II BB0\/1\/2_, CB0\/1\/2_,MEGANE I BA0\/1_,CLIO I B\/C57_, 5\/357_,TWINGO I Kasten S06_,MEGANE I Classic LA0\/1_,CLIO II Kasten SB0\/1\/2_,19 II B\/C53_,19 II Cabriolet D53_, 853_,SUPER 5 B\/C40_,5 122_,RAPID Kasten F40_, G40_,19 I B\/C53_,9 L42_,19 II Chamade L53_,11 B\/C37_,21 Stufenheck L48_,19 I Chamade L53_,THALIA I LB0\/1\/2_,SANDERO\/STEPWAY I,CLIO I Kasten S57_,11 Kasten S37_,21 B48_,19 II Kasten S53_,LOGAN I LS_,19 I Kasten S53_,THALIA II LU1\/2_,EXPRESS Pick-up,SUPER 5 Kasten S40_,EXPRESS Kasten\/Kombi; 2677509716, 6001547684, 6001549211, 7701204282, 8671000083; Jarrulevy<\/p>\n","protected":false},"excerpt":{"rendered":"<p>TRW Jarrulevyt DF1013 Jarrulevy DACIA,RENAULT,SANDERO,LOGAN MCV KS_,SANDERO II,LOGAN LS_,LOGAN EXPRESS FS_,1410 Kombi,TWINGO I C06_<\/p>\n","protected":false},"featured_media":0,"template":"","meta":{"site-sidebar-layout":"default","site-content-layout":"default","ast-global-header-display":"","ast-main-header-display":"","ast-hfb-above-header-display":"","ast-hfb-below-header-display":"","ast-hfb-mobile-header-display":"","site-post-title":"","ast-breadcrumbs-content":"","ast-featured-img":"","footer-sml-layout":"","theme-transparent-header-meta":"","adv-header-id-meta":"","stick-header-meta":"","header-above-stick-meta":"","header-main-stick-meta":"","header-below-stick-meta":""},"pwb-brand":[332],"product_cat":[66],"product_tag":[],"class_list":{"0":"post-44781","1":"product","2":"type-product","3":"status-publish","5":"pwb-brand-trw","6":"product_cat-jarrulevyt","7":"desktop-align-left","8":"tablet-align-left","9":"mobile-align-left","11":"first","12":"instock","13":"product-type-external"},"brands":[{"id":332,"name":"TRW","slug":"trw"}],"_links":{"self":[{"href":"https:\/\/www.autonvaraosahaku.fi\/index.php?rest_route=\/wp\/v2\/product\/44781","targetHints":{"allow":["GET"]}}],"collection":[{"href":"https:\/\/www.autonvaraosahaku.fi\/index.php?rest_route=\/wp\/v2\/product"}],"about":[{"href":"https:\/\/www.autonvaraosahaku.fi\/index.php?rest_route=\/wp\/v2\/types\/product"}],"wp:attachment":[{"href":"https:\/\/www.autonvaraosahaku.fi\/index.php?rest_route=%2Fwp%2Fv2%2Fmedia&parent=44781"}],"wp:term":[{"taxonomy":"pwb-brand","embeddable":true,"href":"https:\/\/www.autonvaraosahaku.fi\/index.php?rest_route=%2Fwp%2Fv2%2Fpwb-brand&post=44781"},{"taxonomy":"product_cat","embeddable":true,"href":"https:\/\/www.autonvaraosahaku.fi\/index.php?rest_route=%2Fwp%2Fv2%2Fproduct_cat&post=44781"},{"taxonomy":"product_tag","embeddable":true,"href":"https:\/\/www.autonvaraosahaku.fi\/index.php?rest_route=%2Fwp%2Fv2%2Fproduct_tag&post=44781"}],"curies":[{"name":"wp","href":"https:\/\/api.w.org\/{rel}","templated":true}]}}