{"id":44785,"date":"2021-02-21T17:04:48","date_gmt":"2021-02-21T17:04:48","guid":{"rendered":"https:\/\/www.autonvaraosahaku.fi\/?product=trw-db4299-jarrurumpu"},"modified":"2021-02-21T17:04:50","modified_gmt":"2021-02-21T17:04:50","slug":"trw-db4299-jarrurumpu","status":"publish","type":"product","link":"https:\/\/www.autonvaraosahaku.fi\/?product=trw-db4299-jarrurumpu","title":{"rendered":"TRW DB4299 Jarrurumpu"},"content":{"rendered":"<p>Rumpul\u00e4pimitta: 200; Suurin mahdollinen rummun sis\u00e4mitta (mm): 201,5; J-rumpu sis\u00e4leveys [mm]: 51; Reikien m\u00e4\u00e4r\u00e4: 1; Reik\u00e4ympyr\u00e4-\u00d8 [mm]: 100; Asennuspuoli: Hinterachse; VW: POLO 9N_,POLO 6R, 6C,FOX 5Z1, 5Z3,POLO Stufenheck,POLO Stufenheck 9A4,POLO Stufenheck 9N4,POLO Van 6R; AUDI: A2 8Z0; SKODA: FABIA Combi 6Y5,FABIA,FABIA 6Y2,FABIA Combi,FABIA Stufenheck 6Y3,ROOMSTER Praktik 5J,FABIA Praktik,FABIA NJ3,FABIA Kombi NJ5; SEAT: IBIZA IV 6L1,IBIZA V 6J5, 6P5,IBIZA V ST 6J8, 6P8,IBIZA V SPORTCOUPE 6J1, 6P1,CORDOBA 6L2; 6Q0609617, 6Q0609617, 600609617, 6Q0609617, 6Q0609617, 6QE609617<\/p>\n","protected":false},"excerpt":{"rendered":"<p>TRW Jarrurumpu DB4299  VW,AUDI,SKODA,POLO 9N_,POLO 6R, 6C,FOX 5Z1, 5Z3,POLO Stufenheck,POLO Stufenheck 9A4,POLO Stufenheck 9N4,POLO Van 6R,A2 8Z0<\/p>\n","protected":false},"featured_media":0,"template":"","meta":{"site-sidebar-layout":"default","site-content-layout":"default","ast-global-header-display":"","ast-main-header-display":"","ast-hfb-above-header-display":"","ast-hfb-below-header-display":"","ast-hfb-mobile-header-display":"","site-post-title":"","ast-breadcrumbs-content":"","ast-featured-img":"","footer-sml-layout":"","theme-transparent-header-meta":"","adv-header-id-meta":"","stick-header-meta":"","header-above-stick-meta":"","header-main-stick-meta":"","header-below-stick-meta":""},"pwb-brand":[332],"product_cat":[304],"product_tag":[],"class_list":{"0":"post-44785","1":"product","2":"type-product","3":"status-publish","5":"pwb-brand-trw","6":"product_cat-jarrurumpu","7":"desktop-align-left","8":"tablet-align-left","9":"mobile-align-left","11":"first","12":"instock","13":"product-type-external"},"brands":[{"id":332,"name":"TRW","slug":"trw"}],"_links":{"self":[{"href":"https:\/\/www.autonvaraosahaku.fi\/index.php?rest_route=\/wp\/v2\/product\/44785","targetHints":{"allow":["GET"]}}],"collection":[{"href":"https:\/\/www.autonvaraosahaku.fi\/index.php?rest_route=\/wp\/v2\/product"}],"about":[{"href":"https:\/\/www.autonvaraosahaku.fi\/index.php?rest_route=\/wp\/v2\/types\/product"}],"wp:attachment":[{"href":"https:\/\/www.autonvaraosahaku.fi\/index.php?rest_route=%2Fwp%2Fv2%2Fmedia&parent=44785"}],"wp:term":[{"taxonomy":"pwb-brand","embeddable":true,"href":"https:\/\/www.autonvaraosahaku.fi\/index.php?rest_route=%2Fwp%2Fv2%2Fpwb-brand&post=44785"},{"taxonomy":"product_cat","embeddable":true,"href":"https:\/\/www.autonvaraosahaku.fi\/index.php?rest_route=%2Fwp%2Fv2%2Fproduct_cat&post=44785"},{"taxonomy":"product_tag","embeddable":true,"href":"https:\/\/www.autonvaraosahaku.fi\/index.php?rest_route=%2Fwp%2Fv2%2Fproduct_tag&post=44785"}],"curies":[{"name":"wp","href":"https:\/\/api.w.org\/{rel}","templated":true}]}}