{"id":44809,"date":"2021-02-21T17:04:54","date_gmt":"2021-02-21T17:04:54","guid":{"rendered":"https:\/\/www.autonvaraosahaku.fi\/?product=mapco-63803-polttoainesuodatin"},"modified":"2021-02-21T17:04:56","modified_gmt":"2021-02-21T17:04:56","slug":"mapco-63803-polttoainesuodatin","status":"publish","type":"product","link":"https:\/\/www.autonvaraosahaku.fi\/?product=mapco-63803-polttoainesuodatin","title":{"rendered":"MAPCO 63803 Polttoainesuodatin"},"content":{"rendered":"<p>Suodatintyyppi: Letkusuodatin; Ulkol\u00e4pimitta [mm]: 80; Sis\u00e4\u00e4ntulol\u00e4pimitta [mm]: 10; Ulostulon l\u00e4pimitta [mm]: 8; Korkeus (mm): 276; Alustanumeroon: 7H8120000; VW: TRANSPORTER V Bus 7HB, 7HJ, 7EB, 7EJ, 7EF,TOUAREG 7LA, 7L6, 7L7,MULTIVAN V 7HM, 7HN, 7HF, 7EF, 7EM, 7EN,TRANSPORTER V Kasten 7HA, 7HH, 7EA, 7EH,TRANSPORTER V Pritsche\/Fahrgestell 7JD, 7JE, 7JL, 7JY, 7JZ,,MULTIVAN VI SGF, SGM, SGN,TRANSPORTER VI Bus SGB, SGG, SGJ,TRANSPORTER VI Kasten SGA, SGH,TRANSPORTER VI Pritsche\/Fahrgestell SFD, SFE, SFL, SFZ; 7H0127401, 7H0127401A, 7H0127401B<\/p>\n","protected":false},"excerpt":{"rendered":"<p>MAPCO Polttoainesuodatin 63803  VW,TRANSPORTER V Bus 7HB, 7HJ, 7EB, 7EJ, 7EF,TOUAREG 7LA, 7L6, 7L7,MULTIVAN V 7HM, 7HN, 7HF, 7EF, 7EM, 7EN<\/p>\n","protected":false},"featured_media":0,"template":"","meta":{"site-sidebar-layout":"default","site-content-layout":"default","ast-global-header-display":"","ast-main-header-display":"","ast-hfb-above-header-display":"","ast-hfb-below-header-display":"","ast-hfb-mobile-header-display":"","site-post-title":"","ast-breadcrumbs-content":"","ast-featured-img":"","footer-sml-layout":"","theme-transparent-header-meta":"","adv-header-id-meta":"","stick-header-meta":"","header-above-stick-meta":"","header-main-stick-meta":"","header-below-stick-meta":""},"pwb-brand":[36],"product_cat":[29],"product_tag":[],"class_list":{"0":"post-44809","1":"product","2":"type-product","3":"status-publish","5":"pwb-brand-mapco","6":"product_cat-polttoainesuodatin","7":"desktop-align-left","8":"tablet-align-left","9":"mobile-align-left","11":"first","12":"instock","13":"product-type-external"},"brands":[{"id":36,"name":"MAPCO","slug":"mapco"}],"_links":{"self":[{"href":"https:\/\/www.autonvaraosahaku.fi\/index.php?rest_route=\/wp\/v2\/product\/44809","targetHints":{"allow":["GET"]}}],"collection":[{"href":"https:\/\/www.autonvaraosahaku.fi\/index.php?rest_route=\/wp\/v2\/product"}],"about":[{"href":"https:\/\/www.autonvaraosahaku.fi\/index.php?rest_route=\/wp\/v2\/types\/product"}],"wp:attachment":[{"href":"https:\/\/www.autonvaraosahaku.fi\/index.php?rest_route=%2Fwp%2Fv2%2Fmedia&parent=44809"}],"wp:term":[{"taxonomy":"pwb-brand","embeddable":true,"href":"https:\/\/www.autonvaraosahaku.fi\/index.php?rest_route=%2Fwp%2Fv2%2Fpwb-brand&post=44809"},{"taxonomy":"product_cat","embeddable":true,"href":"https:\/\/www.autonvaraosahaku.fi\/index.php?rest_route=%2Fwp%2Fv2%2Fproduct_cat&post=44809"},{"taxonomy":"product_tag","embeddable":true,"href":"https:\/\/www.autonvaraosahaku.fi\/index.php?rest_route=%2Fwp%2Fv2%2Fproduct_tag&post=44809"}],"curies":[{"name":"wp","href":"https:\/\/api.w.org\/{rel}","templated":true}]}}