{"id":44813,"date":"2021-02-21T17:04:54","date_gmt":"2021-02-21T17:04:54","guid":{"rendered":"https:\/\/www.autonvaraosahaku.fi\/?product=mapco-51624-alapallonivel"},"modified":"2021-02-21T17:04:57","modified_gmt":"2021-02-21T17:04:57","slug":"mapco-51624-alapallonivel","status":"publish","type":"product","link":"https:\/\/www.autonvaraosahaku.fi\/?product=mapco-51624-alapallonivel","title":{"rendered":"MAPCO 51624 Alapallonivel"},"content":{"rendered":"<p>Asennuspuoli: etuakseli molemminpuoleinen, Alla; Kierremitta: M14x1,5; Kartiomitta (mm): 18; Korvaava tuote\/korvaava tiedote 2: Kiinnitysmateriaalilla; Tarvittava kappalem\u00e4\u00e4r\u00e4: 2; Alustanumeroon: 35000; VOLVO: V70 III BW,V60,S80 II AS,S60 II; FORD: MONDEO IV Turnier BA7,S-MAX WA6,GALAXY WA6,MONDEO IV BA7,MONDEO IV Stufenheck BA7; 1377846, 1385593, 1403408, 1419814, 1426875, 1435745, 1458773, 1460693, 1466186, 1466188, 1469026, 1507181, 1507182, 31200775, 31200776, 31212781, 31212782, 31277343, 31277344, 31317661, 31317662; Pallonivel<\/p>\n","protected":false},"excerpt":{"rendered":"<p>MAPCO Alapallonivel 51624 Pallonivel VOLVO,FORD,V70 III BW,V60,S80 II AS,S60 II,MONDEO IV Turnier BA7,S-MAX WA6,GALAXY WA6,MONDEO IV BA7<\/p>\n","protected":false},"featured_media":0,"template":"","meta":{"site-sidebar-layout":"default","site-content-layout":"default","ast-global-header-display":"","ast-main-header-display":"","ast-hfb-above-header-display":"","ast-hfb-below-header-display":"","ast-hfb-mobile-header-display":"","site-post-title":"","ast-breadcrumbs-content":"","ast-featured-img":"","footer-sml-layout":"","theme-transparent-header-meta":"","adv-header-id-meta":"","stick-header-meta":"","header-above-stick-meta":"","header-main-stick-meta":"","header-below-stick-meta":""},"pwb-brand":[36],"product_cat":[93],"product_tag":[],"class_list":{"0":"post-44813","1":"product","2":"type-product","3":"status-publish","5":"pwb-brand-mapco","6":"product_cat-alapallonivel","7":"desktop-align-left","8":"tablet-align-left","9":"mobile-align-left","11":"first","12":"instock","13":"product-type-external"},"brands":[{"id":36,"name":"MAPCO","slug":"mapco"}],"_links":{"self":[{"href":"https:\/\/www.autonvaraosahaku.fi\/index.php?rest_route=\/wp\/v2\/product\/44813","targetHints":{"allow":["GET"]}}],"collection":[{"href":"https:\/\/www.autonvaraosahaku.fi\/index.php?rest_route=\/wp\/v2\/product"}],"about":[{"href":"https:\/\/www.autonvaraosahaku.fi\/index.php?rest_route=\/wp\/v2\/types\/product"}],"wp:attachment":[{"href":"https:\/\/www.autonvaraosahaku.fi\/index.php?rest_route=%2Fwp%2Fv2%2Fmedia&parent=44813"}],"wp:term":[{"taxonomy":"pwb-brand","embeddable":true,"href":"https:\/\/www.autonvaraosahaku.fi\/index.php?rest_route=%2Fwp%2Fv2%2Fpwb-brand&post=44813"},{"taxonomy":"product_cat","embeddable":true,"href":"https:\/\/www.autonvaraosahaku.fi\/index.php?rest_route=%2Fwp%2Fv2%2Fproduct_cat&post=44813"},{"taxonomy":"product_tag","embeddable":true,"href":"https:\/\/www.autonvaraosahaku.fi\/index.php?rest_route=%2Fwp%2Fv2%2Fproduct_tag&post=44813"}],"curies":[{"name":"wp","href":"https:\/\/api.w.org\/{rel}","templated":true}]}}