{"id":44815,"date":"2021-02-21T17:04:54","date_gmt":"2021-02-21T17:04:54","guid":{"rendered":"https:\/\/www.autonvaraosahaku.fi\/?product=vaico-v42-40012-jarrulevyt"},"modified":"2021-02-21T17:04:57","modified_gmt":"2021-02-21T17:04:57","slug":"vaico-v42-40012-jarrulevyt","status":"publish","type":"product","link":"https:\/\/www.autonvaraosahaku.fi\/?product=vaico-v42-40012-jarrulevyt","title":{"rendered":"VAICO V42-40012 Jarrulevyt"},"content":{"rendered":"<p>Asennuspuoli: Etuakseli; Jarrulevyn navan korkeus [mm]: 21,3; Vanne, aukkoja: 4; Korkeus (mm): 34,2; Jarrulevytyyppi: Vakiomalli; Jarrulevyn paksuus (mm): 13; V\u00e4himm\u00e4ispaksuus (mm): 11; Ulkol\u00e4pimitta [mm]: 247,5; keskitt\u00e4misl\u00e4pimitta [mm]: 66; Reik\u00e4ympyr\u00e4-\u00d8 [mm]: 108; Pakkausleveys [cm]: 26, 26; Pakkauskorkeus [mm]: 7, 7; Pakkaussyvyys [cm]: 26, 26; lis\u00e4tieto: CST99; Moottorinumero: XUD9TE; CITRO\u00cbN: XSARA N1,XSARA Break N2,XSARA Coupe N0,XSARA Kasten; PEUGEOT: 206 Schr\u00e4gheck 2A\/C,206 SW 2E\/K,206+ T3E,306 Schr\u00e4gheck 7A, 7C, N3, N5,306 Cabriolet 7D, N3, N5,306 Break 7E, N3, N5,306 7B, N3, N5,206 Stufenheck,206 Van,306 Van N_, 7_,306 Kasten\/Schr\u00e4gheck; 169014, 4246R8, 4246R9, 4249A5, 4246R8, 4246R9, 4249A5, E169014; Jarrulevy<\/p>\n","protected":false},"excerpt":{"rendered":"<p>VAICO Jarrulevyt V42-40012 Jarrulevy CITRO\u00cbN,PEUGEOT,XSARA N1,XSARA Break N2,XSARA Coupe N0,XSARA Kasten,206 Schr\u00e4gheck 2A\/C,206 SW 2E\/K,206+ T3E<\/p>\n","protected":false},"featured_media":0,"template":"","meta":{"site-sidebar-layout":"default","site-content-layout":"default","ast-global-header-display":"","ast-main-header-display":"","ast-hfb-above-header-display":"","ast-hfb-below-header-display":"","ast-hfb-mobile-header-display":"","site-post-title":"","ast-breadcrumbs-content":"","ast-featured-img":"","footer-sml-layout":"","theme-transparent-header-meta":"","adv-header-id-meta":"","stick-header-meta":"","header-above-stick-meta":"","header-main-stick-meta":"","header-below-stick-meta":""},"pwb-brand":[330],"product_cat":[66],"product_tag":[],"class_list":{"0":"post-44815","1":"product","2":"type-product","3":"status-publish","5":"pwb-brand-vaico","6":"product_cat-jarrulevyt","7":"desktop-align-left","8":"tablet-align-left","9":"mobile-align-left","11":"first","12":"instock","13":"product-type-external"},"brands":[{"id":330,"name":"VAICO","slug":"vaico"}],"_links":{"self":[{"href":"https:\/\/www.autonvaraosahaku.fi\/index.php?rest_route=\/wp\/v2\/product\/44815","targetHints":{"allow":["GET"]}}],"collection":[{"href":"https:\/\/www.autonvaraosahaku.fi\/index.php?rest_route=\/wp\/v2\/product"}],"about":[{"href":"https:\/\/www.autonvaraosahaku.fi\/index.php?rest_route=\/wp\/v2\/types\/product"}],"wp:attachment":[{"href":"https:\/\/www.autonvaraosahaku.fi\/index.php?rest_route=%2Fwp%2Fv2%2Fmedia&parent=44815"}],"wp:term":[{"taxonomy":"pwb-brand","embeddable":true,"href":"https:\/\/www.autonvaraosahaku.fi\/index.php?rest_route=%2Fwp%2Fv2%2Fpwb-brand&post=44815"},{"taxonomy":"product_cat","embeddable":true,"href":"https:\/\/www.autonvaraosahaku.fi\/index.php?rest_route=%2Fwp%2Fv2%2Fproduct_cat&post=44815"},{"taxonomy":"product_tag","embeddable":true,"href":"https:\/\/www.autonvaraosahaku.fi\/index.php?rest_route=%2Fwp%2Fv2%2Fproduct_tag&post=44815"}],"curies":[{"name":"wp","href":"https:\/\/api.w.org\/{rel}","templated":true}]}}