{"id":44824,"date":"2021-02-21T17:04:59","date_gmt":"2021-02-21T17:04:59","guid":{"rendered":"https:\/\/www.autonvaraosahaku.fi\/?product=meyle-014-040-0002-pyoranpultit"},"modified":"2021-02-21T17:05:00","modified_gmt":"2021-02-21T17:05:00","slug":"meyle-014-040-0002-pyoranpultit","status":"publish","type":"product","link":"https:\/\/www.autonvaraosahaku.fi\/?product=meyle-014-040-0002-pyoranpultit","title":{"rendered":"MEYLE 014 040 0002 Py\u00f6r\u00e4npultit"},"content":{"rendered":"<p>Kierremitta: M12x1,5&#215;21; Vanteet: Peltivanteille; lis\u00e4tieto: ORIGINAL Quality; Valmistusvuoteen: 07\/1966; MERCEDES-BENZ: C-CLASS W202,SL R129,SL R107,C-CLASS Kombi S202,Stufenheck W123,S-CLASS W126,S-CLASS W108, W109,S-CLASS W116,S-CLASS Coupe C126,KOMBI Kombi S123,HECKFLOSSE W111, W112; 0009904507, 1704010170, 2104010270; Py\u00f6r\u00e4nruuvi<\/p>\n","protected":false},"excerpt":{"rendered":"<p>MEYLE Py\u00f6r\u00e4npultit 014 040 0002 Py\u00f6r\u00e4nruuvi MERCEDES-BENZ,C-CLASS W202,SL R129,SL R107,C-CLASS Kombi S202,Stufenheck W123,S-CLASS W126<\/p>\n","protected":false},"featured_media":0,"template":"","meta":{"site-sidebar-layout":"default","site-content-layout":"default","ast-global-header-display":"","ast-main-header-display":"","ast-hfb-above-header-display":"","ast-hfb-below-header-display":"","ast-hfb-mobile-header-display":"","site-post-title":"","ast-breadcrumbs-content":"","ast-featured-img":"","footer-sml-layout":"","theme-transparent-header-meta":"","adv-header-id-meta":"","stick-header-meta":"","header-above-stick-meta":"","header-main-stick-meta":"","header-below-stick-meta":""},"pwb-brand":[84],"product_cat":[51],"product_tag":[],"class_list":{"0":"post-44824","1":"product","2":"type-product","3":"status-publish","5":"pwb-brand-meyle","6":"product_cat-pyoranpultit","7":"desktop-align-left","8":"tablet-align-left","9":"mobile-align-left","11":"first","12":"instock","13":"product-type-external"},"brands":[{"id":84,"name":"MEYLE","slug":"meyle"}],"_links":{"self":[{"href":"https:\/\/www.autonvaraosahaku.fi\/index.php?rest_route=\/wp\/v2\/product\/44824","targetHints":{"allow":["GET"]}}],"collection":[{"href":"https:\/\/www.autonvaraosahaku.fi\/index.php?rest_route=\/wp\/v2\/product"}],"about":[{"href":"https:\/\/www.autonvaraosahaku.fi\/index.php?rest_route=\/wp\/v2\/types\/product"}],"wp:attachment":[{"href":"https:\/\/www.autonvaraosahaku.fi\/index.php?rest_route=%2Fwp%2Fv2%2Fmedia&parent=44824"}],"wp:term":[{"taxonomy":"pwb-brand","embeddable":true,"href":"https:\/\/www.autonvaraosahaku.fi\/index.php?rest_route=%2Fwp%2Fv2%2Fpwb-brand&post=44824"},{"taxonomy":"product_cat","embeddable":true,"href":"https:\/\/www.autonvaraosahaku.fi\/index.php?rest_route=%2Fwp%2Fv2%2Fproduct_cat&post=44824"},{"taxonomy":"product_tag","embeddable":true,"href":"https:\/\/www.autonvaraosahaku.fi\/index.php?rest_route=%2Fwp%2Fv2%2Fproduct_tag&post=44824"}],"curies":[{"name":"wp","href":"https:\/\/api.w.org\/{rel}","templated":true}]}}