{"id":44891,"date":"2021-02-21T17:05:15","date_gmt":"2021-02-21T17:05:15","guid":{"rendered":"https:\/\/www.autonvaraosahaku.fi\/?product=autofren-seinsa-d8245-vetonivelen-suojakumi"},"modified":"2021-02-21T17:05:18","modified_gmt":"2021-02-21T17:05:18","slug":"autofren-seinsa-d8245-vetonivelen-suojakumi","status":"publish","type":"product","link":"https:\/\/www.autonvaraosahaku.fi\/?product=autofren-seinsa-d8245-vetonivelen-suojakumi","title":{"rendered":"AUTOFREN SEINSA D8245 Vetonivelen suojakumi"},"content":{"rendered":"<p>Asennuspuoli: Py\u00f6r\u00e4n puoli; Sis\u00e4l\u00e4pimitta 1 [mm]: 18; Sis\u00e4l\u00e4pimitta 2 [mm]: 66; Korkeus (mm): 83; HYUNDAI: GETZ TB,ATOS MX; SUZUKI: SWIFT II Schr\u00e4gheck EA, MA,ALTO HA24,ALTO HA12, HA23,ALTO HA11,SWIFT II Stufenheck AH, AJ,ALTO,ALTO SS80; DAIHATSU: CHARADE III G100, G101, G102; DAEWOO: MATIZ KLYA; 0443887502, 0443887702, 0443887706, 0443887F05, 4950902A00, 4950902A10, 495091CA00, A03325530, B00122530A, B00122630A, B00322530, B00322630, B00322630A, BS0422530, BS0422630, G01222530, G02222530, G04522530, 3924101M25, 3924101M29, 3924141B26, 3974101B25, 3974101M25, 3974101M26, 3974101M29, 40089M0226, 723222090, 723222180, 0443887701, 4411854A10, 4411870B50, 44118M79F00, 44118M79F10, 44128M79F00<\/p>\n","protected":false},"excerpt":{"rendered":"<p>AUTOFREN SEINSA Paljekumisarja, Vetoakseli D8245  HYUNDAI,SUZUKI,DAIHATSU,GETZ TB,ATOS MX,SWIFT II Schr\u00e4gheck EA, MA,ALTO HA24,ALTO HA12, HA23<\/p>\n","protected":false},"featured_media":0,"template":"","meta":{"site-sidebar-layout":"default","site-content-layout":"default","ast-global-header-display":"","ast-main-header-display":"","ast-hfb-above-header-display":"","ast-hfb-below-header-display":"","ast-hfb-mobile-header-display":"","site-post-title":"","ast-breadcrumbs-content":"","ast-featured-img":"","footer-sml-layout":"","theme-transparent-header-meta":"","adv-header-id-meta":"","stick-header-meta":"","header-above-stick-meta":"","header-main-stick-meta":"","header-below-stick-meta":""},"pwb-brand":[243],"product_cat":[42],"product_tag":[],"class_list":{"0":"post-44891","1":"product","2":"type-product","3":"status-publish","5":"pwb-brand-autofren-seinsa","6":"product_cat-vetonivelen-suojakumi","7":"desktop-align-left","8":"tablet-align-left","9":"mobile-align-left","11":"first","12":"instock","13":"product-type-external"},"brands":[{"id":243,"name":"AUTOFREN SEINSA","slug":"autofren-seinsa"}],"_links":{"self":[{"href":"https:\/\/www.autonvaraosahaku.fi\/index.php?rest_route=\/wp\/v2\/product\/44891","targetHints":{"allow":["GET"]}}],"collection":[{"href":"https:\/\/www.autonvaraosahaku.fi\/index.php?rest_route=\/wp\/v2\/product"}],"about":[{"href":"https:\/\/www.autonvaraosahaku.fi\/index.php?rest_route=\/wp\/v2\/types\/product"}],"wp:attachment":[{"href":"https:\/\/www.autonvaraosahaku.fi\/index.php?rest_route=%2Fwp%2Fv2%2Fmedia&parent=44891"}],"wp:term":[{"taxonomy":"pwb-brand","embeddable":true,"href":"https:\/\/www.autonvaraosahaku.fi\/index.php?rest_route=%2Fwp%2Fv2%2Fpwb-brand&post=44891"},{"taxonomy":"product_cat","embeddable":true,"href":"https:\/\/www.autonvaraosahaku.fi\/index.php?rest_route=%2Fwp%2Fv2%2Fproduct_cat&post=44891"},{"taxonomy":"product_tag","embeddable":true,"href":"https:\/\/www.autonvaraosahaku.fi\/index.php?rest_route=%2Fwp%2Fv2%2Fproduct_tag&post=44891"}],"curies":[{"name":"wp","href":"https:\/\/api.w.org\/{rel}","templated":true}]}}