{"id":44897,"date":"2021-02-21T17:05:15","date_gmt":"2021-02-21T17:05:15","guid":{"rendered":"https:\/\/www.autonvaraosahaku.fi\/?product=ajusa-29000500-kierretulppa"},"modified":"2021-02-21T17:05:19","modified_gmt":"2021-02-21T17:05:19","slug":"ajusa-29000500-kierretulppa","status":"publish","type":"product","link":"https:\/\/www.autonvaraosahaku.fi\/?product=ajusa-29000500-kierretulppa","title":{"rendered":"AJUSA 29000500 Kierretulppa"},"content":{"rendered":"<p>Paksuus [mm]: 2; Sis\u00e4l\u00e4pimitta [mm]: 15; Ulkol\u00e4pimitta [mm]: 22; Moottorinumero: OHV(HCS); VW: GOL I; FORD: FOCUS II Kombi DA_,MONDEO IV Turnier BA7,FOCUS Kombi DNW,FOCUS II DA_,FOCUS DAW, DBW,S-MAX WA6,GALAXY WGR,FOCUS C-MAX,FIESTA IV JA_, JB_,GALAXY WA6,KA RB_,C-MAX DM2,MONDEO IV BA7,FOCUS Stufenheck DFW,MONDEO II Kombi BNP,FIESTA III GFJ,TRANSIT Kasten FA_ _,TRANSIT CONNECT P65_, P70_, P80_,FOCUS II Stufenheck DA_,TRANSIT Bus FD_ _, FB_ _, FS_ _, FZ_ _, FC_ _,MONDEO II BAP,TOURNEO CONNECT,RANGER ER, EQ,PUMA EC_,TRANSIT Pritsche\/Fahrgestell FM_ _, FN_ _,MONDEO IV Stufenheck BA7,ESCORT VII GAL, AAL, ABL,ESCORT IV Cabriolet ALF,MONDEO II Stufenheck BFP,MONDEO I Kombi BNP,SIERRA GBG, GB4,MONDEO I GBP,ESCORT VII Kombi GAL, ANL,TRANSIT  MK-5 Bus E_ _,ESCORT VII Cabriolet ALL,ESCORT VI Cabriolet ALL,ESCORT VI GAL,SCORPIO II GFR, GGR,SIERRA Schr\u00e4gheck GBC, GBG,TRANSIT Kasten T_ _,TRANSIT MK-5 Pritsche\/Fahrgestell E_ _,FIESTA I GFBT,ESCORT IV GAF, AWF, ABFT,FIESTA II FBD,TRANSIT Bus V_ _,SCORPIO I GAE, GGE,ESCORT V Cabriolet ALL,TRANSIT Bus T_ _,MONDEO I Stufenheck GBP,TR; MAZDA: 121 III JASM, JBSM; SAAB: 96,95 Station Wagon; FORD USA: EXPLORER U2,EXPLORER UN46,RANGER,BRONCO II,AEROSTAR,CONTOUR; MORGAN: PLUS FOUR,FOUR FOUR; 1454118, 1663816, 70TM6734AA, 8810400, 8849614; Tiiviste, \u00d6ljynlaskutulppa<\/p>\n","protected":false},"excerpt":{"rendered":"<p>AJUSA \u00d6ljytulpan Tiiviste 29000500 Tiiviste, \u00d6ljynlaskutulppa VW,FORD,MAZDA,GOL I,FOCUS II Kombi DA_,MONDEO IV Turnier BA7,FOCUS Kombi DNW<\/p>\n","protected":false},"featured_media":0,"template":"","meta":{"site-sidebar-layout":"default","site-content-layout":"default","ast-global-header-display":"","ast-main-header-display":"","ast-hfb-above-header-display":"","ast-hfb-below-header-display":"","ast-hfb-mobile-header-display":"","site-post-title":"","ast-breadcrumbs-content":"","ast-featured-img":"","footer-sml-layout":"","theme-transparent-header-meta":"","adv-header-id-meta":"","stick-header-meta":"","header-above-stick-meta":"","header-main-stick-meta":"","header-below-stick-meta":""},"pwb-brand":[211],"product_cat":[40],"product_tag":[],"class_list":{"0":"post-44897","1":"product","2":"type-product","3":"status-publish","5":"pwb-brand-ajusa","6":"product_cat-kierretulppa","7":"desktop-align-left","8":"tablet-align-left","9":"mobile-align-left","11":"first","12":"instock","13":"product-type-external"},"brands":[{"id":211,"name":"AJUSA","slug":"ajusa"}],"_links":{"self":[{"href":"https:\/\/www.autonvaraosahaku.fi\/index.php?rest_route=\/wp\/v2\/product\/44897","targetHints":{"allow":["GET"]}}],"collection":[{"href":"https:\/\/www.autonvaraosahaku.fi\/index.php?rest_route=\/wp\/v2\/product"}],"about":[{"href":"https:\/\/www.autonvaraosahaku.fi\/index.php?rest_route=\/wp\/v2\/types\/product"}],"wp:attachment":[{"href":"https:\/\/www.autonvaraosahaku.fi\/index.php?rest_route=%2Fwp%2Fv2%2Fmedia&parent=44897"}],"wp:term":[{"taxonomy":"pwb-brand","embeddable":true,"href":"https:\/\/www.autonvaraosahaku.fi\/index.php?rest_route=%2Fwp%2Fv2%2Fpwb-brand&post=44897"},{"taxonomy":"product_cat","embeddable":true,"href":"https:\/\/www.autonvaraosahaku.fi\/index.php?rest_route=%2Fwp%2Fv2%2Fproduct_cat&post=44897"},{"taxonomy":"product_tag","embeddable":true,"href":"https:\/\/www.autonvaraosahaku.fi\/index.php?rest_route=%2Fwp%2Fv2%2Fproduct_tag&post=44897"}],"curies":[{"name":"wp","href":"https:\/\/api.w.org\/{rel}","templated":true}]}}