{"id":44927,"date":"2021-02-21T17:05:26","date_gmt":"2021-02-21T17:05:26","guid":{"rendered":"https:\/\/www.autonvaraosahaku.fi\/?product=sachs-315-150-iskunvaimennin"},"modified":"2021-02-21T17:05:28","modified_gmt":"2021-02-21T17:05:28","slug":"sachs-315-150-iskunvaimennin","status":"publish","type":"product","link":"https:\/\/www.autonvaraosahaku.fi\/?product=sachs-315-150-iskunvaimennin","title":{"rendered":"SACHS 315 150 Iskunvaimennin"},"content":{"rendered":"<p>Iskunvaimennusj\u00e4rjestelm\u00e4: Kaksiputki; Iskunvaimennin tyyppi: Kaasupaine; Tunnusluku: SEOV27\/11X251A; Iskunvaimennin asennustapa: Tappi ylh\u00e4\u00e4ll\u00e4, Silmukka alhaalla; Asennuspuoli: Hinterachse; MAZDA: 2 DE; FORD: FIESTA VI,FIESTA VI Van; 1514407, 1527161, 1547176, 1547221, 1555039, 1576245, 1576246, 1682492, 1721234, 1737267, 1737275, 1737276, 1740297, 1740731, 1901216, 8V5118080BC, 8V5118080BD, 8V5118080BE, 8V5118080BF, 8V5118080BH, 8V5118080DA, 8V5118080DB, 8V5118080DC, 8V5118080DE, 8V5118080DF, 8V5118080EA, 8V5118080EB, 8V5118080EC, BE8Z18125A, BE8Z18125B, BV2118080MA, D2BZ18125A, D2BZ18125B, D2BZ18125E, ME8V5J18008AA, BE8Z18125A, BE8Z18125B, D04A2870XE, DF712870XB, DF712870XC, DR612870XD; Iskarit,Iskunvaimennin<\/p>\n","protected":false},"excerpt":{"rendered":"<p>SACHS Iskunvaimentimet 315 150 Iskarit,Iskunvaimennin MAZDA,FORD,2 DE,FIESTA VI,FIESTA VI Van<\/p>\n","protected":false},"featured_media":0,"template":"","meta":{"site-sidebar-layout":"default","site-content-layout":"default","ast-global-header-display":"","ast-main-header-display":"","ast-hfb-above-header-display":"","ast-hfb-below-header-display":"","ast-hfb-mobile-header-display":"","site-post-title":"","ast-breadcrumbs-content":"","ast-featured-img":"","footer-sml-layout":"","theme-transparent-header-meta":"","adv-header-id-meta":"","stick-header-meta":"","header-above-stick-meta":"","header-main-stick-meta":"","header-below-stick-meta":""},"pwb-brand":[91],"product_cat":[80],"product_tag":[],"class_list":{"0":"post-44927","1":"product","2":"type-product","3":"status-publish","5":"pwb-brand-sachs","6":"product_cat-iskunvaimennin","7":"desktop-align-left","8":"tablet-align-left","9":"mobile-align-left","11":"first","12":"instock","13":"product-type-external"},"brands":[{"id":91,"name":"SACHS","slug":"sachs"}],"_links":{"self":[{"href":"https:\/\/www.autonvaraosahaku.fi\/index.php?rest_route=\/wp\/v2\/product\/44927","targetHints":{"allow":["GET"]}}],"collection":[{"href":"https:\/\/www.autonvaraosahaku.fi\/index.php?rest_route=\/wp\/v2\/product"}],"about":[{"href":"https:\/\/www.autonvaraosahaku.fi\/index.php?rest_route=\/wp\/v2\/types\/product"}],"wp:attachment":[{"href":"https:\/\/www.autonvaraosahaku.fi\/index.php?rest_route=%2Fwp%2Fv2%2Fmedia&parent=44927"}],"wp:term":[{"taxonomy":"pwb-brand","embeddable":true,"href":"https:\/\/www.autonvaraosahaku.fi\/index.php?rest_route=%2Fwp%2Fv2%2Fpwb-brand&post=44927"},{"taxonomy":"product_cat","embeddable":true,"href":"https:\/\/www.autonvaraosahaku.fi\/index.php?rest_route=%2Fwp%2Fv2%2Fproduct_cat&post=44927"},{"taxonomy":"product_tag","embeddable":true,"href":"https:\/\/www.autonvaraosahaku.fi\/index.php?rest_route=%2Fwp%2Fv2%2Fproduct_tag&post=44927"}],"curies":[{"name":"wp","href":"https:\/\/api.w.org\/{rel}","templated":true}]}}