{"id":44934,"date":"2021-02-21T17:05:26","date_gmt":"2021-02-21T17:05:26","guid":{"rendered":"https:\/\/www.autonvaraosahaku.fi\/?product=swag-62-93-0400-pyoranpultit"},"modified":"2021-02-21T17:05:29","modified_gmt":"2021-02-21T17:05:29","slug":"swag-62-93-0400-pyoranpultit","status":"publish","type":"product","link":"https:\/\/www.autonvaraosahaku.fi\/?product=swag-62-93-0400-pyoranpultit","title":{"rendered":"SWAG 62 93 0400 Py\u00f6r\u00e4npultit"},"content":{"rendered":"<p>Pituus (mm): 50,5; Ulkol\u00e4pimitta [mm]: 21,0; Ulkokierre [mm]: M12 x 1,25; Kierteen pituus (mm): 24; Laatu \/ luokka: 10.9; Avainv\u00e4li: 17; Ruuvikanta\/mutteriprofiili: Kuusioruuvi \/-mutteri; Py\u00f6r\u00e4n kiinnitys: Kartiolaippa F; Materiaali: Ter\u00e4s; Pinta: Sinkki-liuska-pinnoite; Ruuvin pituus ilman p\u00e4\u00e4t\u00e4: 26; Asennuspuoli: Etuakseli, Taka-akseli; Paino [kg]: 0,06; Huomioi huolto-ohjeet: , ; Moottorinumero: DV6DTEDM; OPEL: ZAFIRA TOURER C P12; TOYOTA: PROACE Bus MPY_,PROACE Kasten MDZ_,PROACE Pritsche\/Fahrgestell MDZ_; FIAT: SCUDO 270_,SCUDO Kasten 270_,SCUDO Pritsche\/Fahrgestell 270_; CITRO\u00cbN: BERLINGO MF,BERLINGO B9,C5 III Break TD_,C4 Picasso I UD_,C4 Grand Picasso I UA_,C4 I LC_,BERLINGO Kasten M_,C5 II Break RE_,C5 I DC_,C5 I Break DE_,C5 III RD_,C4 Coupe LA_,C4 II B7,C5 II RC_,JUMPY,BERLINGO Kasten B9,C6 TD_,JUMPY Kasten,DS4,DS5,C4 Stufenheck L,BERLINGO Pritsche\/Fahrgestell B9,SPACETOURER,C4 Stufenheck N,JUMPY Pritsche\/Fahrgestell; PEUGEOT: 407 SW 6E_,308 SW,308 4A_, 4C_,5008,508 SW,407 6D_,3008,PARTNER Tepee,308 CC,508,407 Coupe 6C_,EXPERT Tepee VF3V_,EXPERT Kasten VF3A_, VF3U_, VF3X_,PARTNER Kasten,EXPERT Pritsche\/Fahrgestell,PARTNER Pritsche\/Fahrgestell,EXPERT Kasten,TRAVELLER; DS: DS 4 \/ DS 4 CROSSBACK; 1608734480, 540572, 9818845080, 1608734480, 540572, 9818845080, 1608734480, 9634648980, 9818845080, 1608734480, 540572, 9818845080, 9818845080; Py\u00f6r\u00e4nruuvi<\/p>\n","protected":false},"excerpt":{"rendered":"<p>SWAG Py\u00f6r\u00e4npultit 62 93 0400 Py\u00f6r\u00e4nruuvi OPEL,TOYOTA,FIAT,ZAFIRA TOURER C P12,PROACE Bus MPY_,PROACE Kasten MDZ_,PROACE Pritsche\/Fahrgestell MDZ_<\/p>\n","protected":false},"featured_media":0,"template":"","meta":{"site-sidebar-layout":"default","site-content-layout":"default","ast-global-header-display":"","ast-main-header-display":"","ast-hfb-above-header-display":"","ast-hfb-below-header-display":"","ast-hfb-mobile-header-display":"","site-post-title":"","ast-breadcrumbs-content":"","ast-featured-img":"","footer-sml-layout":"","theme-transparent-header-meta":"","adv-header-id-meta":"","stick-header-meta":"","header-above-stick-meta":"","header-main-stick-meta":"","header-below-stick-meta":""},"pwb-brand":[103],"product_cat":[51],"product_tag":[],"class_list":{"0":"post-44934","1":"product","2":"type-product","3":"status-publish","5":"pwb-brand-swag","6":"product_cat-pyoranpultit","7":"desktop-align-left","8":"tablet-align-left","9":"mobile-align-left","11":"first","12":"instock","13":"product-type-external"},"brands":[{"id":103,"name":"SWAG","slug":"swag"}],"_links":{"self":[{"href":"https:\/\/www.autonvaraosahaku.fi\/index.php?rest_route=\/wp\/v2\/product\/44934","targetHints":{"allow":["GET"]}}],"collection":[{"href":"https:\/\/www.autonvaraosahaku.fi\/index.php?rest_route=\/wp\/v2\/product"}],"about":[{"href":"https:\/\/www.autonvaraosahaku.fi\/index.php?rest_route=\/wp\/v2\/types\/product"}],"wp:attachment":[{"href":"https:\/\/www.autonvaraosahaku.fi\/index.php?rest_route=%2Fwp%2Fv2%2Fmedia&parent=44934"}],"wp:term":[{"taxonomy":"pwb-brand","embeddable":true,"href":"https:\/\/www.autonvaraosahaku.fi\/index.php?rest_route=%2Fwp%2Fv2%2Fpwb-brand&post=44934"},{"taxonomy":"product_cat","embeddable":true,"href":"https:\/\/www.autonvaraosahaku.fi\/index.php?rest_route=%2Fwp%2Fv2%2Fproduct_cat&post=44934"},{"taxonomy":"product_tag","embeddable":true,"href":"https:\/\/www.autonvaraosahaku.fi\/index.php?rest_route=%2Fwp%2Fv2%2Fproduct_tag&post=44934"}],"curies":[{"name":"wp","href":"https:\/\/api.w.org\/{rel}","templated":true}]}}