{"id":44956,"date":"2021-02-21T17:05:31","date_gmt":"2021-02-21T17:05:31","guid":{"rendered":"https:\/\/www.autonvaraosahaku.fi\/?product=fa1-997-730-100-muut-luokat"},"modified":"2021-02-21T17:05:35","modified_gmt":"2021-02-21T17:05:35","slug":"fa1-997-730-100-muut-luokat","status":"publish","type":"product","link":"https:\/\/www.autonvaraosahaku.fi\/?product=fa1-997-730-100-muut-luokat","title":{"rendered":"FA1 997.730.100 Muut luokat"},"content":{"rendered":"<p>Sis\u00e4l\u00e4pimitta [mm]: 7,0; Ulkol\u00e4pimitta [mm]: 13,5; Paksuus [mm]: 1,0; Tarvittava kappalem\u00e4\u00e4r\u00e4: 4; LADA: NIVA 2121; HYUNDAI: LANTRA II Wagon J-2,LANTRA II J-2; ROVER: 200 RF,200 Hatchback XW,400 Tourer XW,400 XW; SUZUKI: SAMURAI SJ,VITARA ET, TA,VITARA Cabrio ET, TA,BALENO Kombi EG,BALENO EG,BALENO Schr\u00e4gheck EG; FIAT: DUCATO Pritsche\/Fahrgestell 230,DUCATO Bus 230,DUCATO Kasten 230L,ULYSSE 220,SCUDO Kasten 220L,SCUDO Combinato 220P,SCUDO Pritsche\/Fahrgestell 220_; CITRO\u00cbN: BERLINGO MF,BERLINGO Kasten M_,XSARA N1,XSARA Break N2,XSARA Coupe N0,XANTIA X1,EVASION 22, U6,ZX N2,BX XB-_,C25 Bus 280_, 290_,JUMPY U6U,JUMPY Kasten BS_, BT_, BY_, BZ_,JUMPER Kasten 230L,XANTIA Break X1,JUMPER Bus 230P,ZX Break N2,JUMPER Pritsche\/Fahrgestell 230,BX Break XB-_,C25 Kasten 280_, 290_,C15 VD-_,JUMPY Pritsche\/Fahrgestell BU_, BV_, BW_, BX_,C15 Kombi,XSARA Kasten,XSARA Kasten\/Schr\u00e4gheck; PEUGEOT: 306 Schr\u00e4gheck 7A, 7C, N3, N5,406 Break 8E\/F,PARTNER Combispace 5F,205 II 20A\/C,PARTNER Kasten 5,306 Break 7E, N3, N5,406 8B,J5 Pritsche\/Fahrgestell 290L,806 221,BOXER Kasten 230L,306 7B, N3, N5,J5 Kasten 280L,EXPERT Kasten 222,J5 Bus 290P,309 II 3C, 3A,205 I 741A\/C,J5 Kasten 290L,405 I 15B,BOXER Bus 230P,BOXER Pritsche\/Fahrgestell ZCT_,EXPERT 224,405 II 4B,309 I 10C, 10A,306 Van N_, 7_,405 II Break 4E,405 I Break 15E,305 II 581M,305 II Break 581E,EXPERT Pritsche\/Fahrgestell 223,205 Kasten,306 Kasten\/Schr\u00e4gheck; TALBOT: HORIZON; 198102, 198102<\/p>\n","protected":false},"excerpt":{"rendered":"<p>FA1 L\u00e4mp\u00f6suojalevy, Ruiskutusj\u00e4rj. 997.730.100  LADA,HYUNDAI,ROVER,NIVA 2121,LANTRA II Wagon J-2,LANTRA II J-2,200 RF,200 Hatchback XW,400 Tourer XW<\/p>\n","protected":false},"featured_media":0,"template":"","meta":{"site-sidebar-layout":"default","site-content-layout":"default","ast-global-header-display":"","ast-main-header-display":"","ast-hfb-above-header-display":"","ast-hfb-below-header-display":"","ast-hfb-mobile-header-display":"","site-post-title":"","ast-breadcrumbs-content":"","ast-featured-img":"","footer-sml-layout":"","theme-transparent-header-meta":"","adv-header-id-meta":"","stick-header-meta":"","header-above-stick-meta":"","header-main-stick-meta":"","header-below-stick-meta":""},"pwb-brand":[39],"product_cat":[37],"product_tag":[],"class_list":{"0":"post-44956","1":"product","2":"type-product","3":"status-publish","5":"pwb-brand-fa1","6":"product_cat-muut-luokat","7":"desktop-align-left","8":"tablet-align-left","9":"mobile-align-left","11":"first","12":"instock","13":"product-type-external"},"brands":[{"id":39,"name":"FA1","slug":"fa1"}],"_links":{"self":[{"href":"https:\/\/www.autonvaraosahaku.fi\/index.php?rest_route=\/wp\/v2\/product\/44956","targetHints":{"allow":["GET"]}}],"collection":[{"href":"https:\/\/www.autonvaraosahaku.fi\/index.php?rest_route=\/wp\/v2\/product"}],"about":[{"href":"https:\/\/www.autonvaraosahaku.fi\/index.php?rest_route=\/wp\/v2\/types\/product"}],"wp:attachment":[{"href":"https:\/\/www.autonvaraosahaku.fi\/index.php?rest_route=%2Fwp%2Fv2%2Fmedia&parent=44956"}],"wp:term":[{"taxonomy":"pwb-brand","embeddable":true,"href":"https:\/\/www.autonvaraosahaku.fi\/index.php?rest_route=%2Fwp%2Fv2%2Fpwb-brand&post=44956"},{"taxonomy":"product_cat","embeddable":true,"href":"https:\/\/www.autonvaraosahaku.fi\/index.php?rest_route=%2Fwp%2Fv2%2Fproduct_cat&post=44956"},{"taxonomy":"product_tag","embeddable":true,"href":"https:\/\/www.autonvaraosahaku.fi\/index.php?rest_route=%2Fwp%2Fv2%2Fproduct_tag&post=44956"}],"curies":[{"name":"wp","href":"https:\/\/api.w.org\/{rel}","templated":true}]}}