{"id":44957,"date":"2021-02-21T17:05:31","date_gmt":"2021-02-21T17:05:31","guid":{"rendered":"https:\/\/www.autonvaraosahaku.fi\/?product=ridex-123b0082-jarrurumpu"},"modified":"2021-02-21T17:05:35","modified_gmt":"2021-02-21T17:05:35","slug":"ridex-123b0082-jarrurumpu","status":"publish","type":"product","link":"https:\/\/www.autonvaraosahaku.fi\/?product=ridex-123b0082-jarrurumpu","title":{"rendered":"RIDEX 123B0082 Jarrurumpu"},"content":{"rendered":"<p>Jarrurummun sis\u00e4-\u00d8 [mm]: 203,3; J-rumpu sis\u00e4leveys [mm]: 50,5; Korkeus (mm): 76,0; Vanne, aukkoja: 4; Navan l\u00e4pimitta 1 [mm]: 52,0; Jarrurummun ulkol\u00e4pim. [mm]: 237,0; Reik\u00e4ympyr\u00e4-\u00d8 [mm]: 100,0; Korvaava tuote\/korvaava tiedote 2: integroidulla py\u00f6r\u00e4nlaakerilla, sis\u00e4\u00e4nrakennetulla magneetti sensorirenkaalla; Paino [kg]: 6,22; Asennuspuoli: Hinterachse; RENAULT: CLIO III BR0\/1, CR0\/1,MODUS \/ GRAND MODUS F\/JP0_,CLIO Grandtour KR0\/1_,THALIA I LB0\/1\/2_,CLIO III Kasten SB_, SR_,LOGAN I Kombi KS_,LOGAN I LS_; 8200276843, 432021782R, 8200276843, 8200584555<\/p>\n","protected":false},"excerpt":{"rendered":"<p>RIDEX Jarrurumpu 123B0082  RENAULT,CLIO III BR0\/1, CR0\/1,MODUS \/ GRAND MODUS F\/JP0_,CLIO Grandtour KR0\/1_,THALIA I LB0\/1\/2_,CLIO III Kasten SB_, SR_<\/p>\n","protected":false},"featured_media":0,"template":"","meta":{"site-sidebar-layout":"default","site-content-layout":"default","ast-global-header-display":"","ast-main-header-display":"","ast-hfb-above-header-display":"","ast-hfb-below-header-display":"","ast-hfb-mobile-header-display":"","site-post-title":"","ast-breadcrumbs-content":"","ast-featured-img":"","footer-sml-layout":"","theme-transparent-header-meta":"","adv-header-id-meta":"","stick-header-meta":"","header-above-stick-meta":"","header-main-stick-meta":"","header-below-stick-meta":""},"pwb-brand":[157],"product_cat":[304],"product_tag":[],"class_list":{"0":"post-44957","1":"product","2":"type-product","3":"status-publish","5":"pwb-brand-ridex","6":"product_cat-jarrurumpu","7":"desktop-align-left","8":"tablet-align-left","9":"mobile-align-left","11":"first","12":"instock","13":"product-type-external"},"brands":[{"id":157,"name":"RIDEX","slug":"ridex"}],"_links":{"self":[{"href":"https:\/\/www.autonvaraosahaku.fi\/index.php?rest_route=\/wp\/v2\/product\/44957","targetHints":{"allow":["GET"]}}],"collection":[{"href":"https:\/\/www.autonvaraosahaku.fi\/index.php?rest_route=\/wp\/v2\/product"}],"about":[{"href":"https:\/\/www.autonvaraosahaku.fi\/index.php?rest_route=\/wp\/v2\/types\/product"}],"wp:attachment":[{"href":"https:\/\/www.autonvaraosahaku.fi\/index.php?rest_route=%2Fwp%2Fv2%2Fmedia&parent=44957"}],"wp:term":[{"taxonomy":"pwb-brand","embeddable":true,"href":"https:\/\/www.autonvaraosahaku.fi\/index.php?rest_route=%2Fwp%2Fv2%2Fpwb-brand&post=44957"},{"taxonomy":"product_cat","embeddable":true,"href":"https:\/\/www.autonvaraosahaku.fi\/index.php?rest_route=%2Fwp%2Fv2%2Fproduct_cat&post=44957"},{"taxonomy":"product_tag","embeddable":true,"href":"https:\/\/www.autonvaraosahaku.fi\/index.php?rest_route=%2Fwp%2Fv2%2Fproduct_tag&post=44957"}],"curies":[{"name":"wp","href":"https:\/\/api.w.org\/{rel}","templated":true}]}}