{"id":44976,"date":"2021-02-21T17:05:37","date_gmt":"2021-02-21T17:05:37","guid":{"rendered":"https:\/\/www.autonvaraosahaku.fi\/?product=ridex-82b0163-jarrulevyt"},"modified":"2021-02-21T17:05:41","modified_gmt":"2021-02-21T17:05:41","slug":"ridex-82b0163-jarrulevyt","status":"publish","type":"product","link":"https:\/\/www.autonvaraosahaku.fi\/?product=ridex-82b0163-jarrulevyt","title":{"rendered":"RIDEX 82B0163 Jarrulevyt"},"content":{"rendered":"<p>Vanne, aukkoja: 6\/8; L\u00e4pimitta [mm]: 299; Korkeus (mm): 68; Jarrulevytyyppi: Vakiomalli; Jarrulevyn paksuus (mm): 10,5; Kierremitta: 16; V\u00e4himm\u00e4ispaksuus (mm): 8,5; keskitt\u00e4misl\u00e4pimitta [mm]: 105,6; Reik\u00e4ympyr\u00e4-\u00d8 [mm]: 139,5; Sis\u00e4l\u00e4pimitta [mm]: 190; Asennuspuoli: Taka-akseli, Hinterachse; DAEWOO: MUSSO FJ,KORANDO KJ,REXTON GAB_,KORANDO Cabrio KJ; SSANGYONG: REXTON GAB_,MUSSO FJ,KORANDO KJ,MUSSO SPORTS,KORANDO Cabrio KJ; 480105101, 4840105101, 4840105110, 4840105101, 4840105101; Jarrulevy<\/p>\n","protected":false},"excerpt":{"rendered":"<p>RIDEX Jarrulevyt 82B0163 Jarrulevy DAEWOO,SSANGYONG,MUSSO FJ,KORANDO KJ,REXTON GAB_,KORANDO Cabrio KJ,REXTON GAB_,MUSSO FJ,KORANDO KJ,MUSSO SPORTS<\/p>\n","protected":false},"featured_media":0,"template":"","meta":{"site-sidebar-layout":"default","site-content-layout":"default","ast-global-header-display":"","ast-main-header-display":"","ast-hfb-above-header-display":"","ast-hfb-below-header-display":"","ast-hfb-mobile-header-display":"","site-post-title":"","ast-breadcrumbs-content":"","ast-featured-img":"","footer-sml-layout":"","theme-transparent-header-meta":"","adv-header-id-meta":"","stick-header-meta":"","header-above-stick-meta":"","header-main-stick-meta":"","header-below-stick-meta":""},"pwb-brand":[157],"product_cat":[66],"product_tag":[],"class_list":{"0":"post-44976","1":"product","2":"type-product","3":"status-publish","5":"pwb-brand-ridex","6":"product_cat-jarrulevyt","7":"desktop-align-left","8":"tablet-align-left","9":"mobile-align-left","11":"first","12":"instock","13":"product-type-external"},"brands":[{"id":157,"name":"RIDEX","slug":"ridex"}],"_links":{"self":[{"href":"https:\/\/www.autonvaraosahaku.fi\/index.php?rest_route=\/wp\/v2\/product\/44976","targetHints":{"allow":["GET"]}}],"collection":[{"href":"https:\/\/www.autonvaraosahaku.fi\/index.php?rest_route=\/wp\/v2\/product"}],"about":[{"href":"https:\/\/www.autonvaraosahaku.fi\/index.php?rest_route=\/wp\/v2\/types\/product"}],"wp:attachment":[{"href":"https:\/\/www.autonvaraosahaku.fi\/index.php?rest_route=%2Fwp%2Fv2%2Fmedia&parent=44976"}],"wp:term":[{"taxonomy":"pwb-brand","embeddable":true,"href":"https:\/\/www.autonvaraosahaku.fi\/index.php?rest_route=%2Fwp%2Fv2%2Fpwb-brand&post=44976"},{"taxonomy":"product_cat","embeddable":true,"href":"https:\/\/www.autonvaraosahaku.fi\/index.php?rest_route=%2Fwp%2Fv2%2Fproduct_cat&post=44976"},{"taxonomy":"product_tag","embeddable":true,"href":"https:\/\/www.autonvaraosahaku.fi\/index.php?rest_route=%2Fwp%2Fv2%2Fproduct_tag&post=44976"}],"curies":[{"name":"wp","href":"https:\/\/api.w.org\/{rel}","templated":true}]}}