{"id":44998,"date":"2021-02-21T17:05:42","date_gmt":"2021-02-21T17:05:42","guid":{"rendered":"https:\/\/www.autonvaraosahaku.fi\/?product=ridex-123b0009-jarrurumpu"},"modified":"2021-02-21T17:05:46","modified_gmt":"2021-02-21T17:05:46","slug":"ridex-123b0009-jarrurumpu","status":"publish","type":"product","link":"https:\/\/www.autonvaraosahaku.fi\/?product=ridex-123b0009-jarrurumpu","title":{"rendered":"RIDEX 123B0009 Jarrurumpu"},"content":{"rendered":"<p>Akselil\u00e4pimitalle [mm]: 55; Reik\u00e4ympyr\u00e4-\u00d8 [mm]: 100; Korkeus (mm): 76; Rumpul\u00e4pimitta: 234; Reikien m\u00e4\u00e4r\u00e4: 4; Asennusmalli: Poltti\/ruuvi; Jarrurummun sis\u00e4-\u00d8 [mm]: 203; J-rumpu sis\u00e4leveys [mm]: 50,6; Asennuspuoli: Taka-akseli, Hinterachse; Suurin mahdollinen rummun sis\u00e4mitta (mm): 204,45; Kierremitta: M12x1,5; NISSAN: KUBISTAR Kasten X80; RENAULT: KANGOO KC0\/1_,KANGOO Express FC0\/1_; 4320000Q0C, 4320000QAF, 4320000QAG, 7700304984<\/p>\n","protected":false},"excerpt":{"rendered":"<p>RIDEX Jarrurumpu 123B0009  NISSAN,RENAULT,KUBISTAR Kasten X80,KANGOO KC0\/1_,KANGOO Express FC0\/1_<\/p>\n","protected":false},"featured_media":0,"template":"","meta":{"site-sidebar-layout":"default","site-content-layout":"default","ast-global-header-display":"","ast-main-header-display":"","ast-hfb-above-header-display":"","ast-hfb-below-header-display":"","ast-hfb-mobile-header-display":"","site-post-title":"","ast-breadcrumbs-content":"","ast-featured-img":"","footer-sml-layout":"","theme-transparent-header-meta":"","adv-header-id-meta":"","stick-header-meta":"","header-above-stick-meta":"","header-main-stick-meta":"","header-below-stick-meta":""},"pwb-brand":[157],"product_cat":[304],"product_tag":[],"class_list":{"0":"post-44998","1":"product","2":"type-product","3":"status-publish","5":"pwb-brand-ridex","6":"product_cat-jarrurumpu","7":"desktop-align-left","8":"tablet-align-left","9":"mobile-align-left","11":"first","12":"instock","13":"product-type-external"},"brands":[{"id":157,"name":"RIDEX","slug":"ridex"}],"_links":{"self":[{"href":"https:\/\/www.autonvaraosahaku.fi\/index.php?rest_route=\/wp\/v2\/product\/44998","targetHints":{"allow":["GET"]}}],"collection":[{"href":"https:\/\/www.autonvaraosahaku.fi\/index.php?rest_route=\/wp\/v2\/product"}],"about":[{"href":"https:\/\/www.autonvaraosahaku.fi\/index.php?rest_route=\/wp\/v2\/types\/product"}],"wp:attachment":[{"href":"https:\/\/www.autonvaraosahaku.fi\/index.php?rest_route=%2Fwp%2Fv2%2Fmedia&parent=44998"}],"wp:term":[{"taxonomy":"pwb-brand","embeddable":true,"href":"https:\/\/www.autonvaraosahaku.fi\/index.php?rest_route=%2Fwp%2Fv2%2Fpwb-brand&post=44998"},{"taxonomy":"product_cat","embeddable":true,"href":"https:\/\/www.autonvaraosahaku.fi\/index.php?rest_route=%2Fwp%2Fv2%2Fproduct_cat&post=44998"},{"taxonomy":"product_tag","embeddable":true,"href":"https:\/\/www.autonvaraosahaku.fi\/index.php?rest_route=%2Fwp%2Fv2%2Fproduct_tag&post=44998"}],"curies":[{"name":"wp","href":"https:\/\/api.w.org\/{rel}","templated":true}]}}