{"id":45000,"date":"2021-02-21T17:05:48","date_gmt":"2021-02-21T17:05:48","guid":{"rendered":"https:\/\/www.autonvaraosahaku.fi\/?product=ridex-123b0024-jarrurumpu"},"modified":"2021-02-21T17:05:48","modified_gmt":"2021-02-21T17:05:48","slug":"ridex-123b0024-jarrurumpu","status":"publish","type":"product","link":"https:\/\/www.autonvaraosahaku.fi\/?product=ridex-123b0024-jarrurumpu","title":{"rendered":"RIDEX 123B0024 Jarrurumpu"},"content":{"rendered":"<p>Asennuspuoli: Taka-akseli, Hinterachse; Rumpul\u00e4pimitta: 203,0; J-rumpu sis\u00e4leveys [mm]: 44; Reik\u00e4ympyr\u00e4-\u00d8 [mm]: 107,95; Korvaava tuote\/korvaava tiedote 2: ilman py\u00f6r\u00e4nlaakeria, ilman ruuveja, Ilman py\u00f6r\u00e4nkiinnityspultteja, ilman ruuveja, Ilman py\u00f6r\u00e4nkiinnityspultteja; M\u00e4\u00e4r\u00e4tty kiertosuunta: ; ei sidoksissa kulkusuuntaan: ; Jarrurummun ulkol\u00e4pim. [mm]: 243; J-rumpu ulkoleveys [mm]: 81; Reik\u00e4kuvio\/-m\u00e4\u00e4r\u00e4: 04\/04; Suurin mahdollinen rummun sis\u00e4mitta (mm): 204,3; Paino [kg]: 6,28; Sis\u00e4l\u00e4pimitta 2 [mm]: 49,5; Reik\u00e4-\u00d8 [mm]: 12,2; SSANGYONG: ACTYON SPORTS I QJ,ACTYON I; FORD: FOCUS Kombi DNW,FOCUS DAW, DBW,FOCUS Stufenheck DFW; 1M5W1113AA, 3049844, 4145506, 4186874, 4886779, 8S431113AC, 98AB1113BE, 98AB1113BG<\/p>\n","protected":false},"excerpt":{"rendered":"<p>RIDEX Jarrurumpu 123B0024  SSANGYONG,FORD,ACTYON SPORTS I QJ,ACTYON I,FOCUS Kombi DNW,FOCUS DAW, DBW,FOCUS Stufenheck DFW<\/p>\n","protected":false},"featured_media":0,"template":"","meta":{"site-sidebar-layout":"default","site-content-layout":"default","ast-global-header-display":"","ast-main-header-display":"","ast-hfb-above-header-display":"","ast-hfb-below-header-display":"","ast-hfb-mobile-header-display":"","site-post-title":"","ast-breadcrumbs-content":"","ast-featured-img":"","footer-sml-layout":"","theme-transparent-header-meta":"","adv-header-id-meta":"","stick-header-meta":"","header-above-stick-meta":"","header-main-stick-meta":"","header-below-stick-meta":""},"pwb-brand":[157],"product_cat":[304],"product_tag":[],"class_list":{"0":"post-45000","1":"product","2":"type-product","3":"status-publish","5":"pwb-brand-ridex","6":"product_cat-jarrurumpu","7":"desktop-align-left","8":"tablet-align-left","9":"mobile-align-left","11":"first","12":"instock","13":"product-type-external"},"brands":[{"id":157,"name":"RIDEX","slug":"ridex"}],"_links":{"self":[{"href":"https:\/\/www.autonvaraosahaku.fi\/index.php?rest_route=\/wp\/v2\/product\/45000","targetHints":{"allow":["GET"]}}],"collection":[{"href":"https:\/\/www.autonvaraosahaku.fi\/index.php?rest_route=\/wp\/v2\/product"}],"about":[{"href":"https:\/\/www.autonvaraosahaku.fi\/index.php?rest_route=\/wp\/v2\/types\/product"}],"wp:attachment":[{"href":"https:\/\/www.autonvaraosahaku.fi\/index.php?rest_route=%2Fwp%2Fv2%2Fmedia&parent=45000"}],"wp:term":[{"taxonomy":"pwb-brand","embeddable":true,"href":"https:\/\/www.autonvaraosahaku.fi\/index.php?rest_route=%2Fwp%2Fv2%2Fpwb-brand&post=45000"},{"taxonomy":"product_cat","embeddable":true,"href":"https:\/\/www.autonvaraosahaku.fi\/index.php?rest_route=%2Fwp%2Fv2%2Fproduct_cat&post=45000"},{"taxonomy":"product_tag","embeddable":true,"href":"https:\/\/www.autonvaraosahaku.fi\/index.php?rest_route=%2Fwp%2Fv2%2Fproduct_tag&post=45000"}],"curies":[{"name":"wp","href":"https:\/\/api.w.org\/{rel}","templated":true}]}}