{"id":45001,"date":"2021-02-21T17:05:48","date_gmt":"2021-02-21T17:05:48","guid":{"rendered":"https:\/\/www.autonvaraosahaku.fi\/?product=ridex-123b0054-jarrurumpu"},"modified":"2021-02-21T17:05:48","modified_gmt":"2021-02-21T17:05:48","slug":"ridex-123b0054-jarrurumpu","status":"publish","type":"product","link":"https:\/\/www.autonvaraosahaku.fi\/?product=ridex-123b0054-jarrurumpu","title":{"rendered":"RIDEX 123B0054 Jarrurumpu"},"content":{"rendered":"<p>Asennuspuoli: Taka-akseli, Hinterachse; J-rumpu sis\u00e4leveys [mm]: 59,5; M\u00e4\u00e4r\u00e4tty kiertosuunta: ; ei sidoksissa kulkusuuntaan: ; Vanne, aukkoja: 4; J-rumpu ulkoleveys [mm]: 75.5; OPEL: KADETT C Coupe,MANTA B 58_, 59_,KADETT B,KADETT C,OPEL,COMBO 71_,ASCONA B 81_, 86_, 87_, 88_,REKORD E 17_-19_, 11_, 14_, 16_,MANTA A 58_, 59_,REKORD C,ADMIRAL A,KADETT B Coupe,REKORD D,COMMODORE A,COMMODORE A Coupe,KADETT E Caravan 35_, 36_, 45_, 46_,ASCONA A 81_, 86_, 87_, 88_,MANTA B CC 53_, 55_,KADETT C City,REKORD A,REKORD C Coupe,REKORD B,REKORD E Caravan 61_, 66_, 67_,REKORD D Coupe,KADETT C Caravan,KADETT B Caravan,REKORD C Caravan,KADETT D Caravan 35_, 36_, 45_, 46_,REKORD A Coupe,KADETT E Kasten 37_, 47_,REKORD D Caravan,DIPLOMAT A Coupe,REKORD B Coupe,ASCONA A Voyage 84_, 89_,KADETT E Combo 38_, 48_,REKORD B Caravan,OLYMPIA A Coupe,OLYMPIA A; VAUXHALL: CARLTON Mk II Estate,COMBO Mk I B; 568038, 568051, 568056, 90077720, 90077721, 90077722, 90090085, 90135264, 90168426, 90077721, 90077722, 90135264<\/p>\n","protected":false},"excerpt":{"rendered":"<p>RIDEX Jarrurumpu 123B0054  OPEL,VAUXHALL,KADETT C Coupe,MANTA B 58_, 59_,KADETT B,KADETT C,OPEL,COMBO 71_,ASCONA B 81_, 86_, 87_, 88_<\/p>\n","protected":false},"featured_media":0,"template":"","meta":{"site-sidebar-layout":"default","site-content-layout":"default","ast-global-header-display":"","ast-main-header-display":"","ast-hfb-above-header-display":"","ast-hfb-below-header-display":"","ast-hfb-mobile-header-display":"","site-post-title":"","ast-breadcrumbs-content":"","ast-featured-img":"","footer-sml-layout":"","theme-transparent-header-meta":"","adv-header-id-meta":"","stick-header-meta":"","header-above-stick-meta":"","header-main-stick-meta":"","header-below-stick-meta":""},"pwb-brand":[157],"product_cat":[304],"product_tag":[],"class_list":{"0":"post-45001","1":"product","2":"type-product","3":"status-publish","5":"pwb-brand-ridex","6":"product_cat-jarrurumpu","7":"desktop-align-left","8":"tablet-align-left","9":"mobile-align-left","11":"first","12":"instock","13":"product-type-external"},"brands":[{"id":157,"name":"RIDEX","slug":"ridex"}],"_links":{"self":[{"href":"https:\/\/www.autonvaraosahaku.fi\/index.php?rest_route=\/wp\/v2\/product\/45001","targetHints":{"allow":["GET"]}}],"collection":[{"href":"https:\/\/www.autonvaraosahaku.fi\/index.php?rest_route=\/wp\/v2\/product"}],"about":[{"href":"https:\/\/www.autonvaraosahaku.fi\/index.php?rest_route=\/wp\/v2\/types\/product"}],"wp:attachment":[{"href":"https:\/\/www.autonvaraosahaku.fi\/index.php?rest_route=%2Fwp%2Fv2%2Fmedia&parent=45001"}],"wp:term":[{"taxonomy":"pwb-brand","embeddable":true,"href":"https:\/\/www.autonvaraosahaku.fi\/index.php?rest_route=%2Fwp%2Fv2%2Fpwb-brand&post=45001"},{"taxonomy":"product_cat","embeddable":true,"href":"https:\/\/www.autonvaraosahaku.fi\/index.php?rest_route=%2Fwp%2Fv2%2Fproduct_cat&post=45001"},{"taxonomy":"product_tag","embeddable":true,"href":"https:\/\/www.autonvaraosahaku.fi\/index.php?rest_route=%2Fwp%2Fv2%2Fproduct_tag&post=45001"}],"curies":[{"name":"wp","href":"https:\/\/api.w.org\/{rel}","templated":true}]}}