{"id":45009,"date":"2021-02-21T17:05:48","date_gmt":"2021-02-21T17:05:48","guid":{"rendered":"https:\/\/www.autonvaraosahaku.fi\/?product=ridex-830c0033-jaahdytysnesteen-lampotila-anturi"},"modified":"2021-02-21T17:05:50","modified_gmt":"2021-02-21T17:05:50","slug":"ridex-830c0033-jaahdytysnesteen-lampotila-anturi","status":"publish","type":"product","link":"https:\/\/www.autonvaraosahaku.fi\/?product=ridex-830c0033-jaahdytysnesteen-lampotila-anturi","title":{"rendered":"RIDEX 830C0033 J\u00e4\u00e4hdytysnesteen l\u00e4mp\u00f6tila anturi"},"content":{"rendered":"<p>PEUGEOT: 206 Schr\u00e4gheck 2A\/C,206 CC 2D,207 WA_, WC_,307 SW 3H,207 CC WD_,307 CC 3B,307 3A\/C,207 SW WK_,308 SW,206 SW 2E\/K,208,308 4A_, 4C_,5008,307 Break 3E,508 SW,3008,PARTNER Tepee,RCZ,308 CC,1007 KM_,PARTNER Combispace 5F,2008,PARTNER Kasten 5,508,PARTNER Kasten,207 Stufenheck,206 Stufenheck,308 II,301,308 SW II; CITRO\u00cbN: BERLINGO MF,XSARA PICASSO N68,C2 JM_,C3 I FC_,BERLINGO B9,C5 III Break TD_,C4 Picasso I UD_,C4 Grand Picasso I UA_,C4 I LC_,DS3,BERLINGO Kasten M_,C3 Picasso,C5 III RD_,C3 II,C4 Coupe LA_,C3 Pluriel HB_,C4 II B7,BERLINGO Kasten B9,C4 Grand Picasso II,C4 Picasso II,DS4,DS5,C4 Stufenheck L,DS3 Cabriolet,C-ELYSEE; MINI: MINI R56,MINI CLUBMAN R55,MINI Cabriolet R57,MINI Roadster R59; 13627535068, 7535068, 1338F3, 1338F8, 96566364, 9656636480, V7535068, 13627535068, 7535068, 1338F3, 1338F8, 96566364, 9656636480, V7535068; J\u00e4\u00e4hdytysnestel\u00e4mp\u00f6tilan Sensori<\/p>\n","protected":false},"excerpt":{"rendered":"<p>RIDEX J\u00e4\u00e4hdytysnesteen L\u00e4mp\u00f6tila Anturi 830C0033 J\u00e4\u00e4hdytysnestel\u00e4mp\u00f6tilan Sensori PEUGEOT,CITRO\u00cbN,MINI,206 Schr\u00e4gheck 2A\/C,206 CC 2D,207 WA_, WC_<\/p>\n","protected":false},"featured_media":0,"template":"","meta":{"site-sidebar-layout":"default","site-content-layout":"default","ast-global-header-display":"","ast-main-header-display":"","ast-hfb-above-header-display":"","ast-hfb-below-header-display":"","ast-hfb-mobile-header-display":"","site-post-title":"","ast-breadcrumbs-content":"","ast-featured-img":"","footer-sml-layout":"","theme-transparent-header-meta":"","adv-header-id-meta":"","stick-header-meta":"","header-above-stick-meta":"","header-main-stick-meta":"","header-below-stick-meta":""},"pwb-brand":[157],"product_cat":[200],"product_tag":[],"class_list":{"0":"post-45009","1":"product","2":"type-product","3":"status-publish","5":"pwb-brand-ridex","6":"product_cat-jaahdytysnesteen-lampotila-anturi","7":"desktop-align-left","8":"tablet-align-left","9":"mobile-align-left","11":"first","12":"instock","13":"product-type-external"},"brands":[{"id":157,"name":"RIDEX","slug":"ridex"}],"_links":{"self":[{"href":"https:\/\/www.autonvaraosahaku.fi\/index.php?rest_route=\/wp\/v2\/product\/45009","targetHints":{"allow":["GET"]}}],"collection":[{"href":"https:\/\/www.autonvaraosahaku.fi\/index.php?rest_route=\/wp\/v2\/product"}],"about":[{"href":"https:\/\/www.autonvaraosahaku.fi\/index.php?rest_route=\/wp\/v2\/types\/product"}],"wp:attachment":[{"href":"https:\/\/www.autonvaraosahaku.fi\/index.php?rest_route=%2Fwp%2Fv2%2Fmedia&parent=45009"}],"wp:term":[{"taxonomy":"pwb-brand","embeddable":true,"href":"https:\/\/www.autonvaraosahaku.fi\/index.php?rest_route=%2Fwp%2Fv2%2Fpwb-brand&post=45009"},{"taxonomy":"product_cat","embeddable":true,"href":"https:\/\/www.autonvaraosahaku.fi\/index.php?rest_route=%2Fwp%2Fv2%2Fproduct_cat&post=45009"},{"taxonomy":"product_tag","embeddable":true,"href":"https:\/\/www.autonvaraosahaku.fi\/index.php?rest_route=%2Fwp%2Fv2%2Fproduct_tag&post=45009"}],"curies":[{"name":"wp","href":"https:\/\/api.w.org\/{rel}","templated":true}]}}